{"id":33231,"date":"2026-02-27T00:20:30","date_gmt":"2026-02-27T00:20:30","guid":{"rendered":"https:\/\/nordicmart.andreevmaster.com\/product\/songmics-ruokapoydan-tuoli-kasinojilla-pastellinpunainen-vaaleankultainen\/"},"modified":"2026-02-27T09:41:30","modified_gmt":"2026-02-27T09:41:30","slug":"songmics-ruokapoydan-tuoli-kasinojilla-pastellinpunainen-vaaleankultainen","status":"publish","type":"product","link":"https:\/\/nordicmart.andreevmaster.com\/fi\/tuote\/songmics-ruokapoydan-tuoli-kasinojilla-pastellinpunainen-vaaleankultainen\/","title":{"rendered":"SONGMICS ruokap\u00f6yd\u00e4n tuoli k\u00e4sinojilla pastellinpunainen-vaaleankultainen"},"content":{"rendered":"<p>SONGMICS ruokap\u00f6yd\u00e4n tuolit, 2 kpl, nojatuolit, verhoillut tuolit k\u00e4sinojilla, metallijalat, samettiverhoilu, istuimen leveys 49 cm, max. 110 kg, ty\u00f6huoneeseen, olohuoneeseen, makuuhuoneeseen, vaaleanharmaa LDC087G04<br \/>\nV\u00e4ri: pastellinpunainen-vaaleankultainen<br \/>\nMateriaali: jauhemaalatut metallijalat, puulevy, sametti, vaahtomuovipehmuste<br \/>\nKoko: 60 x 62,5 x 85 cm (S x L x K)<br \/>\nIstuinkorkeus: 50 cm<br \/>\nIstuimen leveys: 49 cm<br \/>\nIstuinsyvyys: 44,5 cm<br \/>\nSelk\u00e4nojan korkeus: 39,5 cm<br \/>\nK\u00e4sinojien korkeus (lattiasta): 64 cm<br \/>\nIstuintyynyn paksuus: 7 cm<br \/>\nPaino: 6,5 kg<br \/>\nMaks. staattinen kantavuus: 120 kg<\/p>\n","protected":false},"excerpt":{"rendered":"<p>SONGMICS ruokap\u00f6yd\u00e4n tuolit, 2 kpl, nojatuolit, verhoillut tuolit k\u00e4sinojilla, metallijalat, samettiverhoilu, istuimen leveys 49 cm, max. 110 kg, ty\u00f6huoneeseen, olohuoneeseen, makuuhuoneeseen, vaaleanharmaa LDC087G04<\/p>\n","protected":false},"featured_media":42143,"comment_status":"open","ping_status":"closed","template":"","meta":[],"product_brand":[],"product_cat":[32],"product_tag":[],"class_list":{"0":"post-33231","1":"product","2":"type-product","3":"status-publish","4":"has-post-thumbnail","6":"product_cat-uncategorized-fi","8":"first","9":"instock","10":"shipping-taxable","11":"purchasable","12":"product-type-simple"},"_links":{"self":[{"href":"https:\/\/nordicmart.andreevmaster.com\/fi\/wp-json\/wp\/v2\/product\/33231","targetHints":{"allow":["GET"]}}],"collection":[{"href":"https:\/\/nordicmart.andreevmaster.com\/fi\/wp-json\/wp\/v2\/product"}],"about":[{"href":"https:\/\/nordicmart.andreevmaster.com\/fi\/wp-json\/wp\/v2\/types\/product"}],"replies":[{"embeddable":true,"href":"https:\/\/nordicmart.andreevmaster.com\/fi\/wp-json\/wp\/v2\/comments?post=33231"}],"wp:featuredmedia":[{"embeddable":true,"href":"https:\/\/nordicmart.andreevmaster.com\/fi\/wp-json\/wp\/v2\/media\/42143"}],"wp:attachment":[{"href":"https:\/\/nordicmart.andreevmaster.com\/fi\/wp-json\/wp\/v2\/media?parent=33231"}],"wp:term":[{"taxonomy":"product_brand","embeddable":true,"href":"https:\/\/nordicmart.andreevmaster.com\/fi\/wp-json\/wp\/v2\/product_brand?post=33231"},{"taxonomy":"product_cat","embeddable":true,"href":"https:\/\/nordicmart.andreevmaster.com\/fi\/wp-json\/wp\/v2\/product_cat?post=33231"},{"taxonomy":"product_tag","embeddable":true,"href":"https:\/\/nordicmart.andreevmaster.com\/fi\/wp-json\/wp\/v2\/product_tag?post=33231"}],"curies":[{"name":"wp","href":"https:\/\/api.w.org\/{rel}","templated":true}]}}