{"id":33218,"date":"2026-02-27T00:20:26","date_gmt":"2026-02-27T00:20:26","guid":{"rendered":"https:\/\/nordicmart.andreevmaster.com\/product\/songmics-ruokapoydan-tuoli-kasinojilla-maks-110-kg\/"},"modified":"2026-02-27T09:41:28","modified_gmt":"2026-02-27T09:41:28","slug":"songmics-ruokapoydan-tuoli-kasinojilla-maks-110-kg","status":"publish","type":"product","link":"https:\/\/nordicmart.andreevmaster.com\/fi\/tuote\/songmics-ruokapoydan-tuoli-kasinojilla-maks-110-kg\/","title":{"rendered":"SONGMICS ruokap\u00f6yd\u00e4n tuoli k\u00e4sinojilla, maks. 110 kg"},"content":{"rendered":"<p>Tuotetiedot: V\u00e4ri: harmaa Materiaali: jauhemaalatut metallijalat, puulevy, sametti, vaahtomuovipehmuste Kokonaismitat: 62,5 x 60 x 85 cm (P x L x K) Istuinkorkeus: 50 cm Istuimen leveys: 49 cm Istuimen syvyys: 44,5 cm Selk\u00e4nojan korkeus: 39,5 cm K\u00e4sinojan korkeus: 64 cm Istuintyynyn paksuus: 7 cm Paino: 6,5 kg Maks. staattinen kantavuus: 110 kg Toimitus sis\u00e4lt\u00e4\u00e4: 1 x tuoli 1 x lis\u00e4varustepaketti 1 x ohjeet (DE, EN, FR, ES, IT) SONGMICS-ohjeet:Voit laittaa tuolin alle maton, joka korostaa ruokasalisi tyyli\u00e4 ja samalla suojaa puulattiaasi. \u00c4l\u00e4 altista tuotetta suoralle auringonvalolle. Pid\u00e4 tuote poissa ter\u00e4vien tai ter\u00e4vien esineiden l\u00e4heisyydest\u00e4 vahingoittumisen v\u00e4ltt\u00e4miseksi.\u00c4l\u00e4 nouse tuolille \u00e4l\u00e4k\u00e4 k\u00e4yt\u00e4 sit\u00e4 nousuapuna tai tikkaina. Pyyhi tuoli v\u00e4litt\u00f6m\u00e4sti kuivalla liinalla, jos se on kastunut. Aseta tuoli tasaiselle alustalle.<\/p>\n","protected":false},"excerpt":{"rendered":"<p>SONGMICS ruokap\u00f6yd\u00e4n tuolit, 2 kpl, nojatuolit, verhoillut tuolit k\u00e4sinojilla, metallijalat, samettiverhoilu, istuimen leveys 49 cm, max. 110 kg, ty\u00f6huoneeseen, olohuoneeseen, makuuhuoneeseen, vaaleanharmaa LDC087G04<\/p>\n","protected":false},"featured_media":42130,"comment_status":"open","ping_status":"closed","template":"","meta":[],"product_brand":[],"product_cat":[32],"product_tag":[],"class_list":{"0":"post-33218","1":"product","2":"type-product","3":"status-publish","4":"has-post-thumbnail","6":"product_cat-uncategorized-fi","8":"first","9":"instock","10":"shipping-taxable","11":"purchasable","12":"product-type-simple"},"_links":{"self":[{"href":"https:\/\/nordicmart.andreevmaster.com\/fi\/wp-json\/wp\/v2\/product\/33218","targetHints":{"allow":["GET"]}}],"collection":[{"href":"https:\/\/nordicmart.andreevmaster.com\/fi\/wp-json\/wp\/v2\/product"}],"about":[{"href":"https:\/\/nordicmart.andreevmaster.com\/fi\/wp-json\/wp\/v2\/types\/product"}],"replies":[{"embeddable":true,"href":"https:\/\/nordicmart.andreevmaster.com\/fi\/wp-json\/wp\/v2\/comments?post=33218"}],"wp:featuredmedia":[{"embeddable":true,"href":"https:\/\/nordicmart.andreevmaster.com\/fi\/wp-json\/wp\/v2\/media\/42130"}],"wp:attachment":[{"href":"https:\/\/nordicmart.andreevmaster.com\/fi\/wp-json\/wp\/v2\/media?parent=33218"}],"wp:term":[{"taxonomy":"product_brand","embeddable":true,"href":"https:\/\/nordicmart.andreevmaster.com\/fi\/wp-json\/wp\/v2\/product_brand?post=33218"},{"taxonomy":"product_cat","embeddable":true,"href":"https:\/\/nordicmart.andreevmaster.com\/fi\/wp-json\/wp\/v2\/product_cat?post=33218"},{"taxonomy":"product_tag","embeddable":true,"href":"https:\/\/nordicmart.andreevmaster.com\/fi\/wp-json\/wp\/v2\/product_tag?post=33218"}],"curies":[{"name":"wp","href":"https:\/\/api.w.org\/{rel}","templated":true}]}}