{"id":33211,"date":"2026-02-27T00:20:25","date_gmt":"2026-02-27T00:20:25","guid":{"rendered":"https:\/\/nordicmart.andreevmaster.com\/product\/songmics-2-kpl-vintage-ruokapoydan-tuolit-pu-verhoilu-harmaa\/"},"modified":"2026-02-27T09:41:26","modified_gmt":"2026-02-27T09:41:26","slug":"songmics-2-kpl-vintage-ruokapoydan-tuolit-pu-verhoilu-harmaa","status":"publish","type":"product","link":"https:\/\/nordicmart.andreevmaster.com\/fi\/tuote\/songmics-2-kpl-vintage-ruokapoydan-tuolit-pu-verhoilu-harmaa\/","title":{"rendered":"SONGMICS 2 kpl vintage-ruokap\u00f6yd\u00e4n tuolit, PU-verhoilu, harmaa"},"content":{"rendered":"<p>Kokeile mukavuutta: ergonominen muotoilu, pehme\u00e4 vaahtomuovipehmuste, korkealaatuinen PU-verhoilu ja kest\u00e4v\u00e4t metallijalat \u2013 kaikki n\u00e4m\u00e4 materiaalit muodostavat vankan ja mukavan tuolin. Viel\u00e4 parempaa: tuoli on my\u00f6s kaunis, mik\u00e4 luo miellytt\u00e4v\u00e4n ilmapiirin jokaiseen huoneeseen. Aina vierell\u00e4si: miss\u00e4 tahansa haluat istua ja rentoutua, t\u00e4m\u00e4 pehmustettu tuoli on valmiina sinua varten. Olipa kyseess\u00e4 ruokasali, olohuone, makuuhuone, ty\u00f6huone tai aurinkoa ottaminen parvekkeella, t\u00e4m\u00e4 tuoli sopii aina rentoutumisen hetkiin. Tuotetiedot: V\u00e4ri: Harmaa Materiaali: Jauhemaalatut metallijalat, puulevy, PU, vaahtomuovipehmuste Kokonaismitat: 54 x 57 x 79,5 cm (P x L x K) Istuinkorkeus: 47 cm Istuimen leveys: 46,5 cm Istuimen syvyys: 45,5 cm Selk\u00e4nojan korkeus: 41 cm K\u00e4sinojan korkeus: 61,5 cm Paino: 5,9 kg Maks. staattinen kantavuus: 110 kg Toimitus sis\u00e4lt\u00e4\u00e4: 2 x tuoli 2 x lis\u00e4varustepaketti 2 x ohjeet (DE, EN, FR, ES, IT) SONGMICS Huomautukset: \u00c4l\u00e4 altista tuotetta suoralle auringonvalolle. Pid\u00e4 tuote poissa ter\u00e4vist\u00e4 tai ter\u00e4ksisist\u00e4 esineist\u00e4 vahingoittumisen v\u00e4ltt\u00e4miseksi.\u00c4l\u00e4 nouse tuolille \u00e4l\u00e4k\u00e4 k\u00e4yt\u00e4 sit\u00e4 nousuapuna tai tikkaina. Pyyhi tuoli v\u00e4litt\u00f6m\u00e4sti kuivalla liinalla, jos se on kastunut. Aseta tuoli tasaiselle alustalle. Tuolin alle asetettu matto voi suojata parketin.<\/p>\n","protected":false},"excerpt":{"rendered":"<p>SONGMICS ruokap\u00f6yd\u00e4n tuoli, nojatuoli, pehmustettu tuoli k\u00e4sinojilla, PU-verhoilu, vintage, kantavuus 110 kg, ruokasaliin, olohuoneeseen, makuuhuoneeseen, ruskea LDC085K01<\/p>\n","protected":false},"featured_media":42123,"comment_status":"open","ping_status":"closed","template":"","meta":[],"product_brand":[],"product_cat":[32],"product_tag":[],"class_list":{"0":"post-33211","1":"product","2":"type-product","3":"status-publish","4":"has-post-thumbnail","6":"product_cat-uncategorized-fi","8":"first","9":"instock","10":"shipping-taxable","11":"purchasable","12":"product-type-simple"},"_links":{"self":[{"href":"https:\/\/nordicmart.andreevmaster.com\/fi\/wp-json\/wp\/v2\/product\/33211","targetHints":{"allow":["GET"]}}],"collection":[{"href":"https:\/\/nordicmart.andreevmaster.com\/fi\/wp-json\/wp\/v2\/product"}],"about":[{"href":"https:\/\/nordicmart.andreevmaster.com\/fi\/wp-json\/wp\/v2\/types\/product"}],"replies":[{"embeddable":true,"href":"https:\/\/nordicmart.andreevmaster.com\/fi\/wp-json\/wp\/v2\/comments?post=33211"}],"wp:featuredmedia":[{"embeddable":true,"href":"https:\/\/nordicmart.andreevmaster.com\/fi\/wp-json\/wp\/v2\/media\/42123"}],"wp:attachment":[{"href":"https:\/\/nordicmart.andreevmaster.com\/fi\/wp-json\/wp\/v2\/media?parent=33211"}],"wp:term":[{"taxonomy":"product_brand","embeddable":true,"href":"https:\/\/nordicmart.andreevmaster.com\/fi\/wp-json\/wp\/v2\/product_brand?post=33211"},{"taxonomy":"product_cat","embeddable":true,"href":"https:\/\/nordicmart.andreevmaster.com\/fi\/wp-json\/wp\/v2\/product_cat?post=33211"},{"taxonomy":"product_tag","embeddable":true,"href":"https:\/\/nordicmart.andreevmaster.com\/fi\/wp-json\/wp\/v2\/product_tag?post=33211"}],"curies":[{"name":"wp","href":"https:\/\/api.w.org\/{rel}","templated":true}]}}