{"id":33209,"date":"2026-02-27T00:20:24","date_gmt":"2026-02-27T00:20:24","guid":{"rendered":"https:\/\/nordicmart.andreevmaster.com\/product\/songmics-ruokasalituolit-2-kpl-vihrea\/"},"modified":"2026-02-27T09:41:26","modified_gmt":"2026-02-27T09:41:26","slug":"songmics-ruokasalituolit-2-kpl-vihrea","status":"publish","type":"product","link":"https:\/\/nordicmart.andreevmaster.com\/fi\/tuote\/songmics-ruokasalituolit-2-kpl-vihrea\/","title":{"rendered":"SONGMICS ruokasalituolit, 2 kpl, vihre\u00e4"},"content":{"rendered":"<p>Tyylikkyys ja mukavuus: Kaunis ulkon\u00e4k\u00f6 ei saisi olla t\u00e4rke\u00e4mp\u00e4\u00e4 kuin mukavuus. T\u00e4m\u00e4n 2 samettiverhoillun ruokap\u00f6yd\u00e4n tuolin setin mukana saat 2 modernia lepotuolia, jotka tarjoavat erinomaisen istumamukavuuden.Aina vierell\u00e4si: 5 cm paksu vaahtomuovipehmuste, korkealaatuinen samettiverhoilu, ergonomisesti muotoiltu istuinkuppi \u2013 n\u00e4m\u00e4 verhoillut tuolit ovat vastustamattomia kaikille, jotka etsiv\u00e4t pehme\u00e4\u00e4 ja mukavaa istuinta ruokasaliin. Istuudu yhteen n\u00e4ist\u00e4 tuoleista ja nauti aamulla rauhassa kupillinen kahvia tai kylmi\u00e4 juomia kuumina kes\u00e4p\u00e4ivin\u00e4. Lis\u00e4ksi n\u00e4m\u00e4 keitti\u00f6tuolit on varustettu nelj\u00e4ll\u00e4 tukevalla rautajalalla, jotka takaavat korkean staattisen kantavuuden (jopa 110 kg). Tuotetiedot: V\u00e4ri: vihre\u00e4 Materiaali: jauhemaalattu metalli, polypropeeni (PP), sametti Kokonaismitat: 48,5 x 54 x 79 cm (P x L x K) Istuinkorkeus: 46 cm Istuimen leveys: 48,5 cm Istuimen syvyys: 42 cm Selk\u00e4nojan korkeus: 33 cm Istuintyynyn paksuus: 5 cm Paino per tuoli: 5,5 kg Tuolin maks. staattinen kantavuus: 110 kg Toimitus sis\u00e4lt\u00e4\u00e4: 2 x ruokap\u00f6yd\u00e4n tuoli 2 x lis\u00e4varustepaketti 1 x ohjeet SONGMICSin ohjeet: \u00c4l\u00e4 altista tuotetta suoralle auringonvalolle. Pid\u00e4 tuote poissa ter\u00e4vien tai ter\u00e4vien esineiden l\u00e4heisyydest\u00e4 vahingoittumisen v\u00e4ltt\u00e4miseksi.\u00c4l\u00e4 nouse tuolille \u00e4l\u00e4k\u00e4 k\u00e4yt\u00e4 sit\u00e4 nousuapuna tai tikkaina. Pyyhi tuoli v\u00e4litt\u00f6m\u00e4sti kuivalla liinalla, jos se on kastunut. Aseta tuoli tasaiselle alustalle.<\/p>\n","protected":false},"excerpt":{"rendered":"<p>SONGMICS ruokap\u00f6yd\u00e4n tuolit, 2 kpl, modernit keitti\u00f6tuolit, verhoillut tuolit rautajaloilla, miellytt\u00e4v\u00e4n sile\u00e4 samettipinta, lepotuoli, harmaa LDC84GY<\/p>\n","protected":false},"featured_media":42121,"comment_status":"open","ping_status":"closed","template":"","meta":[],"product_brand":[],"product_cat":[32],"product_tag":[],"class_list":{"0":"post-33209","1":"product","2":"type-product","3":"status-publish","4":"has-post-thumbnail","6":"product_cat-uncategorized-fi","8":"first","9":"instock","10":"shipping-taxable","11":"purchasable","12":"product-type-simple"},"_links":{"self":[{"href":"https:\/\/nordicmart.andreevmaster.com\/fi\/wp-json\/wp\/v2\/product\/33209","targetHints":{"allow":["GET"]}}],"collection":[{"href":"https:\/\/nordicmart.andreevmaster.com\/fi\/wp-json\/wp\/v2\/product"}],"about":[{"href":"https:\/\/nordicmart.andreevmaster.com\/fi\/wp-json\/wp\/v2\/types\/product"}],"replies":[{"embeddable":true,"href":"https:\/\/nordicmart.andreevmaster.com\/fi\/wp-json\/wp\/v2\/comments?post=33209"}],"wp:featuredmedia":[{"embeddable":true,"href":"https:\/\/nordicmart.andreevmaster.com\/fi\/wp-json\/wp\/v2\/media\/42121"}],"wp:attachment":[{"href":"https:\/\/nordicmart.andreevmaster.com\/fi\/wp-json\/wp\/v2\/media?parent=33209"}],"wp:term":[{"taxonomy":"product_brand","embeddable":true,"href":"https:\/\/nordicmart.andreevmaster.com\/fi\/wp-json\/wp\/v2\/product_brand?post=33209"},{"taxonomy":"product_cat","embeddable":true,"href":"https:\/\/nordicmart.andreevmaster.com\/fi\/wp-json\/wp\/v2\/product_cat?post=33209"},{"taxonomy":"product_tag","embeddable":true,"href":"https:\/\/nordicmart.andreevmaster.com\/fi\/wp-json\/wp\/v2\/product_tag?post=33209"}],"curies":[{"name":"wp","href":"https:\/\/api.w.org\/{rel}","templated":true}]}}