{"id":33207,"date":"2026-02-27T00:20:24","date_gmt":"2026-02-27T00:20:24","guid":{"rendered":"https:\/\/nordicmart.andreevmaster.com\/product\/songmics-ruokapoydan-tuolit-2-kpl-metallijalat\/"},"modified":"2026-02-27T09:41:26","modified_gmt":"2026-02-27T09:41:26","slug":"songmics-ruokapoydan-tuolit-2-kpl-metallijalat","status":"publish","type":"product","link":"https:\/\/nordicmart.andreevmaster.com\/fi\/tuote\/songmics-ruokapoydan-tuolit-2-kpl-metallijalat\/","title":{"rendered":"SONGMICS ruokap\u00f6yd\u00e4n tuolit, 2 kpl, metallijalat"},"content":{"rendered":"<p>Mitk\u00e4 ovat uuden tuolisi t\u00e4rkeimm\u00e4t edut? Mukavuus? Kyll\u00e4! Ergonominen muotoilu, 7 cm paksu pehmustettu istuin ja pehme\u00e4 samettiverhoilu takaavat paremman mukavuuden. Vakaus? Tietenkin! Tukevat metallijalat ja s\u00e4\u00e4dett\u00e4v\u00e4t jalat takaavat turvallisuuden. Helppo asentaa? Kirist\u00e4 vain 5 ruuvia ja valmista! Eik\u00e4 siin\u00e4 viel\u00e4 kaikki: kauniin ulkon\u00e4k\u00f6ns\u00e4 ansiosta t\u00e4m\u00e4 tuoli sopii mihin tahansa huoneeseen! Tuotetiedot: V\u00e4ri: harmaa-kultainen Materiaali: metallijalat, puulevy, samettiverhoilu, vaahtomuovipehmuste Koko: 62,5 x 60 x 85 cm (P x L x K) Istuinkorkeus: 50 cm Istuimen leveys: 49 cm Istuimen syvyys: 44,5 cm Selk\u00e4nojan korkeus: 39,5 cm K\u00e4sinojan korkeus (lattiasta): 64 cm Istuintyynyn paksuus: 7 cm Paino: 6,5 kg Maks. staattinen kantavuus: 110 kg Toimitus sis\u00e4lt\u00e4\u00e4: 2 x tuoli 2 x lis\u00e4varustepaketti 2 x ohjeet SONGMICSin ohjeet: \u00c4l\u00e4 nouse tuolille \u00e4l\u00e4k\u00e4 k\u00e4yt\u00e4 sit\u00e4 nousuapuna tai tikkaina.Pyyhi tuoli v\u00e4litt\u00f6m\u00e4sti kuivalla liinalla, jos se on kastunut. Aseta tuoli tasaiselle alustalle. Tuolin alle asetettu matto voi suojata parketin.<\/p>\n","protected":false},"excerpt":{"rendered":"<p>SONGMICS ruokap\u00f6yd\u00e4n tuolit, 2 kpl, nojatuolit, verhoillut tuolit k\u00e4sinojilla, metallijalat, samettiverhoilu, istuimen leveys 49 cm, max. 110 kg, ty\u00f6huoneeseen, olohuoneeseen, makuuhuoneeseen, vaaleanharmaa LDC087G04<\/p>\n","protected":false},"featured_media":42119,"comment_status":"open","ping_status":"closed","template":"","meta":[],"product_brand":[],"product_cat":[32],"product_tag":[],"class_list":{"0":"post-33207","1":"product","2":"type-product","3":"status-publish","4":"has-post-thumbnail","6":"product_cat-uncategorized-fi","8":"first","9":"instock","10":"shipping-taxable","11":"purchasable","12":"product-type-simple"},"_links":{"self":[{"href":"https:\/\/nordicmart.andreevmaster.com\/fi\/wp-json\/wp\/v2\/product\/33207","targetHints":{"allow":["GET"]}}],"collection":[{"href":"https:\/\/nordicmart.andreevmaster.com\/fi\/wp-json\/wp\/v2\/product"}],"about":[{"href":"https:\/\/nordicmart.andreevmaster.com\/fi\/wp-json\/wp\/v2\/types\/product"}],"replies":[{"embeddable":true,"href":"https:\/\/nordicmart.andreevmaster.com\/fi\/wp-json\/wp\/v2\/comments?post=33207"}],"wp:featuredmedia":[{"embeddable":true,"href":"https:\/\/nordicmart.andreevmaster.com\/fi\/wp-json\/wp\/v2\/media\/42119"}],"wp:attachment":[{"href":"https:\/\/nordicmart.andreevmaster.com\/fi\/wp-json\/wp\/v2\/media?parent=33207"}],"wp:term":[{"taxonomy":"product_brand","embeddable":true,"href":"https:\/\/nordicmart.andreevmaster.com\/fi\/wp-json\/wp\/v2\/product_brand?post=33207"},{"taxonomy":"product_cat","embeddable":true,"href":"https:\/\/nordicmart.andreevmaster.com\/fi\/wp-json\/wp\/v2\/product_cat?post=33207"},{"taxonomy":"product_tag","embeddable":true,"href":"https:\/\/nordicmart.andreevmaster.com\/fi\/wp-json\/wp\/v2\/product_tag?post=33207"}],"curies":[{"name":"wp","href":"https:\/\/api.w.org\/{rel}","templated":true}]}}