{"id":33202,"date":"2026-02-27T00:20:23","date_gmt":"2026-02-27T00:20:23","guid":{"rendered":"https:\/\/nordicmart.andreevmaster.com\/product\/songmics-ruokapoydan-tuolit-4-kpl-selkanojalla\/"},"modified":"2026-02-27T09:41:25","modified_gmt":"2026-02-27T09:41:25","slug":"songmics-ruokapoydan-tuolit-4-kpl-selkanojalla","status":"publish","type":"product","link":"https:\/\/nordicmart.andreevmaster.com\/fi\/tuote\/songmics-ruokapoydan-tuolit-4-kpl-selkanojalla\/","title":{"rendered":"SONGMICS ruokap\u00f6yd\u00e4n tuolit, 4 kpl, selk\u00e4nojalla"},"content":{"rendered":"<p>Kokeile mukavuutta: ergonominen muotoilu, paksu vaahtomuovipehmuste, korkealaatuinen PU-verhoilu ja kest\u00e4v\u00e4t metallijalat \u2013 n\u00e4m\u00e4 elementit luovat vankan ja mukavan tuolin. Viel\u00e4 parempaa: tuoli on my\u00f6s kaunis, mik\u00e4 luo miellytt\u00e4v\u00e4n ilmapiirin jokaiseen huoneeseen.Aina vierell\u00e4si: miss\u00e4 tahansa haluat istua ja rentoutua, t\u00e4m\u00e4 pehmustettu tuoli on valmiina sinua varten. Olipa kyseess\u00e4 ruokasali, olohuone, makuuhuone, ty\u00f6huone tai aurinkoa ottava parveke, t\u00e4m\u00e4 tuoli sopii aina rentoutumisen hetkiin. Tuotetiedot: &#8211; V\u00e4ri: harmaa &#8211; Materiaali: metallijalat, puulevy, PU, vaahtomuovipehmuste &#8211; Koko per tuoli: 47,5 x 56 x 78,5 cm (P x L x K) &#8211; Istuinkorkeus: 46 cm &#8211; Istuimen leveys: 47,5 cm &#8211; Istuimen syvyys: 39 cm &#8211; Selk\u00e4nojan korkeus: 37 cm &#8211; Paino per tuoli: 5,2 kg &#8211; Maks. staattinen kantavuus per tuoli: 110 kg Toimitus sis\u00e4lt\u00e4\u00e4:- 4 x tuoli &#8211; 4 x lis\u00e4varustepaketti &#8211; 1 x ohjeet SONGMICSin ohjeet: &#8211; \u00c4l\u00e4 nouse tuolille \u00e4l\u00e4k\u00e4 k\u00e4yt\u00e4 sit\u00e4 nousuapuna tai tikkaina. &#8211; Pyyhi tuoli v\u00e4litt\u00f6m\u00e4sti kuivalla liinalla, jos se on kastunut. &#8211; Aseta tuoli tasaiselle alustalle.- Tuolin alle asetettu matto suojaa parketilattiaasi.<\/p>\n","protected":false},"excerpt":{"rendered":"<p>SONGMICS ruokasalituolit 2 kpl, keitti\u00f6tuolit, verhoillut tuolit, vedenkest\u00e4v\u00e4t, helppohoitoiset, keinonahkaverhoilu, olohuoneeseen, makuuhuoneeseen, harmaa LDC074G01<\/p>\n","protected":false},"featured_media":42114,"comment_status":"open","ping_status":"closed","template":"","meta":[],"product_brand":[],"product_cat":[32],"product_tag":[],"class_list":{"0":"post-33202","1":"product","2":"type-product","3":"status-publish","4":"has-post-thumbnail","6":"product_cat-uncategorized-fi","8":"first","9":"instock","10":"shipping-taxable","11":"purchasable","12":"product-type-simple"},"_links":{"self":[{"href":"https:\/\/nordicmart.andreevmaster.com\/fi\/wp-json\/wp\/v2\/product\/33202","targetHints":{"allow":["GET"]}}],"collection":[{"href":"https:\/\/nordicmart.andreevmaster.com\/fi\/wp-json\/wp\/v2\/product"}],"about":[{"href":"https:\/\/nordicmart.andreevmaster.com\/fi\/wp-json\/wp\/v2\/types\/product"}],"replies":[{"embeddable":true,"href":"https:\/\/nordicmart.andreevmaster.com\/fi\/wp-json\/wp\/v2\/comments?post=33202"}],"wp:featuredmedia":[{"embeddable":true,"href":"https:\/\/nordicmart.andreevmaster.com\/fi\/wp-json\/wp\/v2\/media\/42114"}],"wp:attachment":[{"href":"https:\/\/nordicmart.andreevmaster.com\/fi\/wp-json\/wp\/v2\/media?parent=33202"}],"wp:term":[{"taxonomy":"product_brand","embeddable":true,"href":"https:\/\/nordicmart.andreevmaster.com\/fi\/wp-json\/wp\/v2\/product_brand?post=33202"},{"taxonomy":"product_cat","embeddable":true,"href":"https:\/\/nordicmart.andreevmaster.com\/fi\/wp-json\/wp\/v2\/product_cat?post=33202"},{"taxonomy":"product_tag","embeddable":true,"href":"https:\/\/nordicmart.andreevmaster.com\/fi\/wp-json\/wp\/v2\/product_tag?post=33202"}],"curies":[{"name":"wp","href":"https:\/\/api.w.org\/{rel}","templated":true}]}}