{"id":33198,"date":"2026-02-27T00:20:22","date_gmt":"2026-02-27T00:20:22","guid":{"rendered":"https:\/\/nordicmart.andreevmaster.com\/product\/songmics-ruokapoydan-tuoli-verhoiltu-harmaalla-sametilla\/"},"modified":"2026-02-27T09:41:24","modified_gmt":"2026-02-27T09:41:24","slug":"songmics-ruokapoydan-tuoli-verhoiltu-harmaalla-sametilla","status":"publish","type":"product","link":"https:\/\/nordicmart.andreevmaster.com\/fi\/tuote\/songmics-ruokapoydan-tuoli-verhoiltu-harmaalla-sametilla\/","title":{"rendered":"SONGMICS ruokap\u00f6yd\u00e4n tuoli, verhoiltu harmaalla sametilla"},"content":{"rendered":"<p>Kokeile mukavuutta: ergonominen muotoilu, 8 cm paksu vaahtomuovipehmuste, korkealaatuinen samettiverhoilu ja kest\u00e4v\u00e4t, jopa 110 kg:n painon kest\u00e4v\u00e4t metallijalat \u2013 n\u00e4m\u00e4 elementit luovat vankan ja mukavan tuolin. Viel\u00e4 parempaa: tuoli on my\u00f6s kaunis, mik\u00e4 luo miellytt\u00e4v\u00e4n ilmapiirin jokaiseen huoneeseen. Aina vierell\u00e4si: miss\u00e4 tahansa haluat istua ja rentoutua, t\u00e4m\u00e4 tuoli on valmiina sinua varten. Olipa kyseess\u00e4 ruokasali, olohuone, makuuhuone, ty\u00f6huone tai aurinkoa ottava parveke, t\u00e4m\u00e4 tuoli sopii aina rentoutumisen hetkiin. Tuotetiedot:V\u00e4ri: Harmaa Materiaali: Metallijalat, puulevy, sametti, vaahtomuovipehmuste Koko: 61 x 60 x 86,5 cm (P x L x K) Istuinkorkeus: 50 cm Istuimen leveys: 44 cm Istuimen syvyys: 44 cm Selk\u00e4nojan korkeus: 46,5 cm K\u00e4sinojan korkeus (lattiasta): 68,5 cm Paino: 6,5 kg Maks. staattinen kantavuus: 110 kg Toimitus sis\u00e4lt\u00e4\u00e4: 1 x tuoli 1 x lis\u00e4varustepaketti 1 x ohjeet SONGMICSin ohjeet: \u00c4l\u00e4 nouse tuolille \u00e4l\u00e4k\u00e4 k\u00e4yt\u00e4 sit\u00e4 nousuapuna tai tikkaina. Pyyhi tuoli v\u00e4litt\u00f6m\u00e4sti kuivalla liinalla, jos se on kastunut.Aseta tuoli tasaiselle alustalle. Tuolin alle asetettu matto voi suojata parketin.<\/p>\n","protected":false},"excerpt":{"rendered":"<p>SONGMICS ruokap\u00f6yd\u00e4n tuoli, keitti\u00f6n tuoli, verhoiltu tuoli, metallijalat, korkea selk\u00e4noja, samettiverhoilu, olohuoneeseen, makuuhuoneeseen, ruokailuhuoneeseen, harmaa LDC071G01<\/p>\n","protected":false},"featured_media":42110,"comment_status":"open","ping_status":"closed","template":"","meta":[],"product_brand":[],"product_cat":[32],"product_tag":[],"class_list":{"0":"post-33198","1":"product","2":"type-product","3":"status-publish","4":"has-post-thumbnail","6":"product_cat-uncategorized-fi","8":"first","9":"instock","10":"shipping-taxable","11":"purchasable","12":"product-type-simple"},"_links":{"self":[{"href":"https:\/\/nordicmart.andreevmaster.com\/fi\/wp-json\/wp\/v2\/product\/33198","targetHints":{"allow":["GET"]}}],"collection":[{"href":"https:\/\/nordicmart.andreevmaster.com\/fi\/wp-json\/wp\/v2\/product"}],"about":[{"href":"https:\/\/nordicmart.andreevmaster.com\/fi\/wp-json\/wp\/v2\/types\/product"}],"replies":[{"embeddable":true,"href":"https:\/\/nordicmart.andreevmaster.com\/fi\/wp-json\/wp\/v2\/comments?post=33198"}],"wp:featuredmedia":[{"embeddable":true,"href":"https:\/\/nordicmart.andreevmaster.com\/fi\/wp-json\/wp\/v2\/media\/42110"}],"wp:attachment":[{"href":"https:\/\/nordicmart.andreevmaster.com\/fi\/wp-json\/wp\/v2\/media?parent=33198"}],"wp:term":[{"taxonomy":"product_brand","embeddable":true,"href":"https:\/\/nordicmart.andreevmaster.com\/fi\/wp-json\/wp\/v2\/product_brand?post=33198"},{"taxonomy":"product_cat","embeddable":true,"href":"https:\/\/nordicmart.andreevmaster.com\/fi\/wp-json\/wp\/v2\/product_cat?post=33198"},{"taxonomy":"product_tag","embeddable":true,"href":"https:\/\/nordicmart.andreevmaster.com\/fi\/wp-json\/wp\/v2\/product_tag?post=33198"}],"curies":[{"name":"wp","href":"https:\/\/api.w.org\/{rel}","templated":true}]}}