{"id":33193,"date":"2026-02-27T00:20:21","date_gmt":"2026-02-27T00:20:21","guid":{"rendered":"https:\/\/nordicmart.andreevmaster.com\/product\/songmics-ruokapoydan-tuoli-kasinojilla-ja-selkanojalla\/"},"modified":"2026-02-27T09:41:23","modified_gmt":"2026-02-27T09:41:23","slug":"songmics-ruokapoydan-tuoli-kasinojilla-ja-selkanojalla","status":"publish","type":"product","link":"https:\/\/nordicmart.andreevmaster.com\/fi\/tuote\/songmics-ruokapoydan-tuoli-kasinojilla-ja-selkanojalla\/","title":{"rendered":"SONGMICS ruokap\u00f6yd\u00e4n tuoli k\u00e4sinojilla ja selk\u00e4nojalla"},"content":{"rendered":"<p>Kokeile mukavuutta Ergonominen muotoilu, paksu vaahtomuovipehmuste, korkealaatuinen samettiverhoilu ja kest\u00e4v\u00e4t metallijalat \u2013 n\u00e4m\u00e4 elementit luovat vankan ja mukavan tuolin. Viel\u00e4 parempaa: tuoli on my\u00f6s kaunis, mik\u00e4 luo miellytt\u00e4v\u00e4n ilmapiirin jokaiseen huoneeseen. Aina vierell\u00e4si Miss\u00e4 tahansa haluat istua ja rentoutua, t\u00e4m\u00e4 pehmustettu tuoli on valmiina sinua varten. Olipa kyseess\u00e4 ruokasali, olohuone, makuuhuone, ty\u00f6huone tai aurinkoa ottava parveke, t\u00e4m\u00e4 tuoli sopii aina rentoutumisen hetkiin. Tuotetiedot: &#8211; V\u00e4ri: vihre\u00e4 &#8211; Materiaali: metallijalat, puulevy, sametti, vaahtomuovipehmuste &#8211; Koko: 59,5 x 58 x 88 cm (P x L x K) &#8211; Istuinkorkeus: 49,5 cm &#8211; Istuimen leveys: 41,5 cm &#8211; Istuimen syvyys: 46 cm &#8211; Selk\u00e4nojan korkeus: 43,5 cm &#8211; K\u00e4sinojan korkeus (lattiasta): 70 cm &#8211; Paino: 8,3 kg &#8211; Maks. staattinen kantavuus: 110 kg Toimitus sis\u00e4lt\u00e4\u00e4: &#8211; 1 x tuoli &#8211; 1 x lis\u00e4varustepaketti &#8211; 1 x ohjeet SONGMICSin ohjeet:- \u00c4l\u00e4 nouse tuolille \u00e4l\u00e4k\u00e4 k\u00e4yt\u00e4 sit\u00e4 nousuapuna tai tikkaina. &#8211; Pyyhi tuoli v\u00e4litt\u00f6m\u00e4sti kuivalla liinalla, jos se on kastunut. &#8211; Aseta tuoli tasaiselle alustalle. &#8211; Tuolin alle asetettu matto voi suojata parketin.<\/p>\n","protected":false},"excerpt":{"rendered":"<p>SONGMICS ruokasalituoli, keitti\u00f6tuoli, verhoiltu tuoli, samettiverhoilu, 41,5 cm leve\u00e4 istuin, ruokasaliin, keitti\u00f6\u00f6n, olohuoneeseen, makuuhuoneeseen, harmaa LDC070G01<\/p>\n","protected":false},"featured_media":42105,"comment_status":"open","ping_status":"closed","template":"","meta":[],"product_brand":[],"product_cat":[32],"product_tag":[],"class_list":{"0":"post-33193","1":"product","2":"type-product","3":"status-publish","4":"has-post-thumbnail","6":"product_cat-uncategorized-fi","8":"first","9":"instock","10":"shipping-taxable","11":"purchasable","12":"product-type-simple"},"_links":{"self":[{"href":"https:\/\/nordicmart.andreevmaster.com\/fi\/wp-json\/wp\/v2\/product\/33193","targetHints":{"allow":["GET"]}}],"collection":[{"href":"https:\/\/nordicmart.andreevmaster.com\/fi\/wp-json\/wp\/v2\/product"}],"about":[{"href":"https:\/\/nordicmart.andreevmaster.com\/fi\/wp-json\/wp\/v2\/types\/product"}],"replies":[{"embeddable":true,"href":"https:\/\/nordicmart.andreevmaster.com\/fi\/wp-json\/wp\/v2\/comments?post=33193"}],"wp:featuredmedia":[{"embeddable":true,"href":"https:\/\/nordicmart.andreevmaster.com\/fi\/wp-json\/wp\/v2\/media\/42105"}],"wp:attachment":[{"href":"https:\/\/nordicmart.andreevmaster.com\/fi\/wp-json\/wp\/v2\/media?parent=33193"}],"wp:term":[{"taxonomy":"product_brand","embeddable":true,"href":"https:\/\/nordicmart.andreevmaster.com\/fi\/wp-json\/wp\/v2\/product_brand?post=33193"},{"taxonomy":"product_cat","embeddable":true,"href":"https:\/\/nordicmart.andreevmaster.com\/fi\/wp-json\/wp\/v2\/product_cat?post=33193"},{"taxonomy":"product_tag","embeddable":true,"href":"https:\/\/nordicmart.andreevmaster.com\/fi\/wp-json\/wp\/v2\/product_tag?post=33193"}],"curies":[{"name":"wp","href":"https:\/\/api.w.org\/{rel}","templated":true}]}}