{"id":33192,"date":"2026-02-27T00:20:20","date_gmt":"2026-02-27T00:20:20","guid":{"rendered":"https:\/\/nordicmart.andreevmaster.com\/product\/songmics-baarituolit-selkanojalla-2-kpl\/"},"modified":"2026-02-27T09:41:23","modified_gmt":"2026-02-27T09:41:23","slug":"songmics-baarituolit-selkanojalla-2-kpl","status":"publish","type":"product","link":"https:\/\/nordicmart.andreevmaster.com\/fi\/tuote\/songmics-baarituolit-selkanojalla-2-kpl\/","title":{"rendered":"SONGMICS baarituolit selk\u00e4nojalla, 2 kpl"},"content":{"rendered":"<p>Tuotetiedot: &#8211; V\u00e4ri: harmaa &#8211; Materiaali: puuvilla-pellavaseos, vaahtomuovipehmuste, massiivipuujalat &#8211; Koko per tuoli: 44,5 x 54 x 107 cm (P x L x K) &#8211; Paino per tuoli: 7,5 kg &#8211; Maks. staattinen kantavuus per tuoli: 110 kg Toimitus sis\u00e4lt\u00e4\u00e4:- 2 x baarituoli &#8211; 2 x lis\u00e4varustepaketti &#8211; 1 x ohjeet SONGMICS Huomautukset: &#8211; \u00c4l\u00e4 k\u00e4yt\u00e4 t\u00e4t\u00e4 tuotetta nousuapuna tai tikkaina. &#8211; Aseta t\u00e4m\u00e4 tuote tasaiselle alustalle.<\/p>\n","protected":false},"excerpt":{"rendered":"<p>SONGMICS baarituoli, 2 kpl, baarituolit, jakkarat, keitti\u00f6tuolit, istumakorkeus 76 cm, massiivipuujalat, metallinen jalkatuki, selk\u00e4noja, puuvilla-pellavaseosverhoilu, harmaa LDC036G01<\/p>\n","protected":false},"featured_media":42104,"comment_status":"open","ping_status":"closed","template":"","meta":[],"product_brand":[],"product_cat":[32],"product_tag":[],"class_list":{"0":"post-33192","1":"product","2":"type-product","3":"status-publish","4":"has-post-thumbnail","6":"product_cat-uncategorized-fi","8":"first","9":"instock","10":"shipping-taxable","11":"purchasable","12":"product-type-simple"},"_links":{"self":[{"href":"https:\/\/nordicmart.andreevmaster.com\/fi\/wp-json\/wp\/v2\/product\/33192","targetHints":{"allow":["GET"]}}],"collection":[{"href":"https:\/\/nordicmart.andreevmaster.com\/fi\/wp-json\/wp\/v2\/product"}],"about":[{"href":"https:\/\/nordicmart.andreevmaster.com\/fi\/wp-json\/wp\/v2\/types\/product"}],"replies":[{"embeddable":true,"href":"https:\/\/nordicmart.andreevmaster.com\/fi\/wp-json\/wp\/v2\/comments?post=33192"}],"wp:featuredmedia":[{"embeddable":true,"href":"https:\/\/nordicmart.andreevmaster.com\/fi\/wp-json\/wp\/v2\/media\/42104"}],"wp:attachment":[{"href":"https:\/\/nordicmart.andreevmaster.com\/fi\/wp-json\/wp\/v2\/media?parent=33192"}],"wp:term":[{"taxonomy":"product_brand","embeddable":true,"href":"https:\/\/nordicmart.andreevmaster.com\/fi\/wp-json\/wp\/v2\/product_brand?post=33192"},{"taxonomy":"product_cat","embeddable":true,"href":"https:\/\/nordicmart.andreevmaster.com\/fi\/wp-json\/wp\/v2\/product_cat?post=33192"},{"taxonomy":"product_tag","embeddable":true,"href":"https:\/\/nordicmart.andreevmaster.com\/fi\/wp-json\/wp\/v2\/product_tag?post=33192"}],"curies":[{"name":"wp","href":"https:\/\/api.w.org\/{rel}","templated":true}]}}