{"id":33191,"date":"2026-02-27T00:20:20","date_gmt":"2026-02-27T00:20:20","guid":{"rendered":"https:\/\/nordicmart.andreevmaster.com\/product\/songmics-pehmustetut-ruokapoydan-tuolit-2-kpl\/"},"modified":"2026-02-27T09:41:23","modified_gmt":"2026-02-27T09:41:23","slug":"songmics-pehmustetut-ruokapoydan-tuolit-2-kpl","status":"publish","type":"product","link":"https:\/\/nordicmart.andreevmaster.com\/fi\/tuote\/songmics-pehmustetut-ruokapoydan-tuolit-2-kpl\/","title":{"rendered":"SONGMICS Pehmustetut ruokap\u00f6yd\u00e4n tuolit, 2 kpl"},"content":{"rendered":"<p>Tyylik\u00e4s, mutta my\u00f6s mukava: Tyylikk\u00e4iden huonekalujen valinnassa ei pid\u00e4 unohtaa mukavuutta. Ruokap\u00f6yd\u00e4n tuolisetti tuo tyylikk\u00e4\u00e4ll\u00e4 ulkon\u00e4\u00f6ll\u00e4\u00e4n ja mukavalla istuimellaan ripauksen glamouria kotiisi ja luo kodikkaan tunnelman. Tuotetiedot:- V\u00e4ri: vaaleanharmaa &#8211; Materiaali: puuvilla-pellavaseos, vaahtomuovipehmuste, massiivipuujalat &#8211; Koko per tuoli: 43 x 59 x 93 cm (P x L x K) &#8211; Paino per tuoli: 5,2 kg &#8211; Maks. staattinen kantavuus per tuoli: 110 kg Toimitus sis\u00e4lt\u00e4\u00e4:- 2 x ruokap\u00f6yd\u00e4n tuoli &#8211; 2 x lis\u00e4varustepaketti &#8211; 1 x ohjeet SONGMICSin huomautukset: &#8211; \u00c4l\u00e4 k\u00e4yt\u00e4 t\u00e4t\u00e4 tuotetta nousuapuna tai tikkaina. &#8211; Aseta t\u00e4m\u00e4 tuote tasaiselle alustalle.<\/p>\n","protected":false},"excerpt":{"rendered":"<p>SONGMICS ruokap\u00f6yd\u00e4n tuolit, 2 kpl, keitti\u00f6tuolit, verhoillut tuolit, massiivipuujalat, korkea selk\u00e4noja, puuvilla-pellavaseosverhoilu, vaaleanharmaa LDC027G01<\/p>\n","protected":false},"featured_media":42103,"comment_status":"open","ping_status":"closed","template":"","meta":[],"product_brand":[],"product_cat":[32],"product_tag":[],"class_list":{"0":"post-33191","1":"product","2":"type-product","3":"status-publish","4":"has-post-thumbnail","6":"product_cat-uncategorized-fi","8":"first","9":"instock","10":"shipping-taxable","11":"purchasable","12":"product-type-simple"},"_links":{"self":[{"href":"https:\/\/nordicmart.andreevmaster.com\/fi\/wp-json\/wp\/v2\/product\/33191","targetHints":{"allow":["GET"]}}],"collection":[{"href":"https:\/\/nordicmart.andreevmaster.com\/fi\/wp-json\/wp\/v2\/product"}],"about":[{"href":"https:\/\/nordicmart.andreevmaster.com\/fi\/wp-json\/wp\/v2\/types\/product"}],"replies":[{"embeddable":true,"href":"https:\/\/nordicmart.andreevmaster.com\/fi\/wp-json\/wp\/v2\/comments?post=33191"}],"wp:featuredmedia":[{"embeddable":true,"href":"https:\/\/nordicmart.andreevmaster.com\/fi\/wp-json\/wp\/v2\/media\/42103"}],"wp:attachment":[{"href":"https:\/\/nordicmart.andreevmaster.com\/fi\/wp-json\/wp\/v2\/media?parent=33191"}],"wp:term":[{"taxonomy":"product_brand","embeddable":true,"href":"https:\/\/nordicmart.andreevmaster.com\/fi\/wp-json\/wp\/v2\/product_brand?post=33191"},{"taxonomy":"product_cat","embeddable":true,"href":"https:\/\/nordicmart.andreevmaster.com\/fi\/wp-json\/wp\/v2\/product_cat?post=33191"},{"taxonomy":"product_tag","embeddable":true,"href":"https:\/\/nordicmart.andreevmaster.com\/fi\/wp-json\/wp\/v2\/product_tag?post=33191"}],"curies":[{"name":"wp","href":"https:\/\/api.w.org\/{rel}","templated":true}]}}