{"id":33190,"date":"2026-02-27T00:20:20","date_gmt":"2026-02-27T00:20:20","guid":{"rendered":"https:\/\/nordicmart.andreevmaster.com\/product\/songmics-poytalevy-sahkoiseen-tyopoytaan-valkoinen\/"},"modified":"2026-02-27T09:41:22","modified_gmt":"2026-02-27T09:41:22","slug":"songmics-poytalevy-sahkoiseen-tyopoytaan-valkoinen","status":"publish","type":"product","link":"https:\/\/nordicmart.andreevmaster.com\/fi\/tuote\/songmics-poytalevy-sahkoiseen-tyopoytaan-valkoinen\/","title":{"rendered":"SONGMICS p\u00f6yt\u00e4levy s\u00e4hk\u00f6iseen ty\u00f6p\u00f6yt\u00e4\u00e4n, valkoinen"},"content":{"rendered":"<p>Tuotetiedot: V\u00e4ri: valkoinen Materiaali: MDF (keskitihe\u00e4 kuitulevy), melamiinipinnoite, PVC-tiivistys Koko: 140 x 70 x 1,8 cm (P x L x K) Paino: 13 kg Toimitus sis\u00e4lt\u00e4\u00e4: 1 x p\u00f6yt\u00e4levy SONGMICS-s\u00e4hk\u00f6iseen p\u00f6yt\u00e4telineeseen 1 x ohjeet<\/p>\n","protected":false},"excerpt":{"rendered":"<p>SONGMICS p\u00f6yt\u00e4levy s\u00e4hk\u00f6iseen ty\u00f6p\u00f6yt\u00e4\u00e4n, p\u00f6yt\u00e4levy sileill\u00e4 reunoilla, melamiinipinnoite, MDF, 140 x 70 x 1,8 cm, vintage-ruskea LDB002B01<\/p>\n","protected":false},"featured_media":42102,"comment_status":"open","ping_status":"closed","template":"","meta":[],"product_brand":[],"product_cat":[32],"product_tag":[],"class_list":{"0":"post-33190","1":"product","2":"type-product","3":"status-publish","4":"has-post-thumbnail","6":"product_cat-uncategorized-fi","8":"first","9":"instock","10":"shipping-taxable","11":"purchasable","12":"product-type-simple"},"_links":{"self":[{"href":"https:\/\/nordicmart.andreevmaster.com\/fi\/wp-json\/wp\/v2\/product\/33190","targetHints":{"allow":["GET"]}}],"collection":[{"href":"https:\/\/nordicmart.andreevmaster.com\/fi\/wp-json\/wp\/v2\/product"}],"about":[{"href":"https:\/\/nordicmart.andreevmaster.com\/fi\/wp-json\/wp\/v2\/types\/product"}],"replies":[{"embeddable":true,"href":"https:\/\/nordicmart.andreevmaster.com\/fi\/wp-json\/wp\/v2\/comments?post=33190"}],"wp:featuredmedia":[{"embeddable":true,"href":"https:\/\/nordicmart.andreevmaster.com\/fi\/wp-json\/wp\/v2\/media\/42102"}],"wp:attachment":[{"href":"https:\/\/nordicmart.andreevmaster.com\/fi\/wp-json\/wp\/v2\/media?parent=33190"}],"wp:term":[{"taxonomy":"product_brand","embeddable":true,"href":"https:\/\/nordicmart.andreevmaster.com\/fi\/wp-json\/wp\/v2\/product_brand?post=33190"},{"taxonomy":"product_cat","embeddable":true,"href":"https:\/\/nordicmart.andreevmaster.com\/fi\/wp-json\/wp\/v2\/product_cat?post=33190"},{"taxonomy":"product_tag","embeddable":true,"href":"https:\/\/nordicmart.andreevmaster.com\/fi\/wp-json\/wp\/v2\/product_tag?post=33190"}],"curies":[{"name":"wp","href":"https:\/\/api.w.org\/{rel}","templated":true}]}}