{"id":33189,"date":"2026-02-27T00:20:20","date_gmt":"2026-02-27T00:20:20","guid":{"rendered":"https:\/\/nordicmart.andreevmaster.com\/product\/poytalevy-sahkoiseen-tyopoytaan-valkoinen\/"},"modified":"2026-02-27T09:41:22","modified_gmt":"2026-02-27T09:41:22","slug":"poytalevy-sahkoiseen-tyopoytaan-valkoinen","status":"publish","type":"product","link":"https:\/\/nordicmart.andreevmaster.com\/fi\/tuote\/poytalevy-sahkoiseen-tyopoytaan-valkoinen\/","title":{"rendered":"P\u00f6yt\u00e4levy s\u00e4hk\u00f6iseen ty\u00f6p\u00f6yt\u00e4\u00e4n, valkoinen"},"content":{"rendered":"<p>Tuotetiedot: V\u00e4ri: Valkoinen Materiaali: MDF (keskitihe\u00e4 kuitulevy), melamiinipinnoite, PVC-saumamassa Koko: 140 x 70 x 1,8 cm (P x L x K) Paino: 13 kg Toimitus sis\u00e4lt\u00e4\u00e4: 1 x p\u00f6yt\u00e4levy SONGMICS-s\u00e4hk\u00f6p\u00f6yt\u00e4telineeseen 1 x k\u00e4ytt\u00f6ohje<\/p>\n","protected":false},"excerpt":{"rendered":"<p>Tuotetiedot: V\u00e4ri: Valkoinen Materiaali: MDF (keskitihe\u00e4 kuitulevy), melamiinipinnoite, PVC-saumamassa Koko: 140 x 70 x 1,8 cm (P x L x K) Paino: 13 kg Toimitus sis\u00e4lt\u00e4\u00e4: 1 x p\u00f6yt\u00e4levy SONGMICS-s\u00e4hk\u00f6p\u00f6yt\u00e4telineeseen 1 x k\u00e4ytt\u00f6ohje<\/p>\n","protected":false},"featured_media":0,"comment_status":"open","ping_status":"closed","template":"","meta":[],"product_brand":[],"product_cat":[32],"product_tag":[],"class_list":{"0":"post-33189","1":"product","2":"type-product","3":"status-publish","5":"product_cat-uncategorized-fi","7":"first","8":"instock","9":"shipping-taxable","10":"product-type-simple"},"_links":{"self":[{"href":"https:\/\/nordicmart.andreevmaster.com\/fi\/wp-json\/wp\/v2\/product\/33189","targetHints":{"allow":["GET"]}}],"collection":[{"href":"https:\/\/nordicmart.andreevmaster.com\/fi\/wp-json\/wp\/v2\/product"}],"about":[{"href":"https:\/\/nordicmart.andreevmaster.com\/fi\/wp-json\/wp\/v2\/types\/product"}],"replies":[{"embeddable":true,"href":"https:\/\/nordicmart.andreevmaster.com\/fi\/wp-json\/wp\/v2\/comments?post=33189"}],"wp:attachment":[{"href":"https:\/\/nordicmart.andreevmaster.com\/fi\/wp-json\/wp\/v2\/media?parent=33189"}],"wp:term":[{"taxonomy":"product_brand","embeddable":true,"href":"https:\/\/nordicmart.andreevmaster.com\/fi\/wp-json\/wp\/v2\/product_brand?post=33189"},{"taxonomy":"product_cat","embeddable":true,"href":"https:\/\/nordicmart.andreevmaster.com\/fi\/wp-json\/wp\/v2\/product_cat?post=33189"},{"taxonomy":"product_tag","embeddable":true,"href":"https:\/\/nordicmart.andreevmaster.com\/fi\/wp-json\/wp\/v2\/product_tag?post=33189"}],"curies":[{"name":"wp","href":"https:\/\/api.w.org\/{rel}","templated":true}]}}