{"id":33187,"date":"2026-02-27T00:20:19","date_gmt":"2026-02-27T00:20:19","guid":{"rendered":"https:\/\/nordicmart.andreevmaster.com\/product\/poytalevy-sahkopoydalle-poytalevy-sileilla-reunoilla-melamiinipinnoite-mdf-140-x-70-x-18-cm-vintage-brown-ldb002b01\/"},"modified":"2026-02-27T09:41:22","modified_gmt":"2026-02-27T09:41:22","slug":"poytalevy-sahkopoydalle-poytalevy-sileilla-reunoilla-melamiinipinnoite-mdf-140-x-70-x-18-cm-vintage-brown-ldb002b01","status":"publish","type":"product","link":"https:\/\/nordicmart.andreevmaster.com\/fi\/tuote\/poytalevy-sahkopoydalle-poytalevy-sileilla-reunoilla-melamiinipinnoite-mdf-140-x-70-x-18-cm-vintage-brown-ldb002b01\/","title":{"rendered":"P\u00f6yt\u00e4levy s\u00e4hk\u00f6p\u00f6yd\u00e4lle, p\u00f6yt\u00e4levy sileill\u00e4 reunoilla, melamiinipinnoite, MDF, 140 x 70 x 1,8 cm, Vintage Brown LDB002B01"},"content":{"rendered":"<p>Ty\u00f6tilaa ei ole tarpeeksi? \u00c4l\u00e4 huoli! T\u00e4m\u00e4 ruskea p\u00f6yt\u00e4levy puukuviolla tuo ripauksen vintage-glamouria ty\u00f6huoneeseesi tai toimistoosi ja tekee ty\u00f6paikastasi tyylikk\u00e4\u00e4mm\u00e4n. <\/p>\n<p>Kest\u00e4\u00e4 vuosia: P\u00f6yt\u00e4levy on valmistettu kest\u00e4v\u00e4st\u00e4 keskitihe\u00e4st\u00e4 kuitulevyst\u00e4. Erinomaisen kest\u00e4vyytens\u00e4 ansiosta t\u00e4m\u00e4 kest\u00e4v\u00e4 ty\u00f6p\u00f6yt\u00e4 palvelee sinua monien vuosien ajan.<\/p>\n<p>K\u00e4yt\u00e4nn\u00f6lliset yksityiskohdat: Sis\u00e4\u00e4nrakennetut ruuvit takaavat helpon asennuksen. Esiporatut rei\u00e4t on sovitettu asennettavaksi Songmicsin s\u00e4hk\u00f6iseen p\u00f6yt\u00e4telineeseen.<\/p>\n<p>Turvallisuus on etusijalla: p\u00f6yd\u00e4n pinnan reunat on sinet\u00f6ity PVC:ll\u00e4, mik\u00e4 tekee niist\u00e4 sile\u00e4t ja miellytt\u00e4v\u00e4t. K\u00e4tesi ovat suojassa mahdollisilta ep\u00e4tasaisuuksilta. <\/p>\n<p>Haluatko sijoittaa n\u00e4yt\u00f6n vasemmalle vai oikealle? Tarjoamme sinulle molemmat vaihtoehdot. P\u00f6yt\u00e4levyn 2 rei\u00e4n ansiosta voit aina pit\u00e4\u00e4 kaapelit j\u00e4rjestyksess\u00e4. Tuotetiedot: V\u00e4ri: Vintage-ruskea Materiaali: MDF (keskitihe\u00e4 kuitulevy), melamiinipinnoite, PVC-saumausmassa Koko: 140 x 70 x 1,8 cm (P x L x K) Paino: 13 kg Toimitus sis\u00e4lt\u00e4\u00e4: 1 x p\u00f6yt\u00e4levy SONGMICS-s\u00e4hk\u00f6p\u00f6yt\u00e4telineelle 1 x k\u00e4ytt\u00f6ohje (DE, EN, IT, ES, FR)<\/p>\n","protected":false},"excerpt":{"rendered":"<p>Ty\u00f6tilaa ei ole tarpeeksi? \u00c4l\u00e4 huoli! T\u00e4m\u00e4 ruskea p\u00f6yt\u00e4levy puukuviolla tuo ripauksen vintage-glamouria ty\u00f6huoneeseesi tai toimistoosi ja tekee ty\u00f6paikastasi tyylikk\u00e4\u00e4mm\u00e4n. Kest\u00e4\u00e4 vuosia: P\u00f6yt\u00e4levy on valmistettu kest\u00e4v\u00e4st\u00e4 keskitihe\u00e4st\u00e4 kuitulevyst\u00e4. Erinomaisen kest\u00e4vyytens\u00e4 ansiosta t\u00e4m\u00e4 kest\u00e4v\u00e4 ty\u00f6p\u00f6yt\u00e4 palvelee sinua monien vuosien ajan. K\u00e4yt\u00e4nn\u00f6lliset yksityiskohdat: Sis\u00e4\u00e4nrakennetut ruuvit takaavat helpon asennuksen. Esiporatut rei\u00e4t on sovitettu asennettavaksi Songmicsin s\u00e4hk\u00f6iseen p\u00f6yt\u00e4telineeseen. Turvallisuus [&hellip;]<\/p>\n","protected":false},"featured_media":0,"comment_status":"open","ping_status":"closed","template":"","meta":[],"product_brand":[],"product_cat":[32],"product_tag":[],"class_list":{"0":"post-33187","1":"product","2":"type-product","3":"status-publish","5":"product_cat-uncategorized-fi","7":"first","8":"instock","9":"shipping-taxable","10":"product-type-simple"},"_links":{"self":[{"href":"https:\/\/nordicmart.andreevmaster.com\/fi\/wp-json\/wp\/v2\/product\/33187","targetHints":{"allow":["GET"]}}],"collection":[{"href":"https:\/\/nordicmart.andreevmaster.com\/fi\/wp-json\/wp\/v2\/product"}],"about":[{"href":"https:\/\/nordicmart.andreevmaster.com\/fi\/wp-json\/wp\/v2\/types\/product"}],"replies":[{"embeddable":true,"href":"https:\/\/nordicmart.andreevmaster.com\/fi\/wp-json\/wp\/v2\/comments?post=33187"}],"wp:attachment":[{"href":"https:\/\/nordicmart.andreevmaster.com\/fi\/wp-json\/wp\/v2\/media?parent=33187"}],"wp:term":[{"taxonomy":"product_brand","embeddable":true,"href":"https:\/\/nordicmart.andreevmaster.com\/fi\/wp-json\/wp\/v2\/product_brand?post=33187"},{"taxonomy":"product_cat","embeddable":true,"href":"https:\/\/nordicmart.andreevmaster.com\/fi\/wp-json\/wp\/v2\/product_cat?post=33187"},{"taxonomy":"product_tag","embeddable":true,"href":"https:\/\/nordicmart.andreevmaster.com\/fi\/wp-json\/wp\/v2\/product_tag?post=33187"}],"curies":[{"name":"wp","href":"https:\/\/api.w.org\/{rel}","templated":true}]}}