{"id":33178,"date":"2026-02-27T00:20:17","date_gmt":"2026-02-27T00:20:17","guid":{"rendered":"https:\/\/nordicmart.andreevmaster.com\/product\/vasagle-sohvapoyta-olohuoneen-poyta-korkeussaadettava-poytalevy\/"},"modified":"2026-02-27T09:41:20","modified_gmt":"2026-02-27T09:41:20","slug":"vasagle-sohvapoyta-olohuoneen-poyta-korkeussaadettava-poytalevy","status":"publish","type":"product","link":"https:\/\/nordicmart.andreevmaster.com\/fi\/tuote\/vasagle-sohvapoyta-olohuoneen-poyta-korkeussaadettava-poytalevy\/","title":{"rendered":"VASAGLE Sohvap\u00f6yt\u00e4, olohuoneen p\u00f6yt\u00e4, korkeuss\u00e4\u00e4dett\u00e4v\u00e4 p\u00f6yt\u00e4levy"},"content":{"rendered":"<p>Sohvap\u00f6yt\u00e4, olohuoneen p\u00f6yt\u00e4, korkeuss\u00e4\u00e4dett\u00e4v\u00e4 p\u00f6yt\u00e4levy, kahvip\u00f6yt\u00e4 laatikoilla, vintage-ruskea-mustanmusta<br \/>\nTuotetiedot:<br \/>\n&#8211; V\u00e4ri: antrasiitinharmaa-mustanmusta<br \/>\n&#8211; Materiaali: lastulevy, ter\u00e4s<br \/>\n&#8211; Koko: 50 x 100 cm (syvyys x leveys)<br \/>\n&#8211; Korkeus: 48\u201363 cm<br \/>\n&#8211; Paino: 25,6 kg<br \/>\n&#8211; P\u00f6yt\u00e4levyn maks. staattinen kantavuus nostettuna: 20 kg<br \/>\n&#8211; Maks. staattinen kokonaiskuormitus: 136 kg<\/p>\n<p>Toimitus sis\u00e4lt\u00e4\u00e4:<br \/>\n&#8211; 1 x sohvap\u00f6yt\u00e4<br \/>\n&#8211; 1 x lis\u00e4varustepaketti<br \/>\n&#8211; 1 x ohjeet<\/p>\n<p>Huomautukset:<br \/>\n&#8211; P\u00f6yt\u00e4levyn suurin staattinen kantavuus nostettuna on 20 kg. \u00c4l\u00e4 ylit\u00e4 t\u00e4t\u00e4 enimm\u00e4ispainoa.<\/p>\n","protected":false},"excerpt":{"rendered":"<p>Sohvap\u00f6yt\u00e4, olohuoneen p\u00f6yt\u00e4, korkeuss\u00e4\u00e4dett\u00e4v\u00e4 p\u00f6yt\u00e4levy, kahvip\u00f6yt\u00e4 laatikoilla, vintage-ruskea-mustanmusta<\/p>\n","protected":false},"featured_media":42093,"comment_status":"open","ping_status":"closed","template":"","meta":[],"product_brand":[],"product_cat":[32],"product_tag":[],"class_list":{"0":"post-33178","1":"product","2":"type-product","3":"status-publish","4":"has-post-thumbnail","6":"product_cat-uncategorized-fi","8":"first","9":"instock","10":"shipping-taxable","11":"purchasable","12":"product-type-simple"},"_links":{"self":[{"href":"https:\/\/nordicmart.andreevmaster.com\/fi\/wp-json\/wp\/v2\/product\/33178","targetHints":{"allow":["GET"]}}],"collection":[{"href":"https:\/\/nordicmart.andreevmaster.com\/fi\/wp-json\/wp\/v2\/product"}],"about":[{"href":"https:\/\/nordicmart.andreevmaster.com\/fi\/wp-json\/wp\/v2\/types\/product"}],"replies":[{"embeddable":true,"href":"https:\/\/nordicmart.andreevmaster.com\/fi\/wp-json\/wp\/v2\/comments?post=33178"}],"wp:featuredmedia":[{"embeddable":true,"href":"https:\/\/nordicmart.andreevmaster.com\/fi\/wp-json\/wp\/v2\/media\/42093"}],"wp:attachment":[{"href":"https:\/\/nordicmart.andreevmaster.com\/fi\/wp-json\/wp\/v2\/media?parent=33178"}],"wp:term":[{"taxonomy":"product_brand","embeddable":true,"href":"https:\/\/nordicmart.andreevmaster.com\/fi\/wp-json\/wp\/v2\/product_brand?post=33178"},{"taxonomy":"product_cat","embeddable":true,"href":"https:\/\/nordicmart.andreevmaster.com\/fi\/wp-json\/wp\/v2\/product_cat?post=33178"},{"taxonomy":"product_tag","embeddable":true,"href":"https:\/\/nordicmart.andreevmaster.com\/fi\/wp-json\/wp\/v2\/product_tag?post=33178"}],"curies":[{"name":"wp","href":"https:\/\/api.w.org\/{rel}","templated":true}]}}