{"id":33175,"date":"2026-02-27T00:20:16","date_gmt":"2026-02-27T00:20:16","guid":{"rendered":"https:\/\/nordicmart.andreevmaster.com\/product\/vasagle-sohvapoyta-korkeussaadettava-poytalevy-kahvipoyta\/"},"modified":"2026-02-27T09:41:20","modified_gmt":"2026-02-27T09:41:20","slug":"vasagle-sohvapoyta-korkeussaadettava-poytalevy-kahvipoyta","status":"publish","type":"product","link":"https:\/\/nordicmart.andreevmaster.com\/fi\/tuote\/vasagle-sohvapoyta-korkeussaadettava-poytalevy-kahvipoyta\/","title":{"rendered":"VASAGLE sohvap\u00f6yt\u00e4, korkeuss\u00e4\u00e4dett\u00e4v\u00e4 p\u00f6yt\u00e4levy, kahvip\u00f6yt\u00e4"},"content":{"rendered":"<p>Sohvap\u00f6yt\u00e4, korkeuss\u00e4\u00e4dett\u00e4v\u00e4 p\u00f6yt\u00e4levy, kahvip\u00f6yt\u00e4, tilava, olohuoneen p\u00f6yt\u00e4, 60 x 100 x (48-62) cm, lumivalkoinen<br \/>\nTekniset tiedot:<\/p>\n<p>&#8211; Mitat: 60 x 100 x (48-62) cm (S x L x K)<br \/>\n&#8211; Paino: 29,2 kg<br \/>\n&#8211; Maks. staattinen kokonaiskantavuus: 91 kg<br \/>\n&#8211; Materiaali: lastulevy, ter\u00e4s<br \/>\n&#8211; V\u00e4ri: harmaa-musta<\/p>\n","protected":false},"excerpt":{"rendered":"<p>Sohvap\u00f6yt\u00e4, korkeuss\u00e4\u00e4dett\u00e4v\u00e4 p\u00f6yt\u00e4levy, kahvip\u00f6yt\u00e4, tilava, olohuoneen p\u00f6yt\u00e4, 60 x 100 x (48-62) cm, lumivalkoinen<\/p>\n","protected":false},"featured_media":42090,"comment_status":"open","ping_status":"closed","template":"","meta":[],"product_brand":[],"product_cat":[32],"product_tag":[],"class_list":{"0":"post-33175","1":"product","2":"type-product","3":"status-publish","4":"has-post-thumbnail","6":"product_cat-uncategorized-fi","8":"first","9":"instock","10":"shipping-taxable","11":"purchasable","12":"product-type-simple"},"_links":{"self":[{"href":"https:\/\/nordicmart.andreevmaster.com\/fi\/wp-json\/wp\/v2\/product\/33175","targetHints":{"allow":["GET"]}}],"collection":[{"href":"https:\/\/nordicmart.andreevmaster.com\/fi\/wp-json\/wp\/v2\/product"}],"about":[{"href":"https:\/\/nordicmart.andreevmaster.com\/fi\/wp-json\/wp\/v2\/types\/product"}],"replies":[{"embeddable":true,"href":"https:\/\/nordicmart.andreevmaster.com\/fi\/wp-json\/wp\/v2\/comments?post=33175"}],"wp:featuredmedia":[{"embeddable":true,"href":"https:\/\/nordicmart.andreevmaster.com\/fi\/wp-json\/wp\/v2\/media\/42090"}],"wp:attachment":[{"href":"https:\/\/nordicmart.andreevmaster.com\/fi\/wp-json\/wp\/v2\/media?parent=33175"}],"wp:term":[{"taxonomy":"product_brand","embeddable":true,"href":"https:\/\/nordicmart.andreevmaster.com\/fi\/wp-json\/wp\/v2\/product_brand?post=33175"},{"taxonomy":"product_cat","embeddable":true,"href":"https:\/\/nordicmart.andreevmaster.com\/fi\/wp-json\/wp\/v2\/product_cat?post=33175"},{"taxonomy":"product_tag","embeddable":true,"href":"https:\/\/nordicmart.andreevmaster.com\/fi\/wp-json\/wp\/v2\/product_tag?post=33175"}],"curies":[{"name":"wp","href":"https:\/\/api.w.org\/{rel}","templated":true}]}}