{"id":33171,"date":"2026-02-27T00:20:15","date_gmt":"2026-02-27T00:20:15","guid":{"rendered":"https:\/\/nordicmart.andreevmaster.com\/product\/vasagle-olohuoneen-poyta-lasilevylla-ja-helppo-asentaa\/"},"modified":"2026-02-27T09:41:19","modified_gmt":"2026-02-27T09:41:19","slug":"vasagle-olohuoneen-poyta-lasilevylla-ja-helppo-asentaa","status":"publish","type":"product","link":"https:\/\/nordicmart.andreevmaster.com\/fi\/tuote\/vasagle-olohuoneen-poyta-lasilevylla-ja-helppo-asentaa\/","title":{"rendered":"VASAGLE olohuoneen p\u00f6yt\u00e4 lasilevyll\u00e4 ja helppo asentaa"},"content":{"rendered":"<p>Sohvap\u00f6yt\u00e4, olohuoneen p\u00f6yt\u00e4, sohvap\u00f6yt\u00e4, olohuoneeseen, lasilevyll\u00e4, paljon s\u00e4ilytystilaa, helppo koota, marmorivalkoinen-mustanmusta<br \/>\nV\u00e4ri: marmorivalkoinen-mustanmusta<br \/>\nMateriaali: lastulevy, karkaistu lasi, ter\u00e4s<br \/>\nKoko (s\u00e4\u00e4dett\u00e4vill\u00e4 jaloilla): 65 x 46 cm (\u00d8 x H)<br \/>\nPaino: 9,5 kg<br \/>\nMaks. staattinen kantavuus: 30 kg<\/p>\n","protected":false},"excerpt":{"rendered":"<p>Sohvap\u00f6yt\u00e4, olohuoneen p\u00f6yt\u00e4, sohvap\u00f6yt\u00e4, olohuoneeseen, lasilevyll\u00e4, paljon s\u00e4ilytystilaa, helppo koota, marmorivalkoinen-mustanmusta<\/p>\n","protected":false},"featured_media":42087,"comment_status":"open","ping_status":"closed","template":"","meta":[],"product_brand":[],"product_cat":[32],"product_tag":[],"class_list":{"0":"post-33171","1":"product","2":"type-product","3":"status-publish","4":"has-post-thumbnail","6":"product_cat-uncategorized-fi","8":"first","9":"instock","10":"shipping-taxable","11":"purchasable","12":"product-type-simple"},"_links":{"self":[{"href":"https:\/\/nordicmart.andreevmaster.com\/fi\/wp-json\/wp\/v2\/product\/33171","targetHints":{"allow":["GET"]}}],"collection":[{"href":"https:\/\/nordicmart.andreevmaster.com\/fi\/wp-json\/wp\/v2\/product"}],"about":[{"href":"https:\/\/nordicmart.andreevmaster.com\/fi\/wp-json\/wp\/v2\/types\/product"}],"replies":[{"embeddable":true,"href":"https:\/\/nordicmart.andreevmaster.com\/fi\/wp-json\/wp\/v2\/comments?post=33171"}],"wp:featuredmedia":[{"embeddable":true,"href":"https:\/\/nordicmart.andreevmaster.com\/fi\/wp-json\/wp\/v2\/media\/42087"}],"wp:attachment":[{"href":"https:\/\/nordicmart.andreevmaster.com\/fi\/wp-json\/wp\/v2\/media?parent=33171"}],"wp:term":[{"taxonomy":"product_brand","embeddable":true,"href":"https:\/\/nordicmart.andreevmaster.com\/fi\/wp-json\/wp\/v2\/product_brand?post=33171"},{"taxonomy":"product_cat","embeddable":true,"href":"https:\/\/nordicmart.andreevmaster.com\/fi\/wp-json\/wp\/v2\/product_cat?post=33171"},{"taxonomy":"product_tag","embeddable":true,"href":"https:\/\/nordicmart.andreevmaster.com\/fi\/wp-json\/wp\/v2\/product_tag?post=33171"}],"curies":[{"name":"wp","href":"https:\/\/api.w.org\/{rel}","templated":true}]}}