{"id":33167,"date":"2026-02-27T00:20:14","date_gmt":"2026-02-27T00:20:14","guid":{"rendered":"https:\/\/nordicmart.andreevmaster.com\/product\/vasagle-sohvapoyta-olohuoneen-poyta-sohvapoyta\/"},"modified":"2026-02-27T09:41:18","modified_gmt":"2026-02-27T09:41:18","slug":"vasagle-sohvapoyta-olohuoneen-poyta-sohvapoyta","status":"publish","type":"product","link":"https:\/\/nordicmart.andreevmaster.com\/fi\/tuote\/vasagle-sohvapoyta-olohuoneen-poyta-sohvapoyta\/","title":{"rendered":"VASAGLE sohvap\u00f6yt\u00e4, olohuoneen p\u00f6yt\u00e4, sohvap\u00f6yt\u00e4"},"content":{"rendered":"<p>Sohvap\u00f6yt\u00e4, olohuoneen p\u00f6yt\u00e4, sohvap\u00f6yt\u00e4, olohuoneeseen, lasilevyll\u00e4, paljon s\u00e4ilytystilaa, helppo koota, marmorivalkoinen-mustanmusta<br \/>\nTuotetiedot:<br \/>\n&#8211; V\u00e4ri: marmorivalkoinen-mustanmusta<br \/>\n&#8211; Materiaali: lastulevy, karkaistu lasi, ter\u00e4s<br \/>\n&#8211; Koko (s\u00e4\u00e4dett\u00e4vill\u00e4 jaloilla): 80 cm (halkaisija), 46 cm (korkeus)<br \/>\n&#8211; Paino: 13,6 kg<br \/>\n&#8211; Maks. staattinen kantavuus: 30 kg<\/p>\n<p>Toimitus sis\u00e4lt\u00e4\u00e4:<br \/>\n&#8211; 1 x sohvap\u00f6yt\u00e4<\/p>\n","protected":false},"excerpt":{"rendered":"<p>Sohvap\u00f6yt\u00e4, olohuoneen p\u00f6yt\u00e4, sohvap\u00f6yt\u00e4, olohuoneeseen, lasilevyll\u00e4, paljon s\u00e4ilytystilaa, helppo koota, marmorivalkoinen-mustanmusta<\/p>\n","protected":false},"featured_media":42083,"comment_status":"open","ping_status":"closed","template":"","meta":[],"product_brand":[],"product_cat":[32],"product_tag":[],"class_list":{"0":"post-33167","1":"product","2":"type-product","3":"status-publish","4":"has-post-thumbnail","6":"product_cat-uncategorized-fi","8":"first","9":"instock","10":"shipping-taxable","11":"purchasable","12":"product-type-simple"},"_links":{"self":[{"href":"https:\/\/nordicmart.andreevmaster.com\/fi\/wp-json\/wp\/v2\/product\/33167","targetHints":{"allow":["GET"]}}],"collection":[{"href":"https:\/\/nordicmart.andreevmaster.com\/fi\/wp-json\/wp\/v2\/product"}],"about":[{"href":"https:\/\/nordicmart.andreevmaster.com\/fi\/wp-json\/wp\/v2\/types\/product"}],"replies":[{"embeddable":true,"href":"https:\/\/nordicmart.andreevmaster.com\/fi\/wp-json\/wp\/v2\/comments?post=33167"}],"wp:featuredmedia":[{"embeddable":true,"href":"https:\/\/nordicmart.andreevmaster.com\/fi\/wp-json\/wp\/v2\/media\/42083"}],"wp:attachment":[{"href":"https:\/\/nordicmart.andreevmaster.com\/fi\/wp-json\/wp\/v2\/media?parent=33167"}],"wp:term":[{"taxonomy":"product_brand","embeddable":true,"href":"https:\/\/nordicmart.andreevmaster.com\/fi\/wp-json\/wp\/v2\/product_brand?post=33167"},{"taxonomy":"product_cat","embeddable":true,"href":"https:\/\/nordicmart.andreevmaster.com\/fi\/wp-json\/wp\/v2\/product_cat?post=33167"},{"taxonomy":"product_tag","embeddable":true,"href":"https:\/\/nordicmart.andreevmaster.com\/fi\/wp-json\/wp\/v2\/product_tag?post=33167"}],"curies":[{"name":"wp","href":"https:\/\/api.w.org\/{rel}","templated":true}]}}