{"id":33160,"date":"2026-02-27T00:20:13","date_gmt":"2026-02-27T00:20:13","guid":{"rendered":"https:\/\/nordicmart.andreevmaster.com\/product\/vasagle-yopoyta-pistorasioilla-kapea-vintage-ruskea-musta\/"},"modified":"2026-02-27T09:41:17","modified_gmt":"2026-02-27T09:41:17","slug":"vasagle-yopoyta-pistorasioilla-kapea-vintage-ruskea-musta","status":"publish","type":"product","link":"https:\/\/nordicmart.andreevmaster.com\/fi\/tuote\/vasagle-yopoyta-pistorasioilla-kapea-vintage-ruskea-musta\/","title":{"rendered":"VASAGLE y\u00f6p\u00f6yt\u00e4 pistorasioilla, kapea, vintage-ruskea-musta"},"content":{"rendered":"<p>VASAGLE sivup\u00f6yt\u00e4 2 kpl, y\u00f6p\u00f6yt\u00e4 pistorasialla, kapea, 2 AC-liit\u00e4nt\u00e4\u00e4, 2 USB-liit\u00e4nt\u00e4\u00e4, 30 x 34 x 58 cm, olohuoneeseen, makuuhuoneeseen<br \/>\nV\u00e4ri: vintage-ruskea-musta<br \/>\nMateriaali: lastulevy, ter\u00e4s<br \/>\nKoko per p\u00f6yt\u00e4: 30 x 34 x 58 cm (S x L x K)<br \/>\nPaino per p\u00f6yt\u00e4: 5,7 kg<br \/>\nKunkin p\u00f6yd\u00e4n hyllyn maks. staattinen kantavuus: 10 kg<br \/>\nP\u00f6yd\u00e4n maks. staattinen kokonaiskuormitus: 30 kg<\/p>\n","protected":false},"excerpt":{"rendered":"<p>VASAGLE sivup\u00f6yt\u00e4 2 kpl, y\u00f6p\u00f6yt\u00e4 pistorasialla, kapea, 2 AC-liit\u00e4nt\u00e4\u00e4, 2 USB-liit\u00e4nt\u00e4\u00e4, 30 x 34 x 58 cm, olohuoneeseen, makuuhuoneeseen<\/p>\n","protected":false},"featured_media":42077,"comment_status":"open","ping_status":"closed","template":"","meta":[],"product_brand":[],"product_cat":[32],"product_tag":[],"class_list":{"0":"post-33160","1":"product","2":"type-product","3":"status-publish","4":"has-post-thumbnail","6":"product_cat-uncategorized-fi","8":"first","9":"instock","10":"shipping-taxable","11":"purchasable","12":"product-type-simple"},"_links":{"self":[{"href":"https:\/\/nordicmart.andreevmaster.com\/fi\/wp-json\/wp\/v2\/product\/33160","targetHints":{"allow":["GET"]}}],"collection":[{"href":"https:\/\/nordicmart.andreevmaster.com\/fi\/wp-json\/wp\/v2\/product"}],"about":[{"href":"https:\/\/nordicmart.andreevmaster.com\/fi\/wp-json\/wp\/v2\/types\/product"}],"replies":[{"embeddable":true,"href":"https:\/\/nordicmart.andreevmaster.com\/fi\/wp-json\/wp\/v2\/comments?post=33160"}],"wp:featuredmedia":[{"embeddable":true,"href":"https:\/\/nordicmart.andreevmaster.com\/fi\/wp-json\/wp\/v2\/media\/42077"}],"wp:attachment":[{"href":"https:\/\/nordicmart.andreevmaster.com\/fi\/wp-json\/wp\/v2\/media?parent=33160"}],"wp:term":[{"taxonomy":"product_brand","embeddable":true,"href":"https:\/\/nordicmart.andreevmaster.com\/fi\/wp-json\/wp\/v2\/product_brand?post=33160"},{"taxonomy":"product_cat","embeddable":true,"href":"https:\/\/nordicmart.andreevmaster.com\/fi\/wp-json\/wp\/v2\/product_cat?post=33160"},{"taxonomy":"product_tag","embeddable":true,"href":"https:\/\/nordicmart.andreevmaster.com\/fi\/wp-json\/wp\/v2\/product_tag?post=33160"}],"curies":[{"name":"wp","href":"https:\/\/api.w.org\/{rel}","templated":true}]}}