{"id":33159,"date":"2026-02-27T00:20:12","date_gmt":"2026-02-27T00:20:12","guid":{"rendered":"https:\/\/nordicmart.andreevmaster.com\/product\/vasagle-teollinen-design-sohvapoyta-hyllylla\/"},"modified":"2026-02-27T09:41:17","modified_gmt":"2026-02-27T09:41:17","slug":"vasagle-teollinen-design-sohvapoyta-hyllylla","status":"publish","type":"product","link":"https:\/\/nordicmart.andreevmaster.com\/fi\/tuote\/vasagle-teollinen-design-sohvapoyta-hyllylla\/","title":{"rendered":"VASAGLE Teollinen design-sohvap\u00f6yt\u00e4 hyllyll\u00e4"},"content":{"rendered":"<p>VASAGLE \u2013 se on mielikuvituksellinen yhdistelm\u00e4 toiminnallisuutta, kest\u00e4vyytt\u00e4 ja tyylikk\u00e4it\u00e4 vintage-malleja. Jos haluat antaa huoneillesi yksil\u00f6llisen ilmeen ja antiikkisen s\u00e4vyn, t\u00e4ll\u00e4 huonekalusarjalla voit saavuttaa vaikuttavia tuloksia. Vintage-olohuoneen p\u00f6yt\u00e4 ter\u00e4ksisill\u00e4 yksityiskohdilla T\u00e4m\u00e4 sohvap\u00f6yt\u00e4 on todellinen lis\u00e4arvo paitsi romanttisen vintage-tyylin yst\u00e4ville. My\u00f6s trendikk\u00e4\u00e4n teollisen muotoilun yst\u00e4v\u00e4t voivat parantaa olohuoneensa ilmett\u00e4 t\u00e4ll\u00e4 huonekalulla, sill\u00e4 sen runko on mattamustaa ter\u00e4st\u00e4. Sama p\u00e4tee my\u00f6s tilavaan hyllyyn, jolle voit sijoittaa esimerkiksi kirjoja, lehti\u00e4 tai viherkasveja. Katso kulissien taakse Huonekalun kauneus ei kuitenkaan riit\u00e4, jos se ei ole k\u00e4yt\u00e4nn\u00f6llinen. Siksi sohvap\u00f6yd\u00e4ss\u00e4mme on suuri p\u00f6yt\u00e4levy, joka kest\u00e4\u00e4 jopa 120 kg:n painon ja on erityisen kest\u00e4v\u00e4. Tasausjalat tasoittavat pienet ep\u00e4tasaisuudet lattiassa. Lis\u00e4ksi ne suojaavat arvokasta parkettia naarmuilta. T\u00e4ydenn\u00e4 sisustustasi VASAGLE:n vintage-huonekaluilla! Tuotetiedot: &#8211; V\u00e4ri: vintage-ruskea-musta &#8211; Materiaali: lastulevy, ter\u00e4s &#8211; Koko: 106,2 x 45 x 60,2 cm (L x K x S) &#8211; Bruttopaino: 16,3 kg &#8211; Nettopaino: 13,71 kg Toimitus sis\u00e4lt\u00e4\u00e4: &#8211; 1 x sohvap\u00f6yt\u00e4 &#8211; 1 x ohjeet (DE, EN, FR, IT, ES) &#8211; kuusiokoloavain<\/p>\n","protected":false},"excerpt":{"rendered":"<p>VASAGLE sohvap\u00f6yt\u00e4, olohuoneen p\u00f6yt\u00e4, sohvap\u00f6yt\u00e4 suurella hyllyll\u00e4, sivup\u00f6yt\u00e4, tukeva, metallirunko, helppo koota, teollinen muotoilu, vintage-ruskea-musta LCT61X<\/p>\n","protected":false},"featured_media":42076,"comment_status":"open","ping_status":"closed","template":"","meta":[],"product_brand":[],"product_cat":[32],"product_tag":[],"class_list":{"0":"post-33159","1":"product","2":"type-product","3":"status-publish","4":"has-post-thumbnail","6":"product_cat-uncategorized-fi","8":"first","9":"instock","10":"shipping-taxable","11":"purchasable","12":"product-type-simple"},"_links":{"self":[{"href":"https:\/\/nordicmart.andreevmaster.com\/fi\/wp-json\/wp\/v2\/product\/33159","targetHints":{"allow":["GET"]}}],"collection":[{"href":"https:\/\/nordicmart.andreevmaster.com\/fi\/wp-json\/wp\/v2\/product"}],"about":[{"href":"https:\/\/nordicmart.andreevmaster.com\/fi\/wp-json\/wp\/v2\/types\/product"}],"replies":[{"embeddable":true,"href":"https:\/\/nordicmart.andreevmaster.com\/fi\/wp-json\/wp\/v2\/comments?post=33159"}],"wp:featuredmedia":[{"embeddable":true,"href":"https:\/\/nordicmart.andreevmaster.com\/fi\/wp-json\/wp\/v2\/media\/42076"}],"wp:attachment":[{"href":"https:\/\/nordicmart.andreevmaster.com\/fi\/wp-json\/wp\/v2\/media?parent=33159"}],"wp:term":[{"taxonomy":"product_brand","embeddable":true,"href":"https:\/\/nordicmart.andreevmaster.com\/fi\/wp-json\/wp\/v2\/product_brand?post=33159"},{"taxonomy":"product_cat","embeddable":true,"href":"https:\/\/nordicmart.andreevmaster.com\/fi\/wp-json\/wp\/v2\/product_cat?post=33159"},{"taxonomy":"product_tag","embeddable":true,"href":"https:\/\/nordicmart.andreevmaster.com\/fi\/wp-json\/wp\/v2\/product_tag?post=33159"}],"curies":[{"name":"wp","href":"https:\/\/api.w.org\/{rel}","templated":true}]}}