{"id":33157,"date":"2026-02-27T00:20:12","date_gmt":"2026-02-27T00:20:12","guid":{"rendered":"https:\/\/nordicmart.andreevmaster.com\/product\/musta-moderni-sohvapoyta-2\/"},"modified":"2026-02-27T09:41:16","modified_gmt":"2026-02-27T09:41:16","slug":"musta-moderni-sohvapoyta-2","status":"publish","type":"product","link":"https:\/\/nordicmart.andreevmaster.com\/fi\/tuote\/musta-moderni-sohvapoyta-2\/","title":{"rendered":"Musta moderni sohvap\u00f6yt\u00e4"},"content":{"rendered":"<p>Sohvap\u00f6yt\u00e4 saattaa olla kodin t\u00e4rkein huonekalu. Se toimii keskipisteen\u00e4, joka kokoaa perheen ja yst\u00e4v\u00e4t yhteen pelien, elokuvien, v\u00e4lipalojen ja hyv\u00e4n keskustelun \u00e4\u00e4relle. T\u00e4m\u00e4 moderni sohvap\u00f6yt\u00e4 tekee kaiken t\u00e4m\u00e4n tyylill\u00e4, joka t\u00e4ydent\u00e4\u00e4 sit\u00e4 ymp\u00e4r\u00f6iv\u00e4\u00e4 huonetta.T\u00e4m\u00e4 minimalistinen ja moderni sohvap\u00f6yt\u00e4, jossa yhdistyv\u00e4t luja metalli ja kest\u00e4v\u00e4 puukoneisto, ei ainoastaan lis\u00e4\u00e4 olohuoneeseesi kaipaamaasi tyyli\u00e4, vaan tekee sen my\u00f6s kest\u00e4v\u00e4ll\u00e4 tavalla. Alla oleva metalliverkkohylly on vain kuorrutus jo ennest\u00e4\u00e4n tyylikk\u00e4\u00e4n kakun p\u00e4\u00e4lle.Haluatko mieluummin potkia sohvalla kuin koota sohvap\u00f6yt\u00e4\u00e4? Ei h\u00e4t\u00e4\u00e4. T\u00e4m\u00e4 moderni sohvap\u00f6yt\u00e4 on helppo koota ennen kuin huomaatkaan sen yksinkertaistettujen ohjeiden ja hallittavissa olevan osien m\u00e4\u00e4r\u00e4n ansiosta.Hanki pari modernia p\u00e4\u00e4typ\u00f6yt\u00e4\u00e4 sohvan viereen, moderni kirjahylly sein\u00e4lle ja moderni tv-teline katselukeitaaksi. VASAGLE:n avulla saat helposti sopivat huonekalut, joilla teet kodistasi kodin.Tekniset tiedot:- V\u00e4ri: Musta- Materiaali: Musta: Materiaali: Lastulevy, ter\u00e4s- Tuotteen koko: 43,3 &#8221;L x 23,6 &#8221;L x 17,7 &#8221;K (110 x 60 x 45 cm) Pakkauksen sis\u00e4lt\u00f6:- 1 x Sohvap\u00f6yt\u00e4- 1 x Lis\u00e4varustepakkaus- 1 x K\u00e4ytt\u00f6ohjeet (EN, DE, FR, ES, IT)<\/p>\n","protected":false},"excerpt":{"rendered":"<p>Sohvap\u00f6yt\u00e4 saattaa olla kodin t\u00e4rkein huonekalu. Se toimii keskipisteen\u00e4, joka kokoaa perheen ja yst\u00e4v\u00e4t yhteen pelien, elokuvien, v\u00e4lipalojen ja hyv\u00e4n keskustelun \u00e4\u00e4relle. T\u00e4m\u00e4 moderni sohvap\u00f6yt\u00e4 tekee kaiken t\u00e4m\u00e4n tyylill\u00e4, joka t\u00e4ydent\u00e4\u00e4 sit\u00e4 ymp\u00e4r\u00f6iv\u00e4\u00e4 huonetta.T\u00e4m\u00e4 minimalistinen ja moderni sohvap\u00f6yt\u00e4, jossa yhdistyv\u00e4t luja metalli ja kest\u00e4v\u00e4 puukoneisto, ei ainoastaan lis\u00e4\u00e4 olohuoneeseesi kaipaamaasi tyyli\u00e4, vaan tekee sen my\u00f6s [&hellip;]<\/p>\n","protected":false},"featured_media":0,"comment_status":"open","ping_status":"closed","template":"","meta":[],"product_brand":[],"product_cat":[32],"product_tag":[],"class_list":{"0":"post-33157","1":"product","2":"type-product","3":"status-publish","5":"product_cat-uncategorized-fi","7":"first","8":"instock","9":"shipping-taxable","10":"product-type-simple"},"_links":{"self":[{"href":"https:\/\/nordicmart.andreevmaster.com\/fi\/wp-json\/wp\/v2\/product\/33157","targetHints":{"allow":["GET"]}}],"collection":[{"href":"https:\/\/nordicmart.andreevmaster.com\/fi\/wp-json\/wp\/v2\/product"}],"about":[{"href":"https:\/\/nordicmart.andreevmaster.com\/fi\/wp-json\/wp\/v2\/types\/product"}],"replies":[{"embeddable":true,"href":"https:\/\/nordicmart.andreevmaster.com\/fi\/wp-json\/wp\/v2\/comments?post=33157"}],"wp:attachment":[{"href":"https:\/\/nordicmart.andreevmaster.com\/fi\/wp-json\/wp\/v2\/media?parent=33157"}],"wp:term":[{"taxonomy":"product_brand","embeddable":true,"href":"https:\/\/nordicmart.andreevmaster.com\/fi\/wp-json\/wp\/v2\/product_brand?post=33157"},{"taxonomy":"product_cat","embeddable":true,"href":"https:\/\/nordicmart.andreevmaster.com\/fi\/wp-json\/wp\/v2\/product_cat?post=33157"},{"taxonomy":"product_tag","embeddable":true,"href":"https:\/\/nordicmart.andreevmaster.com\/fi\/wp-json\/wp\/v2\/product_tag?post=33157"}],"curies":[{"name":"wp","href":"https:\/\/api.w.org\/{rel}","templated":true}]}}