{"id":33156,"date":"2026-02-27T00:20:12","date_gmt":"2026-02-27T00:20:12","guid":{"rendered":"https:\/\/nordicmart.andreevmaster.com\/product\/vasagle-sohvapoyta-2-laatikolla-teollinen-tyyli\/"},"modified":"2026-02-27T09:41:16","modified_gmt":"2026-02-27T09:41:16","slug":"vasagle-sohvapoyta-2-laatikolla-teollinen-tyyli","status":"publish","type":"product","link":"https:\/\/nordicmart.andreevmaster.com\/fi\/tuote\/vasagle-sohvapoyta-2-laatikolla-teollinen-tyyli\/","title":{"rendered":"VASAGLE sohvap\u00f6yt\u00e4 2 laatikolla, teollinen tyyli"},"content":{"rendered":"<p>OLOHUONEEN P\u00d6YT\u00c4 Olitpa juuri muuttanut ensimm\u00e4iseen asuntoosi tai haluatko el\u00e4v\u00f6itt\u00e4\u00e4 olohuoneesi modernilla, mutta klassisella tyylill\u00e4, t\u00e4m\u00e4 VASAGLE:n teollisen tyylinen olohuoneen p\u00f6yt\u00e4 tekee kaiken mahdolliseksi.- Tummanruskea vintage-viilu ja musta rautakehys antavat t\u00e4lle teollisen tyylin sohvap\u00f6yd\u00e4lle trendikk\u00e4\u00e4n ilmeen, joka sopii monenlaisiin sisustustyyleihin. &#8211; Kahden laatikon ansiosta, jotka sijaitsevat hyllyjen v\u00e4liss\u00e4, olohuoneen p\u00f6yt\u00e4 tarjoaa runsaasti s\u00e4ilytystilaa kaikille tavaroillesi (maks. staattinen kantavuus 50 kg).- S\u00e4\u00e4dett\u00e4vien jalkojen ansiosta voit asettaa t\u00e4m\u00e4n p\u00f6yd\u00e4n ep\u00e4tasaiselle lattialle ja suojata sit\u00e4 naarmuilta. Jos sinulla on lis\u00e4kysymyksi\u00e4 t\u00e4st\u00e4 tuotteesta, ota meihin yhteytt\u00e4 \u2013 olemme t\u00e4\u00e4ll\u00e4 auttamassa sinua! Tuotetiedot:- V\u00e4ri: vintage &#8211; Materiaali: lastulevy, rautakehys, sinkkiseos &#8211; Koko per koukku: 110 x 50 x 45 cm (P x L x K) &#8211; Paino per koukku: 26,2 kg &#8211; Maks. staattinen kantavuus: 50 kg Toimitus sis\u00e4lt\u00e4\u00e4:- 1 x sohvap\u00f6yt\u00e4 &#8211; 1 x s\u00e4ilytyslaatikko tarvikkeille &#8211; 1 x ohjeet (DE, EN, FR, ES, IT) VASAGLE-ohjeet: &#8211; \u00c4l\u00e4 altista tuotetta pitk\u00e4\u00e4n voimakkaalle auringonvalolle tai kostealle ymp\u00e4rist\u00f6lle.<\/p>\n","protected":false},"excerpt":{"rendered":"<p>VASAGLE teollinen design -sohvap\u00f6yt\u00e4, olohuoneen p\u00f6yt\u00e4 2 laatikolla ja hyllyll\u00e4, kahvip\u00f6yt\u00e4 tukevalla metallirungolla, sohvap\u00f6yt\u00e4, olohuone, puun\u00e4k\u00f6inen, vintage LCT43X<\/p>\n","protected":false},"featured_media":42074,"comment_status":"open","ping_status":"closed","template":"","meta":[],"product_brand":[],"product_cat":[32],"product_tag":[],"class_list":{"0":"post-33156","1":"product","2":"type-product","3":"status-publish","4":"has-post-thumbnail","6":"product_cat-uncategorized-fi","8":"first","9":"instock","10":"shipping-taxable","11":"purchasable","12":"product-type-simple"},"_links":{"self":[{"href":"https:\/\/nordicmart.andreevmaster.com\/fi\/wp-json\/wp\/v2\/product\/33156","targetHints":{"allow":["GET"]}}],"collection":[{"href":"https:\/\/nordicmart.andreevmaster.com\/fi\/wp-json\/wp\/v2\/product"}],"about":[{"href":"https:\/\/nordicmart.andreevmaster.com\/fi\/wp-json\/wp\/v2\/types\/product"}],"replies":[{"embeddable":true,"href":"https:\/\/nordicmart.andreevmaster.com\/fi\/wp-json\/wp\/v2\/comments?post=33156"}],"wp:featuredmedia":[{"embeddable":true,"href":"https:\/\/nordicmart.andreevmaster.com\/fi\/wp-json\/wp\/v2\/media\/42074"}],"wp:attachment":[{"href":"https:\/\/nordicmart.andreevmaster.com\/fi\/wp-json\/wp\/v2\/media?parent=33156"}],"wp:term":[{"taxonomy":"product_brand","embeddable":true,"href":"https:\/\/nordicmart.andreevmaster.com\/fi\/wp-json\/wp\/v2\/product_brand?post=33156"},{"taxonomy":"product_cat","embeddable":true,"href":"https:\/\/nordicmart.andreevmaster.com\/fi\/wp-json\/wp\/v2\/product_cat?post=33156"},{"taxonomy":"product_tag","embeddable":true,"href":"https:\/\/nordicmart.andreevmaster.com\/fi\/wp-json\/wp\/v2\/product_tag?post=33156"}],"curies":[{"name":"wp","href":"https:\/\/api.w.org\/{rel}","templated":true}]}}