{"id":33155,"date":"2026-02-27T00:20:11","date_gmt":"2026-02-27T00:20:11","guid":{"rendered":"https:\/\/nordicmart.andreevmaster.com\/product\/vasagle-teollisen-muotoilun-lasinen-sohvapoyta\/"},"modified":"2026-02-27T09:41:16","modified_gmt":"2026-02-27T09:41:16","slug":"vasagle-teollisen-muotoilun-lasinen-sohvapoyta","status":"publish","type":"product","link":"https:\/\/nordicmart.andreevmaster.com\/fi\/tuote\/vasagle-teollisen-muotoilun-lasinen-sohvapoyta\/","title":{"rendered":"VASAGLE teollisen muotoilun lasinen sohvap\u00f6yt\u00e4"},"content":{"rendered":"<p>VASAGLE:n suunnittelijat luovat p\u00e4ivitt\u00e4iseen k\u00e4ytt\u00f6\u00f6n tarkoitettujen ja ennen kaikkea k\u00e4yt\u00e4nn\u00f6llisten tuotteiden lis\u00e4ksi my\u00f6s erityisi\u00e4 huonekaluja, jotka erottuvat esimerkiksi ainutlaatuisella muodollaan tai luovasti yhdistetyill\u00e4 materiaaleilla. N\u00e4in he antavat sinulle mahdollisuuden tehd\u00e4 kodistasi jotain aivan poikkeuksellista.  Elegantti olohuoneen p\u00f6yt\u00e4 teollisessa designissa Kest\u00e4v\u00e4 lasipinta, tukeva rautakehys ja vintage-tyylinen hylly tekev\u00e4t t\u00e4st\u00e4 sohvap\u00f6yd\u00e4st\u00e4 eritt\u00e4in elegantin, melkein kuin se olisi per\u00e4isin museosta. Aseta sen p\u00e4\u00e4lle esimerkiksi suuri maljakko tuoreilla kukilla. Lasilevyn alla kaukos\u00e4\u00e4din ja lehdet ovat aina n\u00e4kyvill\u00e4 ja k\u00e4den ulottuvilla. Kaksi tilavaa laatikkoa tarjoaa viel\u00e4 lis\u00e4\u00e4 s\u00e4ilytystilaa. Jos t\u00e4m\u00e4n olohuoneen p\u00f6yd\u00e4n tyyli miellytt\u00e4\u00e4 sinua, katso my\u00f6s siihen sopiva sivup\u00f6yt\u00e4 ja VASAGLE:n sivup\u00f6yt\u00e4. Tuotetiedot: &#8211; V\u00e4ri: vintage-ruskea-musta &#8211; Materiaali: lastulevy, rauta, karkaistu lasi &#8211; Koko: 106 x 57 x 45 cm (P x L x K) &#8211; Paino: 27,3 kg &#8211; Lasipinnan maks. staattinen kantavuus: 30 kg Toimitus sis\u00e4lt\u00e4\u00e4: &#8211; 1 x olohuoneen p\u00f6yt\u00e4 &#8211; 1 x lis\u00e4varustepussi (sis\u00e4lt\u00e4\u00e4 asennusty\u00f6kalut) &#8211; 1 x ohjeet (DE, EN, FR, ES, IT) VASAGLE Huomautukset: &#8211; \u00c4l\u00e4 altista t\u00e4t\u00e4 tuotetta voimakkaalle auringonvalolle pitk\u00e4ksi aikaa. &#8211; K\u00e4sittele lasipintaa varovasti, jotta se ei halkeile.<\/p>\n","protected":false},"excerpt":{"rendered":"<p>VASAGLE sohvap\u00f6yt\u00e4, olohuoneen p\u00f6yt\u00e4, lasip\u00f6yt\u00e4, 2 laatikkoa, kahvip\u00f6yt\u00e4, sohvap\u00f6yt\u00e4, olohuoneen sisustus, karkaistu lasi, vakaa, teollinen muotoilu, vintage-ruskea-musta LCT31BX<\/p>\n","protected":false},"featured_media":42073,"comment_status":"open","ping_status":"closed","template":"","meta":[],"product_brand":[],"product_cat":[32],"product_tag":[],"class_list":{"0":"post-33155","1":"product","2":"type-product","3":"status-publish","4":"has-post-thumbnail","6":"product_cat-uncategorized-fi","8":"first","9":"instock","10":"shipping-taxable","11":"purchasable","12":"product-type-simple"},"_links":{"self":[{"href":"https:\/\/nordicmart.andreevmaster.com\/fi\/wp-json\/wp\/v2\/product\/33155","targetHints":{"allow":["GET"]}}],"collection":[{"href":"https:\/\/nordicmart.andreevmaster.com\/fi\/wp-json\/wp\/v2\/product"}],"about":[{"href":"https:\/\/nordicmart.andreevmaster.com\/fi\/wp-json\/wp\/v2\/types\/product"}],"replies":[{"embeddable":true,"href":"https:\/\/nordicmart.andreevmaster.com\/fi\/wp-json\/wp\/v2\/comments?post=33155"}],"wp:featuredmedia":[{"embeddable":true,"href":"https:\/\/nordicmart.andreevmaster.com\/fi\/wp-json\/wp\/v2\/media\/42073"}],"wp:attachment":[{"href":"https:\/\/nordicmart.andreevmaster.com\/fi\/wp-json\/wp\/v2\/media?parent=33155"}],"wp:term":[{"taxonomy":"product_brand","embeddable":true,"href":"https:\/\/nordicmart.andreevmaster.com\/fi\/wp-json\/wp\/v2\/product_brand?post=33155"},{"taxonomy":"product_cat","embeddable":true,"href":"https:\/\/nordicmart.andreevmaster.com\/fi\/wp-json\/wp\/v2\/product_cat?post=33155"},{"taxonomy":"product_tag","embeddable":true,"href":"https:\/\/nordicmart.andreevmaster.com\/fi\/wp-json\/wp\/v2\/product_tag?post=33155"}],"curies":[{"name":"wp","href":"https:\/\/api.w.org\/{rel}","templated":true}]}}