{"id":33150,"date":"2026-02-27T00:20:10","date_gmt":"2026-02-27T00:20:10","guid":{"rendered":"https:\/\/nordicmart.andreevmaster.com\/product\/vasagle-korkeussaadettava-sohvapoyta-laatikoilla-vintage-ruskea-mustanmusta\/"},"modified":"2026-02-27T09:41:15","modified_gmt":"2026-02-27T09:41:15","slug":"vasagle-korkeussaadettava-sohvapoyta-laatikoilla-vintage-ruskea-mustanmusta","status":"publish","type":"product","link":"https:\/\/nordicmart.andreevmaster.com\/fi\/tuote\/vasagle-korkeussaadettava-sohvapoyta-laatikoilla-vintage-ruskea-mustanmusta\/","title":{"rendered":"VASAGLE Korkeuss\u00e4\u00e4dett\u00e4v\u00e4 sohvap\u00f6yt\u00e4 laatikoilla, vintage-ruskea-mustanmusta"},"content":{"rendered":"<p>VASAGLE sohvap\u00f6yt\u00e4, korkeuss\u00e4\u00e4dett\u00e4v\u00e4 olohuoneen p\u00f6yt\u00e4, kahvip\u00f6yt\u00e4, laatikoilla, avoin lokero, 50 x 120 cm, kamelinruskea-mustanmusta LCT252K02<br \/>\nV\u00e4ri: vintage-ruskea-mustanmusta<br \/>\nMateriaali: lastulevy, ter\u00e4s<br \/>\nKoko: 50 x 120 cm (syvyys x leveys)<br \/>\nKorkeus: 48\u201363 cm<br \/>\nPaino: 29,4 kg<br \/>\nP\u00f6yt\u00e4levyn suurin staattinen kantavuus nostettuna: 20 kg<br \/>\nMaks. staattinen kokonaiskuormitus: 136 kg<\/p>\n","protected":false},"excerpt":{"rendered":"<p>VASAGLE sohvap\u00f6yt\u00e4, korkeuss\u00e4\u00e4dett\u00e4v\u00e4 olohuoneen p\u00f6yt\u00e4, kahvip\u00f6yt\u00e4, laatikoilla, avoin lokero, 50 x 120 cm, kamelinruskea-mustanmusta LCT252K02<\/p>\n","protected":false},"featured_media":0,"comment_status":"open","ping_status":"closed","template":"","meta":[],"product_brand":[],"product_cat":[32],"product_tag":[],"class_list":{"0":"post-33150","1":"product","2":"type-product","3":"status-publish","5":"product_cat-uncategorized-fi","7":"first","8":"instock","9":"shipping-taxable","10":"purchasable","11":"product-type-simple"},"_links":{"self":[{"href":"https:\/\/nordicmart.andreevmaster.com\/fi\/wp-json\/wp\/v2\/product\/33150","targetHints":{"allow":["GET"]}}],"collection":[{"href":"https:\/\/nordicmart.andreevmaster.com\/fi\/wp-json\/wp\/v2\/product"}],"about":[{"href":"https:\/\/nordicmart.andreevmaster.com\/fi\/wp-json\/wp\/v2\/types\/product"}],"replies":[{"embeddable":true,"href":"https:\/\/nordicmart.andreevmaster.com\/fi\/wp-json\/wp\/v2\/comments?post=33150"}],"wp:attachment":[{"href":"https:\/\/nordicmart.andreevmaster.com\/fi\/wp-json\/wp\/v2\/media?parent=33150"}],"wp:term":[{"taxonomy":"product_brand","embeddable":true,"href":"https:\/\/nordicmart.andreevmaster.com\/fi\/wp-json\/wp\/v2\/product_brand?post=33150"},{"taxonomy":"product_cat","embeddable":true,"href":"https:\/\/nordicmart.andreevmaster.com\/fi\/wp-json\/wp\/v2\/product_cat?post=33150"},{"taxonomy":"product_tag","embeddable":true,"href":"https:\/\/nordicmart.andreevmaster.com\/fi\/wp-json\/wp\/v2\/product_tag?post=33150"}],"curies":[{"name":"wp","href":"https:\/\/api.w.org\/{rel}","templated":true}]}}