{"id":33148,"date":"2026-02-27T00:20:10","date_gmt":"2026-02-27T00:20:10","guid":{"rendered":"https:\/\/nordicmart.andreevmaster.com\/product\/vasagle-2-kpln-sohvapoytasetti-led-valolla-pilvinen-valkoinen-mustanmusta\/"},"modified":"2026-02-27T09:41:14","modified_gmt":"2026-02-27T09:41:14","slug":"vasagle-2-kpln-sohvapoytasetti-led-valolla-pilvinen-valkoinen-mustanmusta","status":"publish","type":"product","link":"https:\/\/nordicmart.andreevmaster.com\/fi\/tuote\/vasagle-2-kpln-sohvapoytasetti-led-valolla-pilvinen-valkoinen-mustanmusta\/","title":{"rendered":"VASAGLE 2 kpl:n sohvap\u00f6yt\u00e4setti LED-valolla, pilvinen valkoinen-mustanmusta"},"content":{"rendered":"<p>VASAGLE sohvap\u00f6yt\u00e4, 2 kpl, LED-valaistus, neli\u00f6nmuotoinen sivup\u00f6yt\u00e4, moderni, maitolasinen, alaosassa hylly, olohuoneeseen, makuuhuoneeseen, toimistoon, pilvinen valkoinen-helmenvalkoinen LCT246W01<br \/>\nV\u00e4ri: pilvinen valkoinen-mustanmusta<br \/>\nMateriaali: karkaistu lasi, ter\u00e4s<br \/>\nSuuren p\u00f6yd\u00e4n koko: 60 x 60 x 45 cm (S x L x K)<br \/>\nPienen p\u00f6yd\u00e4n koko: 50 x 50 x 40 cm (S x L x K)<br \/>\nKokonaispaino: 16,7 kg<br \/>\nSuurin staattinen kantavuus per p\u00f6yt\u00e4: 30 kg<\/p>\n","protected":false},"excerpt":{"rendered":"<p>VASAGLE sohvap\u00f6yt\u00e4, 2 kpl, LED-valaistus, neli\u00f6nmuotoinen sivup\u00f6yt\u00e4, moderni, maitolasinen, alaosassa hylly, olohuoneeseen, makuuhuoneeseen, toimistoon, pilvinen valkoinen-helmenvalkoinen LCT246W01<\/p>\n","protected":false},"featured_media":42067,"comment_status":"open","ping_status":"closed","template":"","meta":[],"product_brand":[],"product_cat":[32],"product_tag":[],"class_list":{"0":"post-33148","1":"product","2":"type-product","3":"status-publish","4":"has-post-thumbnail","6":"product_cat-uncategorized-fi","8":"first","9":"instock","10":"shipping-taxable","11":"purchasable","12":"product-type-simple"},"_links":{"self":[{"href":"https:\/\/nordicmart.andreevmaster.com\/fi\/wp-json\/wp\/v2\/product\/33148","targetHints":{"allow":["GET"]}}],"collection":[{"href":"https:\/\/nordicmart.andreevmaster.com\/fi\/wp-json\/wp\/v2\/product"}],"about":[{"href":"https:\/\/nordicmart.andreevmaster.com\/fi\/wp-json\/wp\/v2\/types\/product"}],"replies":[{"embeddable":true,"href":"https:\/\/nordicmart.andreevmaster.com\/fi\/wp-json\/wp\/v2\/comments?post=33148"}],"wp:featuredmedia":[{"embeddable":true,"href":"https:\/\/nordicmart.andreevmaster.com\/fi\/wp-json\/wp\/v2\/media\/42067"}],"wp:attachment":[{"href":"https:\/\/nordicmart.andreevmaster.com\/fi\/wp-json\/wp\/v2\/media?parent=33148"}],"wp:term":[{"taxonomy":"product_brand","embeddable":true,"href":"https:\/\/nordicmart.andreevmaster.com\/fi\/wp-json\/wp\/v2\/product_brand?post=33148"},{"taxonomy":"product_cat","embeddable":true,"href":"https:\/\/nordicmart.andreevmaster.com\/fi\/wp-json\/wp\/v2\/product_cat?post=33148"},{"taxonomy":"product_tag","embeddable":true,"href":"https:\/\/nordicmart.andreevmaster.com\/fi\/wp-json\/wp\/v2\/product_tag?post=33148"}],"curies":[{"name":"wp","href":"https:\/\/api.w.org\/{rel}","templated":true}]}}