{"id":33142,"date":"2026-02-27T00:20:09","date_gmt":"2026-02-27T00:20:09","guid":{"rendered":"https:\/\/nordicmart.andreevmaster.com\/product\/sohvapoyta-2-tasoinen-pyorea-sohvapoyta-sailytystilalla-olohuoneeseen-80-x-45-cm-helppo-koota-hunaja-ruskea-2\/"},"modified":"2026-02-27T09:41:13","modified_gmt":"2026-02-27T09:41:13","slug":"sohvapoyta-2-tasoinen-pyorea-sohvapoyta-sailytystilalla-olohuoneeseen-80-x-45-cm-helppo-koota-hunaja-ruskea-2","status":"publish","type":"product","link":"https:\/\/nordicmart.andreevmaster.com\/fi\/tuote\/sohvapoyta-2-tasoinen-pyorea-sohvapoyta-sailytystilalla-olohuoneeseen-80-x-45-cm-helppo-koota-hunaja-ruskea-2\/","title":{"rendered":"Sohvap\u00f6yt\u00e4, 2-tasoinen py\u00f6re\u00e4 sohvap\u00f6yt\u00e4 s\u00e4ilytystilalla, olohuoneeseen, 80 x 45 cm, helppo koota, hunaja ruskea"},"content":{"rendered":"<p>\u30102-TIER COFFEE P\u00d6YT\u00c4\u3011T\u00e4m\u00e4 2-tasoinen sohvap\u00f6yt\u00e4, jonka mitat ovat 80 x 45 cm (l\u00e4pimitta x korkeus), tarjoaa runsaasti tilaa, jotta olohuoneen v\u00e4ltt\u00e4m\u00e4tt\u00f6m\u00e4t tarvikkeet ovat j\u00e4rjestyksess\u00e4 ja k\u00e4den ulottuvilla.\u3010KEST\u00c4V\u00c4 JA VAHVA\u3011J\u00e4m\u00e4k\u00e4t lastulevy- ja MDF-levyt tekev\u00e4t t\u00e4st\u00e4 sohvap\u00f6yd\u00e4st\u00e4 tukevan ja vakaan, ja sen kantavuus on jopa 30 kg.<\/p>\n<p>\u3010HASSLE-FREE ASSEMBLY\u3011Merkittyjen osien, selkeiden ohjeiden ja yksinkertaisen rakenteen ansiosta voit helposti koota t\u00e4m\u00e4n py\u00f6re\u00e4n sohvap\u00f6yd\u00e4n noin 20 minuutissa.<\/p>\n<p>\u3010TYYLIK\u00c4S ULKON\u00c4K\u00d6\u3011Py\u00f6re\u00e4n profiilin ja puhtaiden linjojen ansiosta t\u00e4m\u00e4 sohvap\u00f6yt\u00e4 lis\u00e4\u00e4 tyylikk\u00e4\u00e4n ja luonnollisen kosketuksen tilaan ja t\u00e4ydent\u00e4\u00e4 helposti erilaisia kodin sisustuksia.\u3010HELPPO PUHDISTAA\u3011T\u00e4m\u00e4n sohvap\u00f6yd\u00e4n puhdistamiseen tarvitaan vain kangas, jonka avulla voit vaivattomasti pit\u00e4\u00e4 sen moitteettomana<\/p>\n<p>Tekniset tiedot:<\/p>\n<p>V\u00e4ri: Hunajanruskea<br \/>\nMateriaali: Ruskea, ruskea, ruskea, ruskea, ruskea, ruskea, ruskea: MDF (keskitihe\u00e4 kuitulevy).<br \/>\nTuotteen koko: 31,5 &#8221;Dia. x 17,7 &#8221;H (80 x 45 cm).Tuotteen paino: 11,4 kg (25 lb)<br \/>\nMax. Staattinen kuormitettavuus: 30 kg (66 lb)<\/p>\n<p>Pakkauksen sis\u00e4lt\u00f6:<\/p>\n<p>1 x Sohvap\u00f6yt\u00e4<br \/>\n1 x Asennussarja<br \/>\n1 x Ohjeet<\/p>\n","protected":false},"excerpt":{"rendered":"<p>\u30102-TIER COFFEE P\u00d6YT\u00c4\u3011T\u00e4m\u00e4 2-tasoinen sohvap\u00f6yt\u00e4, jonka mitat ovat 80 x 45 cm (l\u00e4pimitta x korkeus), tarjoaa runsaasti tilaa, jotta olohuoneen v\u00e4ltt\u00e4m\u00e4tt\u00f6m\u00e4t tarvikkeet ovat j\u00e4rjestyksess\u00e4 ja k\u00e4den ulottuvilla.\u3010KEST\u00c4V\u00c4 JA VAHVA\u3011J\u00e4m\u00e4k\u00e4t lastulevy- ja MDF-levyt tekev\u00e4t t\u00e4st\u00e4 sohvap\u00f6yd\u00e4st\u00e4 tukevan ja vakaan, ja sen kantavuus on jopa 30 kg. \u3010HASSLE-FREE ASSEMBLY\u3011Merkittyjen osien, selkeiden ohjeiden ja yksinkertaisen rakenteen ansiosta voit [&hellip;]<\/p>\n","protected":false},"featured_media":0,"comment_status":"open","ping_status":"closed","template":"","meta":[],"product_brand":[],"product_cat":[32],"product_tag":[],"class_list":{"0":"post-33142","1":"product","2":"type-product","3":"status-publish","5":"product_cat-uncategorized-fi","7":"first","8":"instock","9":"shipping-taxable","10":"product-type-simple"},"_links":{"self":[{"href":"https:\/\/nordicmart.andreevmaster.com\/fi\/wp-json\/wp\/v2\/product\/33142","targetHints":{"allow":["GET"]}}],"collection":[{"href":"https:\/\/nordicmart.andreevmaster.com\/fi\/wp-json\/wp\/v2\/product"}],"about":[{"href":"https:\/\/nordicmart.andreevmaster.com\/fi\/wp-json\/wp\/v2\/types\/product"}],"replies":[{"embeddable":true,"href":"https:\/\/nordicmart.andreevmaster.com\/fi\/wp-json\/wp\/v2\/comments?post=33142"}],"wp:attachment":[{"href":"https:\/\/nordicmart.andreevmaster.com\/fi\/wp-json\/wp\/v2\/media?parent=33142"}],"wp:term":[{"taxonomy":"product_brand","embeddable":true,"href":"https:\/\/nordicmart.andreevmaster.com\/fi\/wp-json\/wp\/v2\/product_brand?post=33142"},{"taxonomy":"product_cat","embeddable":true,"href":"https:\/\/nordicmart.andreevmaster.com\/fi\/wp-json\/wp\/v2\/product_cat?post=33142"},{"taxonomy":"product_tag","embeddable":true,"href":"https:\/\/nordicmart.andreevmaster.com\/fi\/wp-json\/wp\/v2\/product_tag?post=33142"}],"curies":[{"name":"wp","href":"https:\/\/api.w.org\/{rel}","templated":true}]}}