{"id":33139,"date":"2026-02-27T00:20:08","date_gmt":"2026-02-27T00:20:08","guid":{"rendered":"https:\/\/nordicmart.andreevmaster.com\/product\/vasagle-sohvapoyta-2-tasoa-helppo-asentaa-antrasiitinharmaa\/"},"modified":"2026-02-27T09:41:13","modified_gmt":"2026-02-27T09:41:13","slug":"vasagle-sohvapoyta-2-tasoa-helppo-asentaa-antrasiitinharmaa","status":"publish","type":"product","link":"https:\/\/nordicmart.andreevmaster.com\/fi\/tuote\/vasagle-sohvapoyta-2-tasoa-helppo-asentaa-antrasiitinharmaa\/","title":{"rendered":"VASAGLE Sohvap\u00f6yt\u00e4 2 tasoa helppo asentaa antrasiitinharmaa"},"content":{"rendered":"<p>VASAGLE py\u00f6re\u00e4 sohvap\u00f6yt\u00e4, olohuoneen p\u00f6yt\u00e4 2 tasoa, kahvip\u00f6yt\u00e4 olohuoneeseen, 80 cm syv\u00e4, 45 cm korkea, helppo koota, antrasiitinharmaa LCT243B22<br \/>\nV\u00e4ri: antrasiitinharmaa<br \/>\nMateriaali: lastulevy, MDF (keskitihe\u00e4 kuitulevy)<br \/>\nKoko: 80 cm (halkaisija), 45 cm (korkeus)<br \/>\nPaino: 11,4 kg<br \/>\nMaks. staattinen kantavuus: 30 kg<\/p>\n","protected":false},"excerpt":{"rendered":"<p>VASAGLE py\u00f6re\u00e4 sohvap\u00f6yt\u00e4, olohuoneen p\u00f6yt\u00e4 2 tasoa, kahvip\u00f6yt\u00e4 olohuoneeseen, 80 cm syv\u00e4, 45 cm korkea, helppo koota, antrasiitinharmaa LCT243B22<\/p>\n","protected":false},"featured_media":0,"comment_status":"open","ping_status":"closed","template":"","meta":[],"product_brand":[],"product_cat":[32],"product_tag":[],"class_list":{"0":"post-33139","1":"product","2":"type-product","3":"status-publish","5":"product_cat-uncategorized-fi","7":"first","8":"instock","9":"shipping-taxable","10":"purchasable","11":"product-type-simple"},"_links":{"self":[{"href":"https:\/\/nordicmart.andreevmaster.com\/fi\/wp-json\/wp\/v2\/product\/33139","targetHints":{"allow":["GET"]}}],"collection":[{"href":"https:\/\/nordicmart.andreevmaster.com\/fi\/wp-json\/wp\/v2\/product"}],"about":[{"href":"https:\/\/nordicmart.andreevmaster.com\/fi\/wp-json\/wp\/v2\/types\/product"}],"replies":[{"embeddable":true,"href":"https:\/\/nordicmart.andreevmaster.com\/fi\/wp-json\/wp\/v2\/comments?post=33139"}],"wp:attachment":[{"href":"https:\/\/nordicmart.andreevmaster.com\/fi\/wp-json\/wp\/v2\/media?parent=33139"}],"wp:term":[{"taxonomy":"product_brand","embeddable":true,"href":"https:\/\/nordicmart.andreevmaster.com\/fi\/wp-json\/wp\/v2\/product_brand?post=33139"},{"taxonomy":"product_cat","embeddable":true,"href":"https:\/\/nordicmart.andreevmaster.com\/fi\/wp-json\/wp\/v2\/product_cat?post=33139"},{"taxonomy":"product_tag","embeddable":true,"href":"https:\/\/nordicmart.andreevmaster.com\/fi\/wp-json\/wp\/v2\/product_tag?post=33139"}],"curies":[{"name":"wp","href":"https:\/\/api.w.org\/{rel}","templated":true}]}}