{"id":33137,"date":"2026-02-27T00:20:07","date_gmt":"2026-02-27T00:20:07","guid":{"rendered":"https:\/\/nordicmart.andreevmaster.com\/product\/vasagle-kahdikerroksinen-sohvapoyta-pyoristetyilla-kulmilla\/"},"modified":"2026-02-27T09:41:12","modified_gmt":"2026-02-27T09:41:12","slug":"vasagle-kahdikerroksinen-sohvapoyta-pyoristetyilla-kulmilla","status":"publish","type":"product","link":"https:\/\/nordicmart.andreevmaster.com\/fi\/tuote\/vasagle-kahdikerroksinen-sohvapoyta-pyoristetyilla-kulmilla\/","title":{"rendered":"VASAGLE kahdikerroksinen sohvap\u00f6yt\u00e4 py\u00f6ristetyill\u00e4 kulmilla"},"content":{"rendered":"<p>VASAGLE 2-tasoinen sohvap\u00f6yt\u00e4, olohuoneen p\u00f6yt\u00e4 s\u00e4ilytystilalla, olohuoneen p\u00f6yt\u00e4, sohvap\u00f6yt\u00e4 PVC-rottingista, py\u00f6ristetyt kulmat, boho-tyyli<br \/>\nV\u00e4ri: kaurapuurobeige<br \/>\nMateriaali: MDF (keskitihe\u00e4 kuitulevy), puuhakelevy, PVC-muovi (polyvinyylikloridi)<br \/>\nKoko: 55 x 100 x 45 cm (S x L x K)<br \/>\nPaino: 13,9 kg<br \/>\nP\u00f6yd\u00e4n pinnan maks. staattinen kantavuus: 50 kg<br \/>\nAlaosan hyllyn maks. staattinen kantavuus: 40 kg<\/p>\n","protected":false},"excerpt":{"rendered":"<p>VASAGLE 2-tasoinen sohvap\u00f6yt\u00e4, olohuoneen p\u00f6yt\u00e4 s\u00e4ilytystilalla, olohuoneen p\u00f6yt\u00e4, sohvap\u00f6yt\u00e4 PVC-rottingista, py\u00f6ristetyt kulmat, boho-tyyli<\/p>\n","protected":false},"featured_media":42063,"comment_status":"open","ping_status":"closed","template":"","meta":[],"product_brand":[],"product_cat":[32],"product_tag":[],"class_list":{"0":"post-33137","1":"product","2":"type-product","3":"status-publish","4":"has-post-thumbnail","6":"product_cat-uncategorized-fi","8":"first","9":"instock","10":"shipping-taxable","11":"purchasable","12":"product-type-simple"},"_links":{"self":[{"href":"https:\/\/nordicmart.andreevmaster.com\/fi\/wp-json\/wp\/v2\/product\/33137","targetHints":{"allow":["GET"]}}],"collection":[{"href":"https:\/\/nordicmart.andreevmaster.com\/fi\/wp-json\/wp\/v2\/product"}],"about":[{"href":"https:\/\/nordicmart.andreevmaster.com\/fi\/wp-json\/wp\/v2\/types\/product"}],"replies":[{"embeddable":true,"href":"https:\/\/nordicmart.andreevmaster.com\/fi\/wp-json\/wp\/v2\/comments?post=33137"}],"wp:featuredmedia":[{"embeddable":true,"href":"https:\/\/nordicmart.andreevmaster.com\/fi\/wp-json\/wp\/v2\/media\/42063"}],"wp:attachment":[{"href":"https:\/\/nordicmart.andreevmaster.com\/fi\/wp-json\/wp\/v2\/media?parent=33137"}],"wp:term":[{"taxonomy":"product_brand","embeddable":true,"href":"https:\/\/nordicmart.andreevmaster.com\/fi\/wp-json\/wp\/v2\/product_brand?post=33137"},{"taxonomy":"product_cat","embeddable":true,"href":"https:\/\/nordicmart.andreevmaster.com\/fi\/wp-json\/wp\/v2\/product_cat?post=33137"},{"taxonomy":"product_tag","embeddable":true,"href":"https:\/\/nordicmart.andreevmaster.com\/fi\/wp-json\/wp\/v2\/product_tag?post=33137"}],"curies":[{"name":"wp","href":"https:\/\/api.w.org\/{rel}","templated":true}]}}