{"id":33135,"date":"2026-02-27T00:20:07","date_gmt":"2026-02-27T00:20:07","guid":{"rendered":"https:\/\/nordicmart.andreevmaster.com\/product\/poyta-basse-campagne-avec-rangement-nelionmuotoinen-olohuoneen-poyta-keskipoyta-erillisilla-kansilla-hunajanruskea\/"},"modified":"2026-02-27T09:41:12","modified_gmt":"2026-02-27T09:41:12","slug":"poyta-basse-campagne-avec-rangement-nelionmuotoinen-olohuoneen-poyta-keskipoyta-erillisilla-kansilla-hunajanruskea","status":"publish","type":"product","link":"https:\/\/nordicmart.andreevmaster.com\/fi\/tuote\/poyta-basse-campagne-avec-rangement-nelionmuotoinen-olohuoneen-poyta-keskipoyta-erillisilla-kansilla-hunajanruskea\/","title":{"rendered":"P\u00f6yt\u00e4 Basse Campagne avec Rangement, neli\u00f6nmuotoinen olohuoneen p\u00f6yt\u00e4, keskip\u00f6yt\u00e4 erillisill\u00e4 kansilla, hunajanruskea"},"content":{"rendered":"<p>\u3010TILAVUUS Piilotettu s\u00e4ilytystila\u3011T\u00e4m\u00e4 neli\u00f6n muotoinen sohvap\u00f6yt\u00e4 k\u00e4tkee taitavasti sis\u00e4\u00e4ns\u00e4 213 litran s\u00e4ilytyslokeron, jossa voit s\u00e4ilytt\u00e4\u00e4 peittoja, tyynyj\u00e4 ja kirjoja, jotta olohuoneesi pysyy siistin\u00e4 ja j\u00e4rjestyksess\u00e4.\u3010SUURI P\u00d6YT\u00c4LEVY\u3011T\u00e4m\u00e4 sohvap\u00f6yt\u00e4, jonka p\u00f6yt\u00e4levy on kooltaan 80 x 80 cm, tarjoaa tarpeeksi tilaa kekseille, kupeille, kirjoille, koristekasveille, se on t\u00e4ydellinen p\u00e4ivitt\u00e4isiin tarpeisiisi ja yst\u00e4v\u00e4llisiin iltoihinne<br \/>\n\u3010TURVALLISET K\u00c4\u00c4NT\u00d6KANNET\u3011Kaksi itsen\u00e4ist\u00e4 kantta pysyv\u00e4t auki haluamassasi kulmassa 8 ja 60 \u00b0 v\u00e4lill\u00e4, mik\u00e4 mahdollistaa p\u00e4\u00e4syn esineisiin molemmilta puolilta ilman puristumisriski\u00e4. Lis\u00e4ksi viistetyt kulmat est\u00e4v\u00e4t kolhuja&#8230;\u3010KEST\u00c4V\u00c4 JA KEST\u00c4V\u00c4\u3011T\u00e4m\u00e4 maalaistalon sohvap\u00f6yt\u00e4 on valmistettu tukevasta lastulevyst\u00e4 ja MDF-levyst\u00e4, ja se on rakennettu kest\u00e4m\u00e4\u00e4n, mik\u00e4 takaa vakauden ja kest\u00e4vyyden jokap\u00e4iv\u00e4iseen k\u00e4ytt\u00f6\u00f6n kodissasi.\u3010MAALAISCHIC\u3011T\u00e4m\u00e4 sohvap\u00f6yt\u00e4, jossa on s\u00e4ilytystilaa, tuo lato-ovityylisen estetiikkansa ja metallisten alakulmiensa ansiosta ripauksen maalaismaista charmia kotiisi.<\/p>\n<p>V\u00e4rit: HunajanruskeaMateriaalit: Hunajanruskea: Materiaalit: Lastulevy, MDFMitat: Kullanruskea ruskea: Materiaalit: 80 x 80 x 45 cm (S x L x K)Paino: 29,7 kgMaksimi staattinen kuormitettavuus: 60 kgTilavuus: 213 L.<\/p>\n","protected":false},"excerpt":{"rendered":"<p>\u3010TILAVUUS Piilotettu s\u00e4ilytystila\u3011T\u00e4m\u00e4 neli\u00f6n muotoinen sohvap\u00f6yt\u00e4 k\u00e4tkee taitavasti sis\u00e4\u00e4ns\u00e4 213 litran s\u00e4ilytyslokeron, jossa voit s\u00e4ilytt\u00e4\u00e4 peittoja, tyynyj\u00e4 ja kirjoja, jotta olohuoneesi pysyy siistin\u00e4 ja j\u00e4rjestyksess\u00e4.\u3010SUURI P\u00d6YT\u00c4LEVY\u3011T\u00e4m\u00e4 sohvap\u00f6yt\u00e4, jonka p\u00f6yt\u00e4levy on kooltaan 80 x 80 cm, tarjoaa tarpeeksi tilaa kekseille, kupeille, kirjoille, koristekasveille, se on t\u00e4ydellinen p\u00e4ivitt\u00e4isiin tarpeisiisi ja yst\u00e4v\u00e4llisiin iltoihinne \u3010TURVALLISET K\u00c4\u00c4NT\u00d6KANNET\u3011Kaksi itsen\u00e4ist\u00e4 kantta pysyv\u00e4t [&hellip;]<\/p>\n","protected":false},"featured_media":0,"comment_status":"open","ping_status":"closed","template":"","meta":[],"product_brand":[],"product_cat":[32],"product_tag":[],"class_list":{"0":"post-33135","1":"product","2":"type-product","3":"status-publish","5":"product_cat-uncategorized-fi","7":"first","8":"instock","9":"shipping-taxable","10":"product-type-simple"},"_links":{"self":[{"href":"https:\/\/nordicmart.andreevmaster.com\/fi\/wp-json\/wp\/v2\/product\/33135","targetHints":{"allow":["GET"]}}],"collection":[{"href":"https:\/\/nordicmart.andreevmaster.com\/fi\/wp-json\/wp\/v2\/product"}],"about":[{"href":"https:\/\/nordicmart.andreevmaster.com\/fi\/wp-json\/wp\/v2\/types\/product"}],"replies":[{"embeddable":true,"href":"https:\/\/nordicmart.andreevmaster.com\/fi\/wp-json\/wp\/v2\/comments?post=33135"}],"wp:attachment":[{"href":"https:\/\/nordicmart.andreevmaster.com\/fi\/wp-json\/wp\/v2\/media?parent=33135"}],"wp:term":[{"taxonomy":"product_brand","embeddable":true,"href":"https:\/\/nordicmart.andreevmaster.com\/fi\/wp-json\/wp\/v2\/product_brand?post=33135"},{"taxonomy":"product_cat","embeddable":true,"href":"https:\/\/nordicmart.andreevmaster.com\/fi\/wp-json\/wp\/v2\/product_cat?post=33135"},{"taxonomy":"product_tag","embeddable":true,"href":"https:\/\/nordicmart.andreevmaster.com\/fi\/wp-json\/wp\/v2\/product_tag?post=33135"}],"curies":[{"name":"wp","href":"https:\/\/api.w.org\/{rel}","templated":true}]}}