{"id":33131,"date":"2026-02-27T00:20:06","date_gmt":"2026-02-27T00:20:06","guid":{"rendered":"https:\/\/nordicmart.andreevmaster.com\/product\/sohvapoyta-laatikoilla-2\/"},"modified":"2026-02-27T09:41:11","modified_gmt":"2026-02-27T09:41:11","slug":"sohvapoyta-laatikoilla-2","status":"publish","type":"product","link":"https:\/\/nordicmart.andreevmaster.com\/fi\/tuote\/sohvapoyta-laatikoilla-2\/","title":{"rendered":"Sohvap\u00f6yt\u00e4 laatikoilla"},"content":{"rendered":"<p>Olohuoneen ikonina t\u00e4m\u00e4 sohvap\u00f6yt\u00e4 on varustettu maalaismaisella, teollisella tyylill\u00e4. Sen siluetti on selke\u00e4linjainen, ja sen molemmilla puolilla on X-kirjaimen muotoiset korostukset, jotka sopivat erilaisiin muotoiluestetiikoihin perinteisest\u00e4 klassiseen ja maalaistalotyyliin!Aseta pinnalle maljakko kukkivia kukkia tai kuppi kahvia ja keskihyllylle kannettava tietokone, lehti\u00e4 tai s\u00e4ilytyskori, kun viihdyt\u00e4t tai katsot vanhaa elokuvaa rakkaasi kanssa. Mik\u00e4 on viel\u00e4 parempaa? Alareunan kaksi laatikkoa tarjoavat lis\u00e4s\u00e4ilytystilaa laturille, kannettavalle tietokoneelle ja muulle.<\/p>\n<p>Rustiikkisen ruskean konepuusta valmistetun p\u00f6yt\u00e4levyn, hyllyn ja laatikoiden yhdistettyn\u00e4 mattamustaan metallirunkoon, jossa on poikkipalkit, ansiosta t\u00e4m\u00e4 sohvap\u00f6yt\u00e4 tarjoaa pitk\u00e4ik\u00e4ist\u00e4 kest\u00e4vyytt\u00e4 ja vuosien nautintoa.<\/p>\n<p>VASAGLE tarjoaa useita kokoelmia teollisen tyylin huonekaluja t\u00e4ydent\u00e4m\u00e4\u00e4n kotiasi. T\u00e4m\u00e4 sarja sis\u00e4lt\u00e4\u00e4 sohvap\u00f6yti\u00e4, TV-telineit\u00e4, sivup\u00f6yti\u00e4, s\u00e4ilytyshyllyj\u00e4, konsolip\u00f6yti\u00e4 ja tietokonep\u00f6yti\u00e4. Muista tutustua my\u00f6s muihin yhteensopiviin huonekaluihin, joista tulet pit\u00e4m\u00e4\u00e4n.<\/p>\n","protected":false},"excerpt":{"rendered":"<p>Olohuoneen ikonina t\u00e4m\u00e4 sohvap\u00f6yt\u00e4 on varustettu maalaismaisella, teollisella tyylill\u00e4. Sen siluetti on selke\u00e4linjainen, ja sen molemmilla puolilla on X-kirjaimen muotoiset korostukset, jotka sopivat erilaisiin muotoiluestetiikoihin perinteisest\u00e4 klassiseen ja maalaistalotyyliin!Aseta pinnalle maljakko kukkivia kukkia tai kuppi kahvia ja keskihyllylle kannettava tietokone, lehti\u00e4 tai s\u00e4ilytyskori, kun viihdyt\u00e4t tai katsot vanhaa elokuvaa rakkaasi kanssa. Mik\u00e4 on viel\u00e4 parempaa? [&hellip;]<\/p>\n","protected":false},"featured_media":0,"comment_status":"open","ping_status":"closed","template":"","meta":[],"product_brand":[],"product_cat":[32],"product_tag":[],"class_list":{"0":"post-33131","1":"product","2":"type-product","3":"status-publish","5":"product_cat-uncategorized-fi","7":"first","8":"instock","9":"shipping-taxable","10":"product-type-simple"},"_links":{"self":[{"href":"https:\/\/nordicmart.andreevmaster.com\/fi\/wp-json\/wp\/v2\/product\/33131","targetHints":{"allow":["GET"]}}],"collection":[{"href":"https:\/\/nordicmart.andreevmaster.com\/fi\/wp-json\/wp\/v2\/product"}],"about":[{"href":"https:\/\/nordicmart.andreevmaster.com\/fi\/wp-json\/wp\/v2\/types\/product"}],"replies":[{"embeddable":true,"href":"https:\/\/nordicmart.andreevmaster.com\/fi\/wp-json\/wp\/v2\/comments?post=33131"}],"wp:attachment":[{"href":"https:\/\/nordicmart.andreevmaster.com\/fi\/wp-json\/wp\/v2\/media?parent=33131"}],"wp:term":[{"taxonomy":"product_brand","embeddable":true,"href":"https:\/\/nordicmart.andreevmaster.com\/fi\/wp-json\/wp\/v2\/product_brand?post=33131"},{"taxonomy":"product_cat","embeddable":true,"href":"https:\/\/nordicmart.andreevmaster.com\/fi\/wp-json\/wp\/v2\/product_cat?post=33131"},{"taxonomy":"product_tag","embeddable":true,"href":"https:\/\/nordicmart.andreevmaster.com\/fi\/wp-json\/wp\/v2\/product_tag?post=33131"}],"curies":[{"name":"wp","href":"https:\/\/api.w.org\/{rel}","templated":true}]}}