{"id":33130,"date":"2026-02-27T00:20:06","date_gmt":"2026-02-27T00:20:06","guid":{"rendered":"https:\/\/nordicmart.andreevmaster.com\/product\/vasagle-sohvapoyta-jossa-on-avoin-ja-piilotettu-sailytystila\/"},"modified":"2026-02-27T09:41:11","modified_gmt":"2026-02-27T09:41:11","slug":"vasagle-sohvapoyta-jossa-on-avoin-ja-piilotettu-sailytystila","status":"publish","type":"product","link":"https:\/\/nordicmart.andreevmaster.com\/fi\/tuote\/vasagle-sohvapoyta-jossa-on-avoin-ja-piilotettu-sailytystila\/","title":{"rendered":"VASAGLE-sohvap\u00f6yt\u00e4, jossa on avoin ja piilotettu s\u00e4ilytystila"},"content":{"rendered":"<p>VASAGLE Sohvap\u00f6yt\u00e4, korkeuss\u00e4\u00e4dett\u00e4v\u00e4 olohuoneen p\u00f6yt\u00e4, kahvip\u00f6yt\u00e4, avoin ja piilotettu s\u00e4ilytystila, X-tukijalat, 60 x 100 x (48-62) cm, vintage-ruskea-musta LCT205B01<br \/>\nV\u00e4ri: kamelinruskea-musta<br \/>\nMateriaali: lastulevy, ter\u00e4s<br \/>\nKoko: 60 x 120 x (48-62) cm (S x L x K)<br \/>\nPaino: 31 kg<br \/>\nMaks. staattinen kokonaiskuormitus: 91 kg<\/p>\n","protected":false},"excerpt":{"rendered":"<p>VASAGLE Sohvap\u00f6yt\u00e4, korkeuss\u00e4\u00e4dett\u00e4v\u00e4 olohuoneen p\u00f6yt\u00e4, kahvip\u00f6yt\u00e4, avoin ja piilotettu s\u00e4ilytystila, X-tukijalat, 60 x 100 x (48-62) cm, vintage-ruskea-musta LCT205B01<\/p>\n","protected":false},"featured_media":0,"comment_status":"open","ping_status":"closed","template":"","meta":[],"product_brand":[],"product_cat":[32],"product_tag":[],"class_list":{"0":"post-33130","1":"product","2":"type-product","3":"status-publish","5":"product_cat-uncategorized-fi","7":"first","8":"instock","9":"shipping-taxable","10":"purchasable","11":"product-type-simple"},"_links":{"self":[{"href":"https:\/\/nordicmart.andreevmaster.com\/fi\/wp-json\/wp\/v2\/product\/33130","targetHints":{"allow":["GET"]}}],"collection":[{"href":"https:\/\/nordicmart.andreevmaster.com\/fi\/wp-json\/wp\/v2\/product"}],"about":[{"href":"https:\/\/nordicmart.andreevmaster.com\/fi\/wp-json\/wp\/v2\/types\/product"}],"replies":[{"embeddable":true,"href":"https:\/\/nordicmart.andreevmaster.com\/fi\/wp-json\/wp\/v2\/comments?post=33130"}],"wp:attachment":[{"href":"https:\/\/nordicmart.andreevmaster.com\/fi\/wp-json\/wp\/v2\/media?parent=33130"}],"wp:term":[{"taxonomy":"product_brand","embeddable":true,"href":"https:\/\/nordicmart.andreevmaster.com\/fi\/wp-json\/wp\/v2\/product_brand?post=33130"},{"taxonomy":"product_cat","embeddable":true,"href":"https:\/\/nordicmart.andreevmaster.com\/fi\/wp-json\/wp\/v2\/product_cat?post=33130"},{"taxonomy":"product_tag","embeddable":true,"href":"https:\/\/nordicmart.andreevmaster.com\/fi\/wp-json\/wp\/v2\/product_tag?post=33130"}],"curies":[{"name":"wp","href":"https:\/\/api.w.org\/{rel}","templated":true}]}}