{"id":33129,"date":"2026-02-27T00:20:05","date_gmt":"2026-02-27T00:20:05","guid":{"rendered":"https:\/\/nordicmart.andreevmaster.com\/product\/sohvapoyta-korkeussaadettava-olohuoneen-poyta-sohvapoyta-avoin-ja-piilotettu-sailytystila-x-jouset-60-x-120-x-48-62-cm-vintage-brown-musta-2\/"},"modified":"2026-02-27T09:41:11","modified_gmt":"2026-02-27T09:41:11","slug":"sohvapoyta-korkeussaadettava-olohuoneen-poyta-sohvapoyta-avoin-ja-piilotettu-sailytystila-x-jouset-60-x-120-x-48-62-cm-vintage-brown-musta-2","status":"publish","type":"product","link":"https:\/\/nordicmart.andreevmaster.com\/fi\/tuote\/sohvapoyta-korkeussaadettava-olohuoneen-poyta-sohvapoyta-avoin-ja-piilotettu-sailytystila-x-jouset-60-x-120-x-48-62-cm-vintage-brown-musta-2\/","title":{"rendered":"Sohvap\u00f6yt\u00e4, korkeuss\u00e4\u00e4dett\u00e4v\u00e4 olohuoneen p\u00f6yt\u00e4, sohvap\u00f6yt\u00e4, avoin ja piilotettu s\u00e4ilytystila, X-jouset, 60 x 120 x (48-62) cm, Vintage Brown\/Musta"},"content":{"rendered":"","protected":false},"excerpt":{"rendered":"","protected":false},"featured_media":0,"comment_status":"open","ping_status":"closed","template":"","meta":[],"product_brand":[],"product_cat":[32],"product_tag":[],"class_list":{"0":"post-33129","1":"product","2":"type-product","3":"status-publish","5":"product_cat-uncategorized-fi","7":"first","8":"instock","9":"shipping-taxable","10":"product-type-simple"},"_links":{"self":[{"href":"https:\/\/nordicmart.andreevmaster.com\/fi\/wp-json\/wp\/v2\/product\/33129","targetHints":{"allow":["GET"]}}],"collection":[{"href":"https:\/\/nordicmart.andreevmaster.com\/fi\/wp-json\/wp\/v2\/product"}],"about":[{"href":"https:\/\/nordicmart.andreevmaster.com\/fi\/wp-json\/wp\/v2\/types\/product"}],"replies":[{"embeddable":true,"href":"https:\/\/nordicmart.andreevmaster.com\/fi\/wp-json\/wp\/v2\/comments?post=33129"}],"wp:attachment":[{"href":"https:\/\/nordicmart.andreevmaster.com\/fi\/wp-json\/wp\/v2\/media?parent=33129"}],"wp:term":[{"taxonomy":"product_brand","embeddable":true,"href":"https:\/\/nordicmart.andreevmaster.com\/fi\/wp-json\/wp\/v2\/product_brand?post=33129"},{"taxonomy":"product_cat","embeddable":true,"href":"https:\/\/nordicmart.andreevmaster.com\/fi\/wp-json\/wp\/v2\/product_cat?post=33129"},{"taxonomy":"product_tag","embeddable":true,"href":"https:\/\/nordicmart.andreevmaster.com\/fi\/wp-json\/wp\/v2\/product_tag?post=33129"}],"curies":[{"name":"wp","href":"https:\/\/api.w.org\/{rel}","templated":true}]}}