{"id":33121,"date":"2026-02-27T00:20:03","date_gmt":"2026-02-27T00:20:03","guid":{"rendered":"https:\/\/nordicmart.andreevmaster.com\/product\/vasagle-kahvipoyta-avoin-lokero-antrasiitinharmaa-mustanmusta\/"},"modified":"2026-02-27T09:41:09","modified_gmt":"2026-02-27T09:41:09","slug":"vasagle-kahvipoyta-avoin-lokero-antrasiitinharmaa-mustanmusta","status":"publish","type":"product","link":"https:\/\/nordicmart.andreevmaster.com\/fi\/tuote\/vasagle-kahvipoyta-avoin-lokero-antrasiitinharmaa-mustanmusta\/","title":{"rendered":"VASAGLE kahvip\u00f6yt\u00e4, avoin lokero, antrasiitinharmaa-mustanmusta"},"content":{"rendered":"<p>VASAGLE sohvap\u00f6yt\u00e4, korkeuss\u00e4\u00e4dett\u00e4v\u00e4 olohuoneen p\u00f6yt\u00e4, kahvip\u00f6yt\u00e4, laatikoilla, avoin lokero<br \/>\nV\u00e4ri: antrasiitinharmaa-mustanmusta<br \/>\nMateriaalit: lastulevy, ter\u00e4s<br \/>\nKoko: 50 x 100 cm (syvyys x leveys)<br \/>\nKorkeus: 48\u201363 cm<br \/>\nPaino: 25,6 kg<br \/>\nP\u00f6yt\u00e4levyn suurin staattinen kantavuus nostettuna: 20 kg<br \/>\nMaks. staattinen kokonaiskuormitus: 136 kg<\/p>\n","protected":false},"excerpt":{"rendered":"<p>VASAGLE sohvap\u00f6yt\u00e4, korkeuss\u00e4\u00e4dett\u00e4v\u00e4 olohuoneen p\u00f6yt\u00e4, kahvip\u00f6yt\u00e4, laatikoilla, avoin lokero<\/p>\n","protected":false},"featured_media":0,"comment_status":"open","ping_status":"closed","template":"","meta":[],"product_brand":[],"product_cat":[32],"product_tag":[],"class_list":{"0":"post-33121","1":"product","2":"type-product","3":"status-publish","5":"product_cat-uncategorized-fi","7":"first","8":"instock","9":"shipping-taxable","10":"purchasable","11":"product-type-simple"},"_links":{"self":[{"href":"https:\/\/nordicmart.andreevmaster.com\/fi\/wp-json\/wp\/v2\/product\/33121","targetHints":{"allow":["GET"]}}],"collection":[{"href":"https:\/\/nordicmart.andreevmaster.com\/fi\/wp-json\/wp\/v2\/product"}],"about":[{"href":"https:\/\/nordicmart.andreevmaster.com\/fi\/wp-json\/wp\/v2\/types\/product"}],"replies":[{"embeddable":true,"href":"https:\/\/nordicmart.andreevmaster.com\/fi\/wp-json\/wp\/v2\/comments?post=33121"}],"wp:attachment":[{"href":"https:\/\/nordicmart.andreevmaster.com\/fi\/wp-json\/wp\/v2\/media?parent=33121"}],"wp:term":[{"taxonomy":"product_brand","embeddable":true,"href":"https:\/\/nordicmart.andreevmaster.com\/fi\/wp-json\/wp\/v2\/product_brand?post=33121"},{"taxonomy":"product_cat","embeddable":true,"href":"https:\/\/nordicmart.andreevmaster.com\/fi\/wp-json\/wp\/v2\/product_cat?post=33121"},{"taxonomy":"product_tag","embeddable":true,"href":"https:\/\/nordicmart.andreevmaster.com\/fi\/wp-json\/wp\/v2\/product_tag?post=33121"}],"curies":[{"name":"wp","href":"https:\/\/api.w.org\/{rel}","templated":true}]}}