{"id":33120,"date":"2026-02-27T00:20:03","date_gmt":"2026-02-27T00:20:03","guid":{"rendered":"https:\/\/nordicmart.andreevmaster.com\/product\/vasagle-sohvapoyta-2-laatikkoa\/"},"modified":"2026-02-27T09:41:09","modified_gmt":"2026-02-27T09:41:09","slug":"vasagle-sohvapoyta-2-laatikkoa","status":"publish","type":"product","link":"https:\/\/nordicmart.andreevmaster.com\/fi\/tuote\/vasagle-sohvapoyta-2-laatikkoa\/","title":{"rendered":"VASAGLE-sohvap\u00f6yt\u00e4, 2 laatikkoa"},"content":{"rendered":"<p>Tuotetiedot: &#8211; V\u00e4ri: p\u00e4hkin\u00e4puunruskea-valkoinen &#8211; Materiaali: lastulevy, MDF (keskitihe\u00e4 kuitulevy) &#8211; Koko: 80 x 80 x 45 cm (S x L x K) &#8211; Paino: 27,9 kg &#8211; Maks. staattinen kokonaiskuormitus: 25 kg  Toimitus sis\u00e4lt\u00e4\u00e4: &#8211; 1 x sohvap\u00f6yt\u00e4 &#8211; 1 x lis\u00e4varustepaketti &#8211; 1 x ohjeet VASAGLE Huomautukset: &#8211; Turvallisuussyist\u00e4 lapset eiv\u00e4t saa kiivet\u00e4 p\u00f6yd\u00e4lle tai leikki\u00e4 sill\u00e4. &#8211; Sohvap\u00f6yd\u00e4n suurin staattinen kantavuus on 25 kg. \u00c4l\u00e4 ylit\u00e4 t\u00e4t\u00e4 enimm\u00e4ispainoa.<\/p>\n","protected":false},"excerpt":{"rendered":"<p>VASAGLE sohvap\u00f6yt\u00e4, olohuoneen p\u00f6yt\u00e4, 2 isoa laatikkoa, jaloilla, paljon s\u00e4ilytystilaa, merellinen tyyli, 80 x 80 x 45 cm, olohuoneeseen, p\u00e4hkin\u00e4puunruskea-valkoinen LCT207T14<\/p>\n","protected":false},"featured_media":42054,"comment_status":"open","ping_status":"closed","template":"","meta":[],"product_brand":[],"product_cat":[32],"product_tag":[],"class_list":{"0":"post-33120","1":"product","2":"type-product","3":"status-publish","4":"has-post-thumbnail","6":"product_cat-uncategorized-fi","8":"first","9":"instock","10":"shipping-taxable","11":"purchasable","12":"product-type-simple"},"_links":{"self":[{"href":"https:\/\/nordicmart.andreevmaster.com\/fi\/wp-json\/wp\/v2\/product\/33120","targetHints":{"allow":["GET"]}}],"collection":[{"href":"https:\/\/nordicmart.andreevmaster.com\/fi\/wp-json\/wp\/v2\/product"}],"about":[{"href":"https:\/\/nordicmart.andreevmaster.com\/fi\/wp-json\/wp\/v2\/types\/product"}],"replies":[{"embeddable":true,"href":"https:\/\/nordicmart.andreevmaster.com\/fi\/wp-json\/wp\/v2\/comments?post=33120"}],"wp:featuredmedia":[{"embeddable":true,"href":"https:\/\/nordicmart.andreevmaster.com\/fi\/wp-json\/wp\/v2\/media\/42054"}],"wp:attachment":[{"href":"https:\/\/nordicmart.andreevmaster.com\/fi\/wp-json\/wp\/v2\/media?parent=33120"}],"wp:term":[{"taxonomy":"product_brand","embeddable":true,"href":"https:\/\/nordicmart.andreevmaster.com\/fi\/wp-json\/wp\/v2\/product_brand?post=33120"},{"taxonomy":"product_cat","embeddable":true,"href":"https:\/\/nordicmart.andreevmaster.com\/fi\/wp-json\/wp\/v2\/product_cat?post=33120"},{"taxonomy":"product_tag","embeddable":true,"href":"https:\/\/nordicmart.andreevmaster.com\/fi\/wp-json\/wp\/v2\/product_tag?post=33120"}],"curies":[{"name":"wp","href":"https:\/\/api.w.org\/{rel}","templated":true}]}}