{"id":33117,"date":"2026-02-27T00:20:03","date_gmt":"2026-02-27T00:20:03","guid":{"rendered":"https:\/\/nordicmart.andreevmaster.com\/product\/vasagle-korkeussaadettava-sohvapoyta-antrasiitinharmaa-musta\/"},"modified":"2026-02-27T09:41:09","modified_gmt":"2026-02-27T09:41:09","slug":"vasagle-korkeussaadettava-sohvapoyta-antrasiitinharmaa-musta","status":"publish","type":"product","link":"https:\/\/nordicmart.andreevmaster.com\/fi\/tuote\/vasagle-korkeussaadettava-sohvapoyta-antrasiitinharmaa-musta\/","title":{"rendered":"VASAGLE korkeuss\u00e4\u00e4dett\u00e4v\u00e4 sohvap\u00f6yt\u00e4, antrasiitinharmaa-musta"},"content":{"rendered":"<p>VASAGLE sohvap\u00f6yt\u00e4, korkeuss\u00e4\u00e4dett\u00e4v\u00e4 olohuoneen p\u00f6yt\u00e4, kahvip\u00f6yt\u00e4, avoin ja piilotettu s\u00e4ilytystila, X-tukijalat, 60 x 100 x (48-62) cm, vintage-ruskea-musta LCT205B01<br \/>\nV\u00e4ri: antrasiitinharmaa-musta<br \/>\nMateriaali: lastulevy, ter\u00e4s<br \/>\nKoko: 60 x 100 x (48-62) cm (S x L x K)<br \/>\nPaino: 27,8 kg<br \/>\nMaks. staattinen kokonaiskuormitus: 91 kg<\/p>\n","protected":false},"excerpt":{"rendered":"<p>VASAGLE sohvap\u00f6yt\u00e4, korkeuss\u00e4\u00e4dett\u00e4v\u00e4 olohuoneen p\u00f6yt\u00e4, kahvip\u00f6yt\u00e4, avoin ja piilotettu s\u00e4ilytystila, X-tukijalat, 60 x 100 x (48-62) cm, vintage-ruskea-musta LCT205B01<\/p>\n","protected":false},"featured_media":42053,"comment_status":"open","ping_status":"closed","template":"","meta":[],"product_brand":[],"product_cat":[32],"product_tag":[],"class_list":{"0":"post-33117","1":"product","2":"type-product","3":"status-publish","4":"has-post-thumbnail","6":"product_cat-uncategorized-fi","8":"first","9":"instock","10":"shipping-taxable","11":"purchasable","12":"product-type-simple"},"_links":{"self":[{"href":"https:\/\/nordicmart.andreevmaster.com\/fi\/wp-json\/wp\/v2\/product\/33117","targetHints":{"allow":["GET"]}}],"collection":[{"href":"https:\/\/nordicmart.andreevmaster.com\/fi\/wp-json\/wp\/v2\/product"}],"about":[{"href":"https:\/\/nordicmart.andreevmaster.com\/fi\/wp-json\/wp\/v2\/types\/product"}],"replies":[{"embeddable":true,"href":"https:\/\/nordicmart.andreevmaster.com\/fi\/wp-json\/wp\/v2\/comments?post=33117"}],"wp:featuredmedia":[{"embeddable":true,"href":"https:\/\/nordicmart.andreevmaster.com\/fi\/wp-json\/wp\/v2\/media\/42053"}],"wp:attachment":[{"href":"https:\/\/nordicmart.andreevmaster.com\/fi\/wp-json\/wp\/v2\/media?parent=33117"}],"wp:term":[{"taxonomy":"product_brand","embeddable":true,"href":"https:\/\/nordicmart.andreevmaster.com\/fi\/wp-json\/wp\/v2\/product_brand?post=33117"},{"taxonomy":"product_cat","embeddable":true,"href":"https:\/\/nordicmart.andreevmaster.com\/fi\/wp-json\/wp\/v2\/product_cat?post=33117"},{"taxonomy":"product_tag","embeddable":true,"href":"https:\/\/nordicmart.andreevmaster.com\/fi\/wp-json\/wp\/v2\/product_tag?post=33117"}],"curies":[{"name":"wp","href":"https:\/\/api.w.org\/{rel}","templated":true}]}}