{"id":33115,"date":"2026-02-27T00:20:02","date_gmt":"2026-02-27T00:20:02","guid":{"rendered":"https:\/\/nordicmart.andreevmaster.com\/product\/vasagle-sohvapoyta-50-x-100-x-465-62-cm-kamelinruskea-musta\/"},"modified":"2026-02-27T09:41:08","modified_gmt":"2026-02-27T09:41:08","slug":"vasagle-sohvapoyta-50-x-100-x-465-62-cm-kamelinruskea-musta","status":"publish","type":"product","link":"https:\/\/nordicmart.andreevmaster.com\/fi\/tuote\/vasagle-sohvapoyta-50-x-100-x-465-62-cm-kamelinruskea-musta\/","title":{"rendered":"VASAGLE sohvap\u00f6yt\u00e4 50 x 100 x (46,5\u201362) cm kamelinruskea-musta"},"content":{"rendered":"<p>VASAGLE sohvap\u00f6yt\u00e4, korkeuss\u00e4\u00e4dett\u00e4v\u00e4 olohuoneen p\u00f6yt\u00e4, kahvip\u00f6yt\u00e4, piilotetulla s\u00e4ilytystilalla ja avoimilla lokeroilla, ter\u00e4srunko, 50 x 100 x (46,5-62) cm, vintage-ruskea-musta LCT202B01<br \/>\nV\u00e4ri: kamelinruskea-musta<br \/>\nMateriaali: lastulevy, ter\u00e4s<br \/>\nKoko: 50 x 100 cm (S x L)<br \/>\nP\u00f6yd\u00e4n korkeus: 46,5\u201362 cm<br \/>\nPaino: 25,9 kg<br \/>\nP\u00f6yt\u00e4levyn maks. staattinen kantavuus: 45,4 kg<br \/>\nP\u00f6yt\u00e4levyn alla olevan lokeron maks. staattinen kantavuus: 22,5 kg<br \/>\n3 avoimen lokeron maks. staattinen kantavuus yhteens\u00e4: 22,5 kg<\/p>\n","protected":false},"excerpt":{"rendered":"<p>VASAGLE sohvap\u00f6yt\u00e4, korkeuss\u00e4\u00e4dett\u00e4v\u00e4 olohuoneen p\u00f6yt\u00e4, kahvip\u00f6yt\u00e4, piilotetulla s\u00e4ilytystilalla ja avoimilla lokeroilla, ter\u00e4srunko, 50 x 100 x (46,5-62) cm, vintage-ruskea-musta LCT202B01<\/p>\n","protected":false},"featured_media":42051,"comment_status":"open","ping_status":"closed","template":"","meta":[],"product_brand":[],"product_cat":[32],"product_tag":[],"class_list":{"0":"post-33115","1":"product","2":"type-product","3":"status-publish","4":"has-post-thumbnail","6":"product_cat-uncategorized-fi","8":"first","9":"instock","10":"shipping-taxable","11":"purchasable","12":"product-type-simple"},"_links":{"self":[{"href":"https:\/\/nordicmart.andreevmaster.com\/fi\/wp-json\/wp\/v2\/product\/33115","targetHints":{"allow":["GET"]}}],"collection":[{"href":"https:\/\/nordicmart.andreevmaster.com\/fi\/wp-json\/wp\/v2\/product"}],"about":[{"href":"https:\/\/nordicmart.andreevmaster.com\/fi\/wp-json\/wp\/v2\/types\/product"}],"replies":[{"embeddable":true,"href":"https:\/\/nordicmart.andreevmaster.com\/fi\/wp-json\/wp\/v2\/comments?post=33115"}],"wp:featuredmedia":[{"embeddable":true,"href":"https:\/\/nordicmart.andreevmaster.com\/fi\/wp-json\/wp\/v2\/media\/42051"}],"wp:attachment":[{"href":"https:\/\/nordicmart.andreevmaster.com\/fi\/wp-json\/wp\/v2\/media?parent=33115"}],"wp:term":[{"taxonomy":"product_brand","embeddable":true,"href":"https:\/\/nordicmart.andreevmaster.com\/fi\/wp-json\/wp\/v2\/product_brand?post=33115"},{"taxonomy":"product_cat","embeddable":true,"href":"https:\/\/nordicmart.andreevmaster.com\/fi\/wp-json\/wp\/v2\/product_cat?post=33115"},{"taxonomy":"product_tag","embeddable":true,"href":"https:\/\/nordicmart.andreevmaster.com\/fi\/wp-json\/wp\/v2\/product_tag?post=33115"}],"curies":[{"name":"wp","href":"https:\/\/api.w.org\/{rel}","templated":true}]}}