{"id":33114,"date":"2026-02-27T00:20:02","date_gmt":"2026-02-27T00:20:02","guid":{"rendered":"https:\/\/nordicmart.andreevmaster.com\/product\/vasagle-korkeussaadettava-sohvapoyta-avoimilla-lokeroilla-vintage-ruskea-musta\/"},"modified":"2026-02-27T09:41:08","modified_gmt":"2026-02-27T09:41:08","slug":"vasagle-korkeussaadettava-sohvapoyta-avoimilla-lokeroilla-vintage-ruskea-musta","status":"publish","type":"product","link":"https:\/\/nordicmart.andreevmaster.com\/fi\/tuote\/vasagle-korkeussaadettava-sohvapoyta-avoimilla-lokeroilla-vintage-ruskea-musta\/","title":{"rendered":"VASAGLE korkeuss\u00e4\u00e4dett\u00e4v\u00e4 sohvap\u00f6yt\u00e4 avoimilla lokeroilla, vintage-ruskea-musta"},"content":{"rendered":"<p>VASAGLE sohvap\u00f6yt\u00e4, korkeuss\u00e4\u00e4dett\u00e4v\u00e4 olohuoneen p\u00f6yt\u00e4, kahvip\u00f6yt\u00e4, piilotetulla s\u00e4ilytystilalla ja avoimilla lokeroilla, ter\u00e4srunko, 50 x 100 x (46,5-62) cm, vintage-ruskea-musta LCT202B01<br \/>\nV\u00e4ri: vintage-ruskea-musta<br \/>\nMateriaali: lastulevy, ter\u00e4s<br \/>\nKoko: 50 x 100 cm (S x L)<br \/>\nP\u00f6yd\u00e4n korkeus: 46,5\u201362 cm<br \/>\nPaino: 25,9 kg<br \/>\nP\u00f6yt\u00e4levyn maks. staattinen kantavuus: 45,4 kg<br \/>\nP\u00f6yt\u00e4levyn alla olevan lokeron maks. staattinen kantavuus: 22,5 kg<br \/>\n3 avoimen lokeron maks. staattinen kantavuus yhteens\u00e4: 22,5 kg<\/p>\n","protected":false},"excerpt":{"rendered":"<p>VASAGLE sohvap\u00f6yt\u00e4, korkeuss\u00e4\u00e4dett\u00e4v\u00e4 olohuoneen p\u00f6yt\u00e4, kahvip\u00f6yt\u00e4, piilotetulla s\u00e4ilytystilalla ja avoimilla lokeroilla, ter\u00e4srunko, 50 x 100 x (46,5-62) cm, vintage-ruskea-musta LCT202B01<\/p>\n","protected":false},"featured_media":0,"comment_status":"open","ping_status":"closed","template":"","meta":[],"product_brand":[],"product_cat":[32],"product_tag":[],"class_list":{"0":"post-33114","1":"product","2":"type-product","3":"status-publish","5":"product_cat-uncategorized-fi","7":"first","8":"instock","9":"shipping-taxable","10":"purchasable","11":"product-type-simple"},"_links":{"self":[{"href":"https:\/\/nordicmart.andreevmaster.com\/fi\/wp-json\/wp\/v2\/product\/33114","targetHints":{"allow":["GET"]}}],"collection":[{"href":"https:\/\/nordicmart.andreevmaster.com\/fi\/wp-json\/wp\/v2\/product"}],"about":[{"href":"https:\/\/nordicmart.andreevmaster.com\/fi\/wp-json\/wp\/v2\/types\/product"}],"replies":[{"embeddable":true,"href":"https:\/\/nordicmart.andreevmaster.com\/fi\/wp-json\/wp\/v2\/comments?post=33114"}],"wp:attachment":[{"href":"https:\/\/nordicmart.andreevmaster.com\/fi\/wp-json\/wp\/v2\/media?parent=33114"}],"wp:term":[{"taxonomy":"product_brand","embeddable":true,"href":"https:\/\/nordicmart.andreevmaster.com\/fi\/wp-json\/wp\/v2\/product_brand?post=33114"},{"taxonomy":"product_cat","embeddable":true,"href":"https:\/\/nordicmart.andreevmaster.com\/fi\/wp-json\/wp\/v2\/product_cat?post=33114"},{"taxonomy":"product_tag","embeddable":true,"href":"https:\/\/nordicmart.andreevmaster.com\/fi\/wp-json\/wp\/v2\/product_tag?post=33114"}],"curies":[{"name":"wp","href":"https:\/\/api.w.org\/{rel}","templated":true}]}}