{"id":33110,"date":"2026-02-27T00:20:01","date_gmt":"2026-02-27T00:20:01","guid":{"rendered":"https:\/\/nordicmart.andreevmaster.com\/product\/vasagle-teollinen-design-sohvapoyta-hexagon\/"},"modified":"2026-02-27T09:41:07","modified_gmt":"2026-02-27T09:41:07","slug":"vasagle-teollinen-design-sohvapoyta-hexagon","status":"publish","type":"product","link":"https:\/\/nordicmart.andreevmaster.com\/fi\/tuote\/vasagle-teollinen-design-sohvapoyta-hexagon\/","title":{"rendered":"VASAGLE teollinen design-sohvap\u00f6yt\u00e4 Hexagon"},"content":{"rendered":"<p>VASAGLE &#8211; Se edustaa mielikuvituksellista yhdistelm\u00e4\u00e4 toiminnallisuutta, kest\u00e4vyytt\u00e4 ja tyylikk\u00e4it\u00e4 vintage-malleja. Jos haluat antaa huoneillesi yksil\u00f6llisen ilmeen ja antiikkisen s\u00e4vyn, t\u00e4ll\u00e4 huonekalusarjalla voit saavuttaa vaikuttavia tuloksia. Kutsu perhe ja yst\u00e4v\u00e4t yhteen p\u00f6yd\u00e4n \u00e4\u00e4reen T\u00e4m\u00e4n sohvap\u00f6yd\u00e4n vintage-design luo kodikkaan tunnelman olohuoneeseesi ja kutsuu vieraasi viipym\u00e4\u00e4n. Kokoa yst\u00e4v\u00e4si pian 75 x 45 x 75 cm (L x K x S) kokoisen p\u00f6yd\u00e4n \u00e4\u00e4reen ja j\u00e4rjest\u00e4 hauska peli-ilta. Pelikokoelmasi mahtuu t\u00e4ydellisesti k\u00e4yt\u00e4nn\u00f6lliselle ritil\u00e4hyllylle. Tai ehk\u00e4 pid\u00e4t siit\u00e4, ett\u00e4 tarjoat v\u00e4lipaloja ja juomia olohuoneen p\u00f6yd\u00e4ll\u00e4 ja rentoudut perheen kanssa television \u00e4\u00e4ress\u00e4? Riippumatta siit\u00e4, mit\u00e4 suunnitelmia sinulla on, VASAGLE:n vintage-huonekalujen avulla voit toteuttaa sisustussuunnitelmasi helposti! Tuotetiedot: &#8211; V\u00e4ri: vintage, musta &#8211; Materiaali: rautakehys, puulevy (paksuus: 15 mm) &#8211; Mitat: 75 x 45 x 75 cm (L x K x S) &#8211; Paino: 14 kg Toimitus sis\u00e4lt\u00e4\u00e4: &#8211; 1 x sohvap\u00f6yt\u00e4 &#8211; 1 x lis\u00e4varustepussi &#8211; 1 x ohjeet (DE, EN, FR, ES, IT) VASAGLE-huomautukset: &#8211; Tuote on tarkoitettu k\u00e4ytett\u00e4v\u00e4ksi vain sis\u00e4tiloissa. Aseta se kuivaan ymp\u00e4rist\u00f6\u00f6n.<\/p>\n","protected":false},"excerpt":{"rendered":"<p>VASAGLE Vintage-olohuoneen p\u00f6yt\u00e4, sohvap\u00f6yt\u00e4, kahvip\u00f6yt\u00e4, olohuoneeseen tai toimistoon, vakaa, metallirunko ja ritil\u00e4hylly, kuusikulmainen, puun n\u00e4k\u00f6inen LCT16X<\/p>\n","protected":false},"featured_media":42047,"comment_status":"open","ping_status":"closed","template":"","meta":[],"product_brand":[],"product_cat":[32],"product_tag":[],"class_list":{"0":"post-33110","1":"product","2":"type-product","3":"status-publish","4":"has-post-thumbnail","6":"product_cat-uncategorized-fi","8":"first","9":"instock","10":"shipping-taxable","11":"purchasable","12":"product-type-simple"},"_links":{"self":[{"href":"https:\/\/nordicmart.andreevmaster.com\/fi\/wp-json\/wp\/v2\/product\/33110","targetHints":{"allow":["GET"]}}],"collection":[{"href":"https:\/\/nordicmart.andreevmaster.com\/fi\/wp-json\/wp\/v2\/product"}],"about":[{"href":"https:\/\/nordicmart.andreevmaster.com\/fi\/wp-json\/wp\/v2\/types\/product"}],"replies":[{"embeddable":true,"href":"https:\/\/nordicmart.andreevmaster.com\/fi\/wp-json\/wp\/v2\/comments?post=33110"}],"wp:featuredmedia":[{"embeddable":true,"href":"https:\/\/nordicmart.andreevmaster.com\/fi\/wp-json\/wp\/v2\/media\/42047"}],"wp:attachment":[{"href":"https:\/\/nordicmart.andreevmaster.com\/fi\/wp-json\/wp\/v2\/media?parent=33110"}],"wp:term":[{"taxonomy":"product_brand","embeddable":true,"href":"https:\/\/nordicmart.andreevmaster.com\/fi\/wp-json\/wp\/v2\/product_brand?post=33110"},{"taxonomy":"product_cat","embeddable":true,"href":"https:\/\/nordicmart.andreevmaster.com\/fi\/wp-json\/wp\/v2\/product_cat?post=33110"},{"taxonomy":"product_tag","embeddable":true,"href":"https:\/\/nordicmart.andreevmaster.com\/fi\/wp-json\/wp\/v2\/product_tag?post=33110"}],"curies":[{"name":"wp","href":"https:\/\/api.w.org\/{rel}","templated":true}]}}