{"id":33109,"date":"2026-02-27T00:20:01","date_gmt":"2026-02-27T00:20:01","guid":{"rendered":"https:\/\/nordicmart.andreevmaster.com\/product\/vasagle-rustikaalinen-maalaistyyli-konsolipoyta\/"},"modified":"2026-02-27T09:41:07","modified_gmt":"2026-02-27T09:41:07","slug":"vasagle-rustikaalinen-maalaistyyli-konsolipoyta","status":"publish","type":"product","link":"https:\/\/nordicmart.andreevmaster.com\/fi\/tuote\/vasagle-rustikaalinen-maalaistyyli-konsolipoyta\/","title":{"rendered":"VASAGLE Rustikaalinen maalaistyyli konsolip\u00f6yt\u00e4"},"content":{"rendered":"<p>Tervetuloa kotiin Kaunis eteisp\u00f6yt\u00e4 on kuin l\u00e4mmin tervetulotoivotus, kun astut kotiisi. Laske laukku ja avaimet p\u00f6yd\u00e4lle ja unohda p\u00e4iv\u00e4n stressi. K\u00e4yt\u00e4nn\u00f6llinen ja koristeellinen T\u00e4m\u00e4 konsolip\u00f6yt\u00e4 yhdist\u00e4\u00e4 useita toimintoja \u2013 se tarjoaa runsaasti tilaa tavaroiden s\u00e4ilytt\u00e4miseen ja toimii samalla kodin koristeena. Tilava p\u00f6yt\u00e4levy, kaksi laatikkoa ja kaksi hylly\u00e4 tarjoavat runsaasti s\u00e4ilytystilaa valokuvakehyksille, kasveille, maljakoille jne. P\u00f6yd\u00e4n lopullinen k\u00e4ytt\u00f6tarkoitus on t\u00e4ysin sinun p\u00e4\u00e4tett\u00e4viss\u00e4si!Vakauden s\u00e4ilytt\u00e4minen on t\u00e4rke\u00e4\u00e4Vakaus on aina t\u00e4rke\u00e4 tekij\u00e4 uutta p\u00f6yt\u00e4\u00e4 hankittaessa. Jotta sinun ei tarvitse murehtia t\u00e4t\u00e4, t\u00e4m\u00e4n eteisen p\u00f6yd\u00e4n jalat on valmistettu massiivipuusta. Ne takaavat korkean vakauden, joten kaikki tavarat voidaan s\u00e4ilytt\u00e4\u00e4 turvallisesti t\u00e4ll\u00e4 sivup\u00f6yd\u00e4ll\u00e4. Tuotetiedot:- V\u00e4ri: tummanruskea\/maalaistyyli, v\u00e4rikk\u00e4ill\u00e4 raidoilla &#8211; Materiaali: keskitihe\u00e4 kuitulevy (MDF), koivupuuviilu, Schima Superba (jalat) &#8211; Mitat: 105 x 38 x 77 cm (P x L x K) &#8211; Paino: 19 kg &#8211; Maks. kantavuus: P\u00f6yt\u00e4levy &#8211; 60 kg, keskimm\u00e4inen hylly &#8211; 22 kg, alahylly &#8211; 20 kgToimitus sis\u00e4lt\u00e4\u00e4:- 1 x sivup\u00f6yt\u00e4- 1 x ohjeet (DE, EN, FR, ES, IT)VASAGLE-ohjeet:- \u00c4l\u00e4 s\u00e4ilyt\u00e4 tuotetta pitk\u00e4\u00e4n ulkona.- Tuote ei saa joutua kosketuksiin ter\u00e4vien esineiden tai aggressiivisten kemikaalien kanssa, jotta se ei vahingoitu. &#8211; \u00c4l\u00e4 aseta liian painavia esineit\u00e4 t\u00e4m\u00e4n tuotteen p\u00e4\u00e4lle.<\/p>\n","protected":false},"excerpt":{"rendered":"<p>VASAGLE konsolip\u00f6yt\u00e4 v\u00e4rikk\u00e4ill\u00e4 laatikoilla, eteisp\u00f6yt\u00e4 3 tasolla, hyllyill\u00e4, eteiseen, helppo asentaa, sorvatut massiivipuujalat, kuten roomalaiset pylv\u00e4\u00e4t, maalaistyyli, tummanruskea LCT15GL<\/p>\n","protected":false},"featured_media":42046,"comment_status":"open","ping_status":"closed","template":"","meta":[],"product_brand":[],"product_cat":[32],"product_tag":[],"class_list":{"0":"post-33109","1":"product","2":"type-product","3":"status-publish","4":"has-post-thumbnail","6":"product_cat-uncategorized-fi","8":"first","9":"instock","10":"shipping-taxable","11":"purchasable","12":"product-type-simple"},"_links":{"self":[{"href":"https:\/\/nordicmart.andreevmaster.com\/fi\/wp-json\/wp\/v2\/product\/33109","targetHints":{"allow":["GET"]}}],"collection":[{"href":"https:\/\/nordicmart.andreevmaster.com\/fi\/wp-json\/wp\/v2\/product"}],"about":[{"href":"https:\/\/nordicmart.andreevmaster.com\/fi\/wp-json\/wp\/v2\/types\/product"}],"replies":[{"embeddable":true,"href":"https:\/\/nordicmart.andreevmaster.com\/fi\/wp-json\/wp\/v2\/comments?post=33109"}],"wp:featuredmedia":[{"embeddable":true,"href":"https:\/\/nordicmart.andreevmaster.com\/fi\/wp-json\/wp\/v2\/media\/42046"}],"wp:attachment":[{"href":"https:\/\/nordicmart.andreevmaster.com\/fi\/wp-json\/wp\/v2\/media?parent=33109"}],"wp:term":[{"taxonomy":"product_brand","embeddable":true,"href":"https:\/\/nordicmart.andreevmaster.com\/fi\/wp-json\/wp\/v2\/product_brand?post=33109"},{"taxonomy":"product_cat","embeddable":true,"href":"https:\/\/nordicmart.andreevmaster.com\/fi\/wp-json\/wp\/v2\/product_cat?post=33109"},{"taxonomy":"product_tag","embeddable":true,"href":"https:\/\/nordicmart.andreevmaster.com\/fi\/wp-json\/wp\/v2\/product_tag?post=33109"}],"curies":[{"name":"wp","href":"https:\/\/api.w.org\/{rel}","templated":true}]}}