{"id":33108,"date":"2026-02-27T00:20:00","date_gmt":"2026-02-27T00:20:00","guid":{"rendered":"https:\/\/nordicmart.andreevmaster.com\/product\/vasagle-rustikaalinen-maalaistyyliinen-sohvapoyta\/"},"modified":"2026-02-27T09:41:07","modified_gmt":"2026-02-27T09:41:07","slug":"vasagle-rustikaalinen-maalaistyyliinen-sohvapoyta","status":"publish","type":"product","link":"https:\/\/nordicmart.andreevmaster.com\/fi\/tuote\/vasagle-rustikaalinen-maalaistyyliinen-sohvapoyta\/","title":{"rendered":"VASAGLE Rustikaalinen maalaistyyliinen sohvap\u00f6yt\u00e4"},"content":{"rendered":"<p>Tarvitsetko lis\u00e4\u00e4 tilaa? Ved\u00e4tk\u00f6 olohuoneen p\u00f6yt\u00e4\u00e4 aina lattian yli, jotta p\u00e4\u00e4set k\u00e4siksi kannettavaan tietokoneeseen, naposteltaviin tai pelinappuloihin? T\u00e4st\u00e4 l\u00e4htien meid\u00e4n ulosvedett\u00e4v\u00e4 sohvap\u00f6yt\u00e4 hoitaa t\u00e4m\u00e4n teht\u00e4v\u00e4n puolestasi! Nosta vain p\u00f6yt\u00e4levy ja ved\u00e4 se itse\u00e4si kohti. N\u00e4in kaikki tavarat ovat aina k\u00e4den ulottuvilla, kun istut sohvalla. Unohda selk\u00e4kipu tai lattialle pudonneet sipulit \u2013 nyt kaikki on suoraan edess\u00e4si! S\u00e4ilytystilan variaatiot P\u00f6yd\u00e4n pinnan alla on piilotettu lokero, johon voit esimerkiksi s\u00e4ilytt\u00e4\u00e4 kirjoja, kaukos\u00e4\u00e4timi\u00e4, lehti\u00e4, videopelej\u00e4 tai DVD-levyj\u00e4. Alla oleva hylly tarjoaa runsaasti tilaa lautapeleille tai suuremmille esineille. Kohokohta kotiisi Yhdist\u00e4m\u00e4ll\u00e4 p\u00f6yt\u00e4levyn ja -jalat tyylikk\u00e4\u00e4seen tummanruskeaan s\u00e4vyyn ja v\u00e4rikk\u00e4\u00e4sti raidalliseen hyllyyn, t\u00e4m\u00e4 sohvap\u00f6yt\u00e4 on varmasti kohokohta jokaisessa kodissa. Se sopii erityisen hyvin perinteisiin sisustustuotteisiin sek\u00e4 maalaistyyliin tai vintage-tyyliin sisustettuihin huoneisiin. Lis\u00e4ksi voit sijoittaa sen melkein mihin tahansa huoneeseen asunnossasi. Tuotetiedot: &#8211; V\u00e4ri: tummanruskea, v\u00e4rikk\u00e4\u00e4t raidat &#8211; Materiaali: MDF (keskitihe\u00e4 kuitulevy), koivuvaneri, schima-puusta valmistetut p\u00f6yd\u00e4njalat &#8211; Koko: 110 x 50 x 48-66 cm (P x L x K) &#8211; Paino: 22,5 kg &#8211; Maks. staattinen kantavuus: 90 kg Toimitus sis\u00e4lt\u00e4\u00e4: &#8211; 1 x olohuoneen p\u00f6yt\u00e4 &#8211; 1 x ohjeet (DE, EN, FR, ES, IT) VASAGLE Huomautukset: &#8211; \u00c4l\u00e4 j\u00e4t\u00e4 tuotetta pitk\u00e4ksi aikaa ulos. &#8211; Pid\u00e4 tuote poissa ter\u00e4vien ja ter\u00e4vien esineiden l\u00e4heisyydest\u00e4 vahingoittumisen v\u00e4ltt\u00e4miseksi.<\/p>\n","protected":false},"excerpt":{"rendered":"<p>VASAGLE korkeuss\u00e4\u00e4dett\u00e4v\u00e4 sohvap\u00f6yt\u00e4, kahvip\u00f6yt\u00e4, ulosvedett\u00e4v\u00e4 olohuoneen p\u00f6yt\u00e4, jossa v\u00e4rik\u00e4s hylly ja s\u00e4ilytystila, sohvap\u00f6yt\u00e4 olohuoneeseen, toimistoon, 107 x 48 x 48-62 cm, tummanruskea LCT14GL<\/p>\n","protected":false},"featured_media":42045,"comment_status":"open","ping_status":"closed","template":"","meta":[],"product_brand":[],"product_cat":[32],"product_tag":[],"class_list":{"0":"post-33108","1":"product","2":"type-product","3":"status-publish","4":"has-post-thumbnail","6":"product_cat-uncategorized-fi","8":"first","9":"instock","10":"shipping-taxable","11":"purchasable","12":"product-type-simple"},"_links":{"self":[{"href":"https:\/\/nordicmart.andreevmaster.com\/fi\/wp-json\/wp\/v2\/product\/33108","targetHints":{"allow":["GET"]}}],"collection":[{"href":"https:\/\/nordicmart.andreevmaster.com\/fi\/wp-json\/wp\/v2\/product"}],"about":[{"href":"https:\/\/nordicmart.andreevmaster.com\/fi\/wp-json\/wp\/v2\/types\/product"}],"replies":[{"embeddable":true,"href":"https:\/\/nordicmart.andreevmaster.com\/fi\/wp-json\/wp\/v2\/comments?post=33108"}],"wp:featuredmedia":[{"embeddable":true,"href":"https:\/\/nordicmart.andreevmaster.com\/fi\/wp-json\/wp\/v2\/media\/42045"}],"wp:attachment":[{"href":"https:\/\/nordicmart.andreevmaster.com\/fi\/wp-json\/wp\/v2\/media?parent=33108"}],"wp:term":[{"taxonomy":"product_brand","embeddable":true,"href":"https:\/\/nordicmart.andreevmaster.com\/fi\/wp-json\/wp\/v2\/product_brand?post=33108"},{"taxonomy":"product_cat","embeddable":true,"href":"https:\/\/nordicmart.andreevmaster.com\/fi\/wp-json\/wp\/v2\/product_cat?post=33108"},{"taxonomy":"product_tag","embeddable":true,"href":"https:\/\/nordicmart.andreevmaster.com\/fi\/wp-json\/wp\/v2\/product_tag?post=33108"}],"curies":[{"name":"wp","href":"https:\/\/api.w.org\/{rel}","templated":true}]}}