{"id":33107,"date":"2026-02-27T00:20:00","date_gmt":"2026-02-27T00:20:00","guid":{"rendered":"https:\/\/nordicmart.andreevmaster.com\/product\/vasagle-sohvapoyta-2-laatikkoa-kolonialistinen-tyyli\/"},"modified":"2026-02-27T09:41:07","modified_gmt":"2026-02-27T09:41:07","slug":"vasagle-sohvapoyta-2-laatikkoa-kolonialistinen-tyyli","status":"publish","type":"product","link":"https:\/\/nordicmart.andreevmaster.com\/fi\/tuote\/vasagle-sohvapoyta-2-laatikkoa-kolonialistinen-tyyli\/","title":{"rendered":"VASAGLE sohvap\u00f6yt\u00e4 2 laatikkoa kolonialistinen tyyli"},"content":{"rendered":"<p>M\u00e4\u00e4rit\u00e4 kotisi tyyli uudelleen. Sijoita t\u00e4m\u00e4 p\u00f6yt\u00e4 olohuoneeseesi, toimistoosi, ty\u00f6huoneeseesi tai vastaanottoalueelle vieraiden vastaanottamista varten. Vaalean ja tummanruskean v\u00e4riyhdistelm\u00e4 antaa t\u00e4lle p\u00f6yd\u00e4lle ainutlaatuisen ilmeen, jota yksinkertaiset p\u00f6yd\u00e4t eiv\u00e4t voi ylitt\u00e4\u00e4.K\u00e4yt\u00e4nn\u00f6llinen muotoiluSuuren p\u00f6yt\u00e4levyn, kahden laatikon ja alaosan s\u00e4ilytystilan ansiosta voit s\u00e4ilytt\u00e4\u00e4 kaiken tarvitsemasi aina k\u00e4den ulottuvilla. Kahvip\u00f6yt\u00e4? Sohvap\u00f6yt\u00e4? Miten t\u00e4t\u00e4 p\u00f6yt\u00e4\u00e4 lopulta k\u00e4ytet\u00e4\u00e4n, on t\u00e4ysin sinun p\u00e4\u00e4tett\u00e4viss\u00e4si!Vakaus etusijallaT\u00e4ss\u00e4 sohvap\u00f6yd\u00e4ss\u00e4 on tukevat massiivipuujalat, ja sen kantavuus on jopa 136 kg. Nosta jalat yl\u00f6s, kun rentoudut sohvalla ja katsot elokuvaa \u2013 p\u00f6yt\u00e4 ei heilua! Jos pid\u00e4t t\u00e4st\u00e4 huonekalusta, tutustu my\u00f6s muihin VASAGLE-sarjan tuotteisiin \u2013 toisiinsa sopivat sisustustuotteet luovat viihtyisyytt\u00e4 \u2013 kotisi kiitt\u00e4\u00e4! Tuotetiedot:- V\u00e4ri: tumma p\u00e4hkin\u00e4puu, vaalea vaahtera &#8211; Materiaali: keskitihe\u00e4 kuitulevy (MDF), koivuvaneri, m\u00e4ntypuujalat &#8211; Mitat: 110 x 60 x 45 cm (P x L x K) &#8211; Paino: 27,2 kg &#8211; Maks. kuormituskyky: 136 kgToimitus sis\u00e4lt\u00e4\u00e4:- 1 x sohvap\u00f6yt\u00e4- 1 x tarvikepussi- 1 x ohjeet (DE, EN, FR, ES, IT)VASAGLE-ohjeet:- \u00c4l\u00e4 altista tuotetta voimakkaalle auringonvalolle pitk\u00e4ksi aikaa.- Tuote ei saa joutua kosketuksiin ter\u00e4vien esineiden kanssa, jotta se ei vahingoitu.<\/p>\n","protected":false},"excerpt":{"rendered":"<p>VASAGLE sohvap\u00f6yt\u00e4, 2 laatikkoa, 120 x 60 x 45 cm, kahvip\u00f6yt\u00e4 metallikahvoilla, massiivipuujalat, helppo asentaa, televisiop\u00f6yt\u00e4 olohuoneeseen, toimistoon LCT11CY<\/p>\n","protected":false},"featured_media":42044,"comment_status":"open","ping_status":"closed","template":"","meta":[],"product_brand":[],"product_cat":[32],"product_tag":[],"class_list":{"0":"post-33107","1":"product","2":"type-product","3":"status-publish","4":"has-post-thumbnail","6":"product_cat-uncategorized-fi","8":"first","9":"instock","10":"shipping-taxable","11":"purchasable","12":"product-type-simple"},"_links":{"self":[{"href":"https:\/\/nordicmart.andreevmaster.com\/fi\/wp-json\/wp\/v2\/product\/33107","targetHints":{"allow":["GET"]}}],"collection":[{"href":"https:\/\/nordicmart.andreevmaster.com\/fi\/wp-json\/wp\/v2\/product"}],"about":[{"href":"https:\/\/nordicmart.andreevmaster.com\/fi\/wp-json\/wp\/v2\/types\/product"}],"replies":[{"embeddable":true,"href":"https:\/\/nordicmart.andreevmaster.com\/fi\/wp-json\/wp\/v2\/comments?post=33107"}],"wp:featuredmedia":[{"embeddable":true,"href":"https:\/\/nordicmart.andreevmaster.com\/fi\/wp-json\/wp\/v2\/media\/42044"}],"wp:attachment":[{"href":"https:\/\/nordicmart.andreevmaster.com\/fi\/wp-json\/wp\/v2\/media?parent=33107"}],"wp:term":[{"taxonomy":"product_brand","embeddable":true,"href":"https:\/\/nordicmart.andreevmaster.com\/fi\/wp-json\/wp\/v2\/product_brand?post=33107"},{"taxonomy":"product_cat","embeddable":true,"href":"https:\/\/nordicmart.andreevmaster.com\/fi\/wp-json\/wp\/v2\/product_cat?post=33107"},{"taxonomy":"product_tag","embeddable":true,"href":"https:\/\/nordicmart.andreevmaster.com\/fi\/wp-json\/wp\/v2\/product_tag?post=33107"}],"curies":[{"name":"wp","href":"https:\/\/api.w.org\/{rel}","templated":true}]}}