{"id":33106,"date":"2026-02-27T00:20:00","date_gmt":"2026-02-27T00:20:00","guid":{"rendered":"https:\/\/nordicmart.andreevmaster.com\/product\/vasagle-olohuoneen-poyta-hasselpahkinanruskea-kultainen\/"},"modified":"2026-02-27T09:41:07","modified_gmt":"2026-02-27T09:41:07","slug":"vasagle-olohuoneen-poyta-hasselpahkinanruskea-kultainen","status":"publish","type":"product","link":"https:\/\/nordicmart.andreevmaster.com\/fi\/tuote\/vasagle-olohuoneen-poyta-hasselpahkinanruskea-kultainen\/","title":{"rendered":"VASAGLE olohuoneen p\u00f6yt\u00e4 hasselp\u00e4hkin\u00e4nruskea-kultainen"},"content":{"rendered":"<p>Tuotetiedot: &#8211; V\u00e4ri: hasselp\u00e4hkin\u00e4nruskea-kultainen &#8211; Materiaali: lastulevy, ter\u00e4s, karkaistu lasi &#8211; Koko: 80 x 45,5 cm (\u00d8 x K) &#8211; Paino: 12,8 kg &#8211; Lasipinnan maks. staattinen kantavuus: 10 kg &#8211; Alahyllyn maks. staattinen kantavuus: 10 kg Toimitus sis\u00e4lt\u00e4\u00e4:- 1 x sohvap\u00f6yt\u00e4 &#8211; 1 x lis\u00e4varustepaketti &#8211; 1 x ohjeet (DE, EN, FR, ES, IT) VASAGLE Huomautukset: &#8211; Turvallisuussyist\u00e4 lapset eiv\u00e4t saa kiivet\u00e4 tuotteelle tai leikki\u00e4 sill\u00e4.<\/p>\n","protected":false},"excerpt":{"rendered":"<p>VASAGLE olohuoneen p\u00f6yt\u00e4, sohvap\u00f6yt\u00e4, py\u00f6re\u00e4, karkaistu lasi, 2 tasoa, olohuoneeseen, p\u00e4hkin\u00e4nruskea-kultainen LCT100A03<\/p>\n","protected":false},"featured_media":42043,"comment_status":"open","ping_status":"closed","template":"","meta":[],"product_brand":[],"product_cat":[32],"product_tag":[],"class_list":{"0":"post-33106","1":"product","2":"type-product","3":"status-publish","4":"has-post-thumbnail","6":"product_cat-uncategorized-fi","8":"first","9":"instock","10":"shipping-taxable","11":"purchasable","12":"product-type-simple"},"_links":{"self":[{"href":"https:\/\/nordicmart.andreevmaster.com\/fi\/wp-json\/wp\/v2\/product\/33106","targetHints":{"allow":["GET"]}}],"collection":[{"href":"https:\/\/nordicmart.andreevmaster.com\/fi\/wp-json\/wp\/v2\/product"}],"about":[{"href":"https:\/\/nordicmart.andreevmaster.com\/fi\/wp-json\/wp\/v2\/types\/product"}],"replies":[{"embeddable":true,"href":"https:\/\/nordicmart.andreevmaster.com\/fi\/wp-json\/wp\/v2\/comments?post=33106"}],"wp:featuredmedia":[{"embeddable":true,"href":"https:\/\/nordicmart.andreevmaster.com\/fi\/wp-json\/wp\/v2\/media\/42043"}],"wp:attachment":[{"href":"https:\/\/nordicmart.andreevmaster.com\/fi\/wp-json\/wp\/v2\/media?parent=33106"}],"wp:term":[{"taxonomy":"product_brand","embeddable":true,"href":"https:\/\/nordicmart.andreevmaster.com\/fi\/wp-json\/wp\/v2\/product_brand?post=33106"},{"taxonomy":"product_cat","embeddable":true,"href":"https:\/\/nordicmart.andreevmaster.com\/fi\/wp-json\/wp\/v2\/product_cat?post=33106"},{"taxonomy":"product_tag","embeddable":true,"href":"https:\/\/nordicmart.andreevmaster.com\/fi\/wp-json\/wp\/v2\/product_tag?post=33106"}],"curies":[{"name":"wp","href":"https:\/\/api.w.org\/{rel}","templated":true}]}}