{"id":33105,"date":"2026-02-27T00:19:59","date_gmt":"2026-02-27T00:19:59","guid":{"rendered":"https:\/\/nordicmart.andreevmaster.com\/product\/vasagle-retro-sohvapoyta\/"},"modified":"2026-02-27T09:41:06","modified_gmt":"2026-02-27T09:41:06","slug":"vasagle-retro-sohvapoyta","status":"publish","type":"product","link":"https:\/\/nordicmart.andreevmaster.com\/fi\/tuote\/vasagle-retro-sohvapoyta\/","title":{"rendered":"VASAGLE Retro-sohvap\u00f6yt\u00e4"},"content":{"rendered":"<p>Retro, 50\/60-luvun tyyli On syy, miksi 50\/60-luvun tyyliset huonekalut ovat niin suosittuja: ne n\u00e4ytt\u00e4v\u00e4t aina ja kaikkialla upeilta. T\u00e4m\u00e4 sohvap\u00f6yt\u00e4 sopii moniin sisustustyyleihin ja n\u00e4ytt\u00e4\u00e4 upealta olohuoneessasi, eteisess\u00e4si tai toimistossasi. Suuri p\u00f6yt\u00e4pinta ja 3 ep\u00e4symmetrisesti sijoitettua, avointa lokeroa \u2013 t\u00e4m\u00e4 sohvap\u00f6yt\u00e4 tarjoaa runsaasti tilaa monenlaisille esineille. K\u00e4yt\u00e4 t\u00e4t\u00e4 tyylik\u00e4st\u00e4 huonekalua olohuoneen p\u00f6yt\u00e4n\u00e4, cocktailp\u00f6yt\u00e4n\u00e4 tai koristep\u00f6yt\u00e4n\u00e4 \u2013 p\u00e4\u00e4t\u00f6s on sinun! Luotettava VASAGLE-laatu  T\u00e4m\u00e4 sohvap\u00f6yt\u00e4 on valmistettu lastulevyst\u00e4 ja sen kantavuus on jopa 50 kg. Ulosp\u00e4in suuntautuvat jalat viittaavat trendikk\u00e4\u00e4seen retrotyyliin ja on valmistettu kumipuusta, mik\u00e4 tekee niist\u00e4 erityisen tukevat. Ne kiinnitet\u00e4\u00e4n olohuoneen huonekalun runkoon tukevilla ruuveilla ja puutapeilla, jotta ne pysyv\u00e4t aina paikoillaan ja tarjoavat erinomaisen tuen. Jos pid\u00e4t t\u00e4st\u00e4 retrotyylisest\u00e4 sohvap\u00f6yd\u00e4st\u00e4, tutustu my\u00f6s muihin VASAGLE:n sopiviin huonekaluihin! Tuotetiedot: &#8211; V\u00e4ri: puu\/ruskea &#8211; Materiaali: lastulevy, kumipuu &#8211; Koko: 100 x 50 x 45 cm (P x L x K) &#8211; Paino: 13,9 kg &#8211; Maks. staattinen kantavuus: 50 kg Toimitus sis\u00e4lt\u00e4\u00e4: &#8211; 1 x retro-tyylinen olohuoneen p\u00f6yt\u00e4 &#8211; 1 x s\u00e4ilytyslaatikko tarvikkeille &#8211; 1 x ohjeet (DE, EN, FR, ES, IT)  VASAGLE-ohjeet: &#8211; Pid\u00e4 lapset poissa p\u00f6yd\u00e4n kulmista, jotta he eiv\u00e4t loukkaa itse\u00e4\u00e4n. &#8211; Nosta p\u00f6yt\u00e4, kun haluat siirt\u00e4\u00e4 sit\u00e4. \u00c4l\u00e4 raahaa sit\u00e4 lattian yli.<\/p>\n","protected":false},"excerpt":{"rendered":"<p>VASAGLE retrotyylinen sohvap\u00f6yt\u00e4, 50\/60-luvun tyylinen kahvip\u00f6yt\u00e4, olohuoneen p\u00f6yt\u00e4, jossa suuri hylly, sohvap\u00f6yt\u00e4, retrohuonekalut olohuoneeseesi, eteiseen, helppo koota, puun n\u00e4k\u00f6inen LCT09BX<\/p>\n","protected":false},"featured_media":42042,"comment_status":"open","ping_status":"closed","template":"","meta":[],"product_brand":[],"product_cat":[32],"product_tag":[],"class_list":{"0":"post-33105","1":"product","2":"type-product","3":"status-publish","4":"has-post-thumbnail","6":"product_cat-uncategorized-fi","8":"first","9":"instock","10":"shipping-taxable","11":"purchasable","12":"product-type-simple"},"_links":{"self":[{"href":"https:\/\/nordicmart.andreevmaster.com\/fi\/wp-json\/wp\/v2\/product\/33105","targetHints":{"allow":["GET"]}}],"collection":[{"href":"https:\/\/nordicmart.andreevmaster.com\/fi\/wp-json\/wp\/v2\/product"}],"about":[{"href":"https:\/\/nordicmart.andreevmaster.com\/fi\/wp-json\/wp\/v2\/types\/product"}],"replies":[{"embeddable":true,"href":"https:\/\/nordicmart.andreevmaster.com\/fi\/wp-json\/wp\/v2\/comments?post=33105"}],"wp:featuredmedia":[{"embeddable":true,"href":"https:\/\/nordicmart.andreevmaster.com\/fi\/wp-json\/wp\/v2\/media\/42042"}],"wp:attachment":[{"href":"https:\/\/nordicmart.andreevmaster.com\/fi\/wp-json\/wp\/v2\/media?parent=33105"}],"wp:term":[{"taxonomy":"product_brand","embeddable":true,"href":"https:\/\/nordicmart.andreevmaster.com\/fi\/wp-json\/wp\/v2\/product_brand?post=33105"},{"taxonomy":"product_cat","embeddable":true,"href":"https:\/\/nordicmart.andreevmaster.com\/fi\/wp-json\/wp\/v2\/product_cat?post=33105"},{"taxonomy":"product_tag","embeddable":true,"href":"https:\/\/nordicmart.andreevmaster.com\/fi\/wp-json\/wp\/v2\/product_tag?post=33105"}],"curies":[{"name":"wp","href":"https:\/\/api.w.org\/{rel}","templated":true}]}}