{"id":33102,"date":"2026-02-27T00:19:59","date_gmt":"2026-02-27T00:19:59","guid":{"rendered":"https:\/\/nordicmart.andreevmaster.com\/product\/vasagle-teollisen-muotoilun-sohvapoyta\/"},"modified":"2026-02-27T09:41:06","modified_gmt":"2026-02-27T09:41:06","slug":"vasagle-teollisen-muotoilun-sohvapoyta","status":"publish","type":"product","link":"https:\/\/nordicmart.andreevmaster.com\/fi\/tuote\/vasagle-teollisen-muotoilun-sohvapoyta\/","title":{"rendered":"VASAGLE teollisen muotoilun sohvap\u00f6yt\u00e4"},"content":{"rendered":"<p>Tuotetiedot: &#8211; V\u00e4ri: vintage-ruskea-musta &#8211; Materiaali: lastulevy, ter\u00e4s &#8211; Koko: 88 x 47 cm (\u00d8 x H) &#8211; Paino: 9 kg &#8211; Maks. staattinen kantavuus: 100 kg Toimitus sis\u00e4lt\u00e4\u00e4: &#8211; 1 x sohvap\u00f6yt\u00e4 &#8211; 1 x lis\u00e4varustepaketti &#8211; 1 x ohjeet VASAGLE Huomautukset:- Lapset eiv\u00e4t saa kiivet\u00e4 tuotteen p\u00e4\u00e4lle tai leikki\u00e4 sill\u00e4.<\/p>\n","protected":false},"excerpt":{"rendered":"<p>VASAGLE sohvap\u00f6yt\u00e4, olohuoneen p\u00f6yt\u00e4, py\u00f6re\u00e4, sohvap\u00f6yt\u00e4, kahvip\u00f6yt\u00e4, metallirunko, helppo koota, teollinen muotoilu, olohuoneeseen, makuuhuoneeseen, vintage-ruskea-musta LCT089B01<\/p>\n","protected":false},"featured_media":42039,"comment_status":"open","ping_status":"closed","template":"","meta":[],"product_brand":[],"product_cat":[32],"product_tag":[],"class_list":{"0":"post-33102","1":"product","2":"type-product","3":"status-publish","4":"has-post-thumbnail","6":"product_cat-uncategorized-fi","8":"first","9":"instock","10":"shipping-taxable","11":"purchasable","12":"product-type-simple"},"_links":{"self":[{"href":"https:\/\/nordicmart.andreevmaster.com\/fi\/wp-json\/wp\/v2\/product\/33102","targetHints":{"allow":["GET"]}}],"collection":[{"href":"https:\/\/nordicmart.andreevmaster.com\/fi\/wp-json\/wp\/v2\/product"}],"about":[{"href":"https:\/\/nordicmart.andreevmaster.com\/fi\/wp-json\/wp\/v2\/types\/product"}],"replies":[{"embeddable":true,"href":"https:\/\/nordicmart.andreevmaster.com\/fi\/wp-json\/wp\/v2\/comments?post=33102"}],"wp:featuredmedia":[{"embeddable":true,"href":"https:\/\/nordicmart.andreevmaster.com\/fi\/wp-json\/wp\/v2\/media\/42039"}],"wp:attachment":[{"href":"https:\/\/nordicmart.andreevmaster.com\/fi\/wp-json\/wp\/v2\/media?parent=33102"}],"wp:term":[{"taxonomy":"product_brand","embeddable":true,"href":"https:\/\/nordicmart.andreevmaster.com\/fi\/wp-json\/wp\/v2\/product_brand?post=33102"},{"taxonomy":"product_cat","embeddable":true,"href":"https:\/\/nordicmart.andreevmaster.com\/fi\/wp-json\/wp\/v2\/product_cat?post=33102"},{"taxonomy":"product_tag","embeddable":true,"href":"https:\/\/nordicmart.andreevmaster.com\/fi\/wp-json\/wp\/v2\/product_tag?post=33102"}],"curies":[{"name":"wp","href":"https:\/\/api.w.org\/{rel}","templated":true}]}}