{"id":33100,"date":"2026-02-27T00:19:58","date_gmt":"2026-02-27T00:19:58","guid":{"rendered":"https:\/\/nordicmart.andreevmaster.com\/product\/vasagle-pyorea-sohvapoyta-hyllylla-teollinen-muotoilu\/"},"modified":"2026-02-27T09:41:06","modified_gmt":"2026-02-27T09:41:06","slug":"vasagle-pyorea-sohvapoyta-hyllylla-teollinen-muotoilu","status":"publish","type":"product","link":"https:\/\/nordicmart.andreevmaster.com\/fi\/tuote\/vasagle-pyorea-sohvapoyta-hyllylla-teollinen-muotoilu\/","title":{"rendered":"VASAGLE py\u00f6re\u00e4 sohvap\u00f6yt\u00e4 hyllyll\u00e4, teollinen muotoilu"},"content":{"rendered":"<p>VASAGLE Py\u00f6re\u00e4 sohvap\u00f6yt\u00e4, olohuoneen p\u00f6yt\u00e4, sohvap\u00f6yt\u00e4 s\u00e4ilytystilalla, helppo koota, metalli, teollinen muotoilu, vintage, tummanruskea LCT80BX<br \/>\nV\u00e4ri: betongray-mustanmusta<br \/>\nMateriaali: lastulevy, ter\u00e4s<br \/>\nKoko: 80 cm (halkaisija), 46,5 cm (korkeus)<br \/>\nPaino: 10,6 kg<br \/>\nMaks. staattinen kokonaiskuormitus: 50 kg<\/p>\n","protected":false},"excerpt":{"rendered":"<p>VASAGLE Py\u00f6re\u00e4 sohvap\u00f6yt\u00e4, olohuoneen p\u00f6yt\u00e4, sohvap\u00f6yt\u00e4 s\u00e4ilytystilalla, helppo koota, metalli, teollinen muotoilu, vintage, tummanruskea LCT80BX<\/p>\n","protected":false},"featured_media":42037,"comment_status":"open","ping_status":"closed","template":"","meta":[],"product_brand":[],"product_cat":[32],"product_tag":[],"class_list":{"0":"post-33100","1":"product","2":"type-product","3":"status-publish","4":"has-post-thumbnail","6":"product_cat-uncategorized-fi","8":"first","9":"instock","10":"shipping-taxable","11":"purchasable","12":"product-type-simple"},"_links":{"self":[{"href":"https:\/\/nordicmart.andreevmaster.com\/fi\/wp-json\/wp\/v2\/product\/33100","targetHints":{"allow":["GET"]}}],"collection":[{"href":"https:\/\/nordicmart.andreevmaster.com\/fi\/wp-json\/wp\/v2\/product"}],"about":[{"href":"https:\/\/nordicmart.andreevmaster.com\/fi\/wp-json\/wp\/v2\/types\/product"}],"replies":[{"embeddable":true,"href":"https:\/\/nordicmart.andreevmaster.com\/fi\/wp-json\/wp\/v2\/comments?post=33100"}],"wp:featuredmedia":[{"embeddable":true,"href":"https:\/\/nordicmart.andreevmaster.com\/fi\/wp-json\/wp\/v2\/media\/42037"}],"wp:attachment":[{"href":"https:\/\/nordicmart.andreevmaster.com\/fi\/wp-json\/wp\/v2\/media?parent=33100"}],"wp:term":[{"taxonomy":"product_brand","embeddable":true,"href":"https:\/\/nordicmart.andreevmaster.com\/fi\/wp-json\/wp\/v2\/product_brand?post=33100"},{"taxonomy":"product_cat","embeddable":true,"href":"https:\/\/nordicmart.andreevmaster.com\/fi\/wp-json\/wp\/v2\/product_cat?post=33100"},{"taxonomy":"product_tag","embeddable":true,"href":"https:\/\/nordicmart.andreevmaster.com\/fi\/wp-json\/wp\/v2\/product_tag?post=33100"}],"curies":[{"name":"wp","href":"https:\/\/api.w.org\/{rel}","templated":true}]}}