{"id":33095,"date":"2026-02-27T00:19:57","date_gmt":"2026-02-27T00:19:57","guid":{"rendered":"https:\/\/nordicmart.andreevmaster.com\/product\/vasagle-olohuoneen-poyta-lasilevylla-moderni-tyyli-marmorimusta-mustanmusta\/"},"modified":"2026-02-27T09:41:05","modified_gmt":"2026-02-27T09:41:05","slug":"vasagle-olohuoneen-poyta-lasilevylla-moderni-tyyli-marmorimusta-mustanmusta","status":"publish","type":"product","link":"https:\/\/nordicmart.andreevmaster.com\/fi\/tuote\/vasagle-olohuoneen-poyta-lasilevylla-moderni-tyyli-marmorimusta-mustanmusta\/","title":{"rendered":"VASAGLE Olohuoneen p\u00f6yt\u00e4 lasilevyll\u00e4, moderni tyyli, marmorimusta-mustanmusta"},"content":{"rendered":"<p>VASAGLE sohvap\u00f6yt\u00e4, olohuoneen p\u00f6yt\u00e4, sohvap\u00f6yt\u00e4, olohuoneeseen, lasilevyll\u00e4, paljon s\u00e4ilytystilaa, helppo koota, moderni tyyli, valkoinen marmorimainen ulkon\u00e4k\u00f6, musta runko LCT071B13<br \/>\nV\u00e4ri: Marmorimusta-mustesuihkumusta<br \/>\nMateriaali: lastulevy, karkaistu lasi, ter\u00e4s<br \/>\nKoko (s\u00e4\u00e4dett\u00e4vill\u00e4 jaloilla): 80 x 46 cm (\u00d8 x H)<br \/>\nPaino: 13,6 kg<br \/>\nMaks. staattinen kantavuus: 30 kg<\/p>\n","protected":false},"excerpt":{"rendered":"<p>VASAGLE sohvap\u00f6yt\u00e4, olohuoneen p\u00f6yt\u00e4, sohvap\u00f6yt\u00e4, olohuoneeseen, lasilevyll\u00e4, paljon s\u00e4ilytystilaa, helppo koota, moderni tyyli, valkoinen marmorimainen ulkon\u00e4k\u00f6, musta runko LCT071B13<\/p>\n","protected":false},"featured_media":0,"comment_status":"open","ping_status":"closed","template":"","meta":[],"product_brand":[],"product_cat":[32],"product_tag":[],"class_list":{"0":"post-33095","1":"product","2":"type-product","3":"status-publish","5":"product_cat-uncategorized-fi","7":"first","8":"instock","9":"shipping-taxable","10":"purchasable","11":"product-type-simple"},"_links":{"self":[{"href":"https:\/\/nordicmart.andreevmaster.com\/fi\/wp-json\/wp\/v2\/product\/33095","targetHints":{"allow":["GET"]}}],"collection":[{"href":"https:\/\/nordicmart.andreevmaster.com\/fi\/wp-json\/wp\/v2\/product"}],"about":[{"href":"https:\/\/nordicmart.andreevmaster.com\/fi\/wp-json\/wp\/v2\/types\/product"}],"replies":[{"embeddable":true,"href":"https:\/\/nordicmart.andreevmaster.com\/fi\/wp-json\/wp\/v2\/comments?post=33095"}],"wp:attachment":[{"href":"https:\/\/nordicmart.andreevmaster.com\/fi\/wp-json\/wp\/v2\/media?parent=33095"}],"wp:term":[{"taxonomy":"product_brand","embeddable":true,"href":"https:\/\/nordicmart.andreevmaster.com\/fi\/wp-json\/wp\/v2\/product_brand?post=33095"},{"taxonomy":"product_cat","embeddable":true,"href":"https:\/\/nordicmart.andreevmaster.com\/fi\/wp-json\/wp\/v2\/product_cat?post=33095"},{"taxonomy":"product_tag","embeddable":true,"href":"https:\/\/nordicmart.andreevmaster.com\/fi\/wp-json\/wp\/v2\/product_tag?post=33095"}],"curies":[{"name":"wp","href":"https:\/\/api.w.org\/{rel}","templated":true}]}}