{"id":33094,"date":"2026-02-27T00:19:57","date_gmt":"2026-02-27T00:19:57","guid":{"rendered":"https:\/\/nordicmart.andreevmaster.com\/product\/vasagle-sohvapoyta-2-hyllya-olohuoneeseen\/"},"modified":"2026-02-27T09:41:05","modified_gmt":"2026-02-27T09:41:05","slug":"vasagle-sohvapoyta-2-hyllya-olohuoneeseen","status":"publish","type":"product","link":"https:\/\/nordicmart.andreevmaster.com\/fi\/tuote\/vasagle-sohvapoyta-2-hyllya-olohuoneeseen\/","title":{"rendered":"VASAGLE sohvap\u00f6yt\u00e4, 2 hylly\u00e4, olohuoneeseen"},"content":{"rendered":"<p>VASAGLE sohvap\u00f6yt\u00e4, olohuoneen p\u00f6yt\u00e4, sohvap\u00f6yt\u00e4, olohuoneeseen, lasilevyll\u00e4, paljon s\u00e4ilytystilaa, helppo koota, moderni tyyli, valkoinen marmorimainen ulkon\u00e4k\u00f6, musta runko LCT071B13<br \/>\nV\u00e4ri: valkoinen marmorimainen, musta runko<br \/>\nMateriaali: lastulevy, ter\u00e4s, karkaistu lasi<br \/>\nKoko: 80 x 44,5 cm (\u00d8 x K)<br \/>\nPaino: 12,4 kg<br \/>\nMaks. staattinen kantavuus: 20 kg<\/p>\n","protected":false},"excerpt":{"rendered":"<p>VASAGLE sohvap\u00f6yt\u00e4, olohuoneen p\u00f6yt\u00e4, sohvap\u00f6yt\u00e4, olohuoneeseen, lasilevyll\u00e4, paljon s\u00e4ilytystilaa, helppo koota, moderni tyyli, valkoinen marmorimainen ulkon\u00e4k\u00f6, musta runko LCT071B13<\/p>\n","protected":false},"featured_media":42036,"comment_status":"open","ping_status":"closed","template":"","meta":[],"product_brand":[],"product_cat":[32],"product_tag":[],"class_list":{"0":"post-33094","1":"product","2":"type-product","3":"status-publish","4":"has-post-thumbnail","6":"product_cat-uncategorized-fi","8":"first","9":"instock","10":"shipping-taxable","11":"purchasable","12":"product-type-simple"},"_links":{"self":[{"href":"https:\/\/nordicmart.andreevmaster.com\/fi\/wp-json\/wp\/v2\/product\/33094","targetHints":{"allow":["GET"]}}],"collection":[{"href":"https:\/\/nordicmart.andreevmaster.com\/fi\/wp-json\/wp\/v2\/product"}],"about":[{"href":"https:\/\/nordicmart.andreevmaster.com\/fi\/wp-json\/wp\/v2\/types\/product"}],"replies":[{"embeddable":true,"href":"https:\/\/nordicmart.andreevmaster.com\/fi\/wp-json\/wp\/v2\/comments?post=33094"}],"wp:featuredmedia":[{"embeddable":true,"href":"https:\/\/nordicmart.andreevmaster.com\/fi\/wp-json\/wp\/v2\/media\/42036"}],"wp:attachment":[{"href":"https:\/\/nordicmart.andreevmaster.com\/fi\/wp-json\/wp\/v2\/media?parent=33094"}],"wp:term":[{"taxonomy":"product_brand","embeddable":true,"href":"https:\/\/nordicmart.andreevmaster.com\/fi\/wp-json\/wp\/v2\/product_brand?post=33094"},{"taxonomy":"product_cat","embeddable":true,"href":"https:\/\/nordicmart.andreevmaster.com\/fi\/wp-json\/wp\/v2\/product_cat?post=33094"},{"taxonomy":"product_tag","embeddable":true,"href":"https:\/\/nordicmart.andreevmaster.com\/fi\/wp-json\/wp\/v2\/product_tag?post=33094"}],"curies":[{"name":"wp","href":"https:\/\/api.w.org\/{rel}","templated":true}]}}