{"id":33093,"date":"2026-02-27T00:19:57","date_gmt":"2026-02-27T00:19:57","guid":{"rendered":"https:\/\/nordicmart.andreevmaster.com\/product\/vasagle-konsolipoyta-rustiikkinen-pahkinapuunruskea\/"},"modified":"2026-02-27T09:41:04","modified_gmt":"2026-02-27T09:41:04","slug":"vasagle-konsolipoyta-rustiikkinen-pahkinapuunruskea","status":"publish","type":"product","link":"https:\/\/nordicmart.andreevmaster.com\/fi\/tuote\/vasagle-konsolipoyta-rustiikkinen-pahkinapuunruskea\/","title":{"rendered":"VASAGLE konsolip\u00f6yt\u00e4, rustiikkinen p\u00e4hkin\u00e4puunruskea"},"content":{"rendered":"<p>Anna kodillesi uusi ilme Koti, josta puuttuvat silmiinpist\u00e4v\u00e4t huonekalut tai koriste-esineet, n\u00e4ytt\u00e4\u00e4 tyls\u00e4lt\u00e4 ja surulliselta. Hanki t\u00e4m\u00e4 konsolip\u00f6yt\u00e4 ja t\u00e4yt\u00e4 kotisi el\u00e4m\u00e4ll\u00e4!  P\u00f6yt\u00e4 kaikkiin tilanteisiin Aseta t\u00e4m\u00e4 eteisp\u00f6yt\u00e4 eteiseesi ja aseta sen p\u00e4\u00e4lle valokuvia perheenj\u00e4senist\u00e4si. N\u00e4in luot l\u00e4mpim\u00e4n ilmapiirin ja vieraasi tuntevat olonsa tervetulleiksi joka kerta, kun astuvat kotiisi. Tai aseta t\u00e4m\u00e4 p\u00f6yt\u00e4 makuuhuoneesi ikkunan alle ja aseta sen p\u00e4\u00e4lle muutama kasvi, kuten orkideat \u2013 oma pieni kukkapuutarha! Tilava, mutta silti tilaa s\u00e4\u00e4st\u00e4v\u00e4 \u2013 t\u00e4m\u00e4 2-tasoinen p\u00f6yt\u00e4 sopii mihin tahansa, esimerkiksi eteiseen, makuuhuoneeseen tai olohuoneeseen, jopa toimistoon ty\u00f6p\u00f6yt\u00e4n\u00e4. Tuotetiedot: &#8211; V\u00e4ri: tumma p\u00e4hkin\u00e4puu &#8211; Materiaali: koivuvaneri, Schima Superba (jalat), MDF (keskitihe\u00e4 kuitulevy) &#8211; Mitat: 120 x 38 x 77 cm (P x L x K) &#8211; Paino: 15,1 kg &#8211; P\u00f6yt\u00e4levyn kantavuus: 40 kg &#8211; Hyllyn kantavuus: 30 kg Toimitus sis\u00e4lt\u00e4\u00e4: &#8211; 1 x konsolip\u00f6yt\u00e4 &#8211; 1 x lis\u00e4varustepussi &#8211; 1 x ohjeet (DE, EN, FR, ES, IT)<\/p>\n","protected":false},"excerpt":{"rendered":"<p>VASAGLE konsolip\u00f6yt\u00e4, iso eteisp\u00f6yt\u00e4, massiivipuujalat, sivup\u00f6yt\u00e4 hyllyll\u00e4, vintage, sohvap\u00f6yt\u00e4, eteiseen, olohuoneeseen, tumma p\u00e4hkin\u00e4puun v\u00e4ri LCT06CB<\/p>\n","protected":false},"featured_media":42035,"comment_status":"open","ping_status":"closed","template":"","meta":[],"product_brand":[],"product_cat":[32],"product_tag":[],"class_list":{"0":"post-33093","1":"product","2":"type-product","3":"status-publish","4":"has-post-thumbnail","6":"product_cat-uncategorized-fi","8":"first","9":"instock","10":"shipping-taxable","11":"purchasable","12":"product-type-simple"},"_links":{"self":[{"href":"https:\/\/nordicmart.andreevmaster.com\/fi\/wp-json\/wp\/v2\/product\/33093","targetHints":{"allow":["GET"]}}],"collection":[{"href":"https:\/\/nordicmart.andreevmaster.com\/fi\/wp-json\/wp\/v2\/product"}],"about":[{"href":"https:\/\/nordicmart.andreevmaster.com\/fi\/wp-json\/wp\/v2\/types\/product"}],"replies":[{"embeddable":true,"href":"https:\/\/nordicmart.andreevmaster.com\/fi\/wp-json\/wp\/v2\/comments?post=33093"}],"wp:featuredmedia":[{"embeddable":true,"href":"https:\/\/nordicmart.andreevmaster.com\/fi\/wp-json\/wp\/v2\/media\/42035"}],"wp:attachment":[{"href":"https:\/\/nordicmart.andreevmaster.com\/fi\/wp-json\/wp\/v2\/media?parent=33093"}],"wp:term":[{"taxonomy":"product_brand","embeddable":true,"href":"https:\/\/nordicmart.andreevmaster.com\/fi\/wp-json\/wp\/v2\/product_brand?post=33093"},{"taxonomy":"product_cat","embeddable":true,"href":"https:\/\/nordicmart.andreevmaster.com\/fi\/wp-json\/wp\/v2\/product_cat?post=33093"},{"taxonomy":"product_tag","embeddable":true,"href":"https:\/\/nordicmart.andreevmaster.com\/fi\/wp-json\/wp\/v2\/product_tag?post=33093"}],"curies":[{"name":"wp","href":"https:\/\/api.w.org\/{rel}","templated":true}]}}