{"id":33092,"date":"2026-02-27T00:19:56","date_gmt":"2026-02-27T00:19:56","guid":{"rendered":"https:\/\/nordicmart.andreevmaster.com\/product\/vasagle-nelionmuotoinen-sohvapoyta\/"},"modified":"2026-02-27T09:41:04","modified_gmt":"2026-02-27T09:41:04","slug":"vasagle-nelionmuotoinen-sohvapoyta","status":"publish","type":"product","link":"https:\/\/nordicmart.andreevmaster.com\/fi\/tuote\/vasagle-nelionmuotoinen-sohvapoyta\/","title":{"rendered":"VASAGLE Neli\u00f6nmuotoinen sohvap\u00f6yt\u00e4"},"content":{"rendered":"<p>Tuotetiedot: &#8211; V\u00e4ri: vintage-ruskea-musta &#8211; Materiaali: lastulevy, ter\u00e4s &#8211; Koko: 80 x 80 x 45 cm (P x L x K) &#8211; Paino: 11,6 kg &#8211; Pinnan maks. staattinen kantavuus: 40 kg &#8211; Hyllylevyn maks. staattinen kantavuus: 5 kg Toimitus sis\u00e4lt\u00e4\u00e4:- 1 x sohvap\u00f6yt\u00e4 &#8211; 1 x lis\u00e4varustepaketti &#8211; 1 x ohjeet (DE, EN, ES, FR, IT) VASAGLE Huomautukset: &#8211; Turvallisuussyist\u00e4 lapset eiv\u00e4t saa kiivet\u00e4 tuotteelle tai leikki\u00e4 sill\u00e4. &#8211; Tuotteen suurin staattinen kantavuus on 45 kg. \u00c4l\u00e4 aseta p\u00f6yd\u00e4lle painavampia esineit\u00e4.<\/p>\n","protected":false},"excerpt":{"rendered":"<p>VASAGLE sohvap\u00f6yt\u00e4, kahvip\u00f6yt\u00e4, ter\u00e4st\u00e4, ritil\u00e4hyllyll\u00e4, neli\u00f6nmuotoinen, teollinen muotoilu, olohuoneeseen, vintage-ruskea-musta LCT065B01<\/p>\n","protected":false},"featured_media":42034,"comment_status":"open","ping_status":"closed","template":"","meta":[],"product_brand":[],"product_cat":[32],"product_tag":[],"class_list":{"0":"post-33092","1":"product","2":"type-product","3":"status-publish","4":"has-post-thumbnail","6":"product_cat-uncategorized-fi","8":"first","9":"instock","10":"shipping-taxable","11":"purchasable","12":"product-type-simple"},"_links":{"self":[{"href":"https:\/\/nordicmart.andreevmaster.com\/fi\/wp-json\/wp\/v2\/product\/33092","targetHints":{"allow":["GET"]}}],"collection":[{"href":"https:\/\/nordicmart.andreevmaster.com\/fi\/wp-json\/wp\/v2\/product"}],"about":[{"href":"https:\/\/nordicmart.andreevmaster.com\/fi\/wp-json\/wp\/v2\/types\/product"}],"replies":[{"embeddable":true,"href":"https:\/\/nordicmart.andreevmaster.com\/fi\/wp-json\/wp\/v2\/comments?post=33092"}],"wp:featuredmedia":[{"embeddable":true,"href":"https:\/\/nordicmart.andreevmaster.com\/fi\/wp-json\/wp\/v2\/media\/42034"}],"wp:attachment":[{"href":"https:\/\/nordicmart.andreevmaster.com\/fi\/wp-json\/wp\/v2\/media?parent=33092"}],"wp:term":[{"taxonomy":"product_brand","embeddable":true,"href":"https:\/\/nordicmart.andreevmaster.com\/fi\/wp-json\/wp\/v2\/product_brand?post=33092"},{"taxonomy":"product_cat","embeddable":true,"href":"https:\/\/nordicmart.andreevmaster.com\/fi\/wp-json\/wp\/v2\/product_cat?post=33092"},{"taxonomy":"product_tag","embeddable":true,"href":"https:\/\/nordicmart.andreevmaster.com\/fi\/wp-json\/wp\/v2\/product_tag?post=33092"}],"curies":[{"name":"wp","href":"https:\/\/api.w.org\/{rel}","templated":true}]}}