{"id":33088,"date":"2026-02-27T00:19:55","date_gmt":"2026-02-27T00:19:55","guid":{"rendered":"https:\/\/nordicmart.andreevmaster.com\/product\/vasagle-2-kpln-sohvapoytasetti-terasjalustalla-vintage-ruskea\/"},"modified":"2026-02-27T09:41:04","modified_gmt":"2026-02-27T09:41:04","slug":"vasagle-2-kpln-sohvapoytasetti-terasjalustalla-vintage-ruskea","status":"publish","type":"product","link":"https:\/\/nordicmart.andreevmaster.com\/fi\/tuote\/vasagle-2-kpln-sohvapoytasetti-terasjalustalla-vintage-ruskea\/","title":{"rendered":"VASAGLE 2 kpl:n sohvap\u00f6yt\u00e4setti ter\u00e4sjalustalla, vintage-ruskea"},"content":{"rendered":"<p>VASAGLE py\u00f6re\u00e4 sohvap\u00f6yt\u00e4, 2 kpl, moderni, py\u00f6re\u00e4 sivup\u00f6yt\u00e4, ter\u00e4srunko, olohuoneeseen, makuuhuoneeseen, eebenpuunmusta LCT045B56<br \/>\nV\u00e4ri: vintage-ruskea<br \/>\nMateriaali: MDF (keskitihe\u00e4 kuitulevy), ter\u00e4s<br \/>\nSuuren p\u00f6yd\u00e4n koko: 60 cm (halkaisija), 45 cm (korkeus)<br \/>\nPienen p\u00f6yd\u00e4n koko: 41,5 cm (halkaisija), 37 cm (korkeus)<br \/>\nPaino: 9,1 kg<br \/>\nKunkin p\u00f6yd\u00e4n maks. staattinen kantavuus: 25 kg<\/p>\n","protected":false},"excerpt":{"rendered":"<p>VASAGLE py\u00f6re\u00e4 sohvap\u00f6yt\u00e4, 2 kpl, moderni, py\u00f6re\u00e4 sivup\u00f6yt\u00e4, ter\u00e4srunko, olohuoneeseen, makuuhuoneeseen, eebenpuunmusta LCT045B56<\/p>\n","protected":false},"featured_media":42030,"comment_status":"open","ping_status":"closed","template":"","meta":[],"product_brand":[],"product_cat":[32],"product_tag":[],"class_list":{"0":"post-33088","1":"product","2":"type-product","3":"status-publish","4":"has-post-thumbnail","6":"product_cat-uncategorized-fi","8":"first","9":"instock","10":"shipping-taxable","11":"purchasable","12":"product-type-simple"},"_links":{"self":[{"href":"https:\/\/nordicmart.andreevmaster.com\/fi\/wp-json\/wp\/v2\/product\/33088","targetHints":{"allow":["GET"]}}],"collection":[{"href":"https:\/\/nordicmart.andreevmaster.com\/fi\/wp-json\/wp\/v2\/product"}],"about":[{"href":"https:\/\/nordicmart.andreevmaster.com\/fi\/wp-json\/wp\/v2\/types\/product"}],"replies":[{"embeddable":true,"href":"https:\/\/nordicmart.andreevmaster.com\/fi\/wp-json\/wp\/v2\/comments?post=33088"}],"wp:featuredmedia":[{"embeddable":true,"href":"https:\/\/nordicmart.andreevmaster.com\/fi\/wp-json\/wp\/v2\/media\/42030"}],"wp:attachment":[{"href":"https:\/\/nordicmart.andreevmaster.com\/fi\/wp-json\/wp\/v2\/media?parent=33088"}],"wp:term":[{"taxonomy":"product_brand","embeddable":true,"href":"https:\/\/nordicmart.andreevmaster.com\/fi\/wp-json\/wp\/v2\/product_brand?post=33088"},{"taxonomy":"product_cat","embeddable":true,"href":"https:\/\/nordicmart.andreevmaster.com\/fi\/wp-json\/wp\/v2\/product_cat?post=33088"},{"taxonomy":"product_tag","embeddable":true,"href":"https:\/\/nordicmart.andreevmaster.com\/fi\/wp-json\/wp\/v2\/product_tag?post=33088"}],"curies":[{"name":"wp","href":"https:\/\/api.w.org\/{rel}","templated":true}]}}