{"id":33083,"date":"2026-02-27T00:19:54","date_gmt":"2026-02-27T00:19:54","guid":{"rendered":"https:\/\/nordicmart.andreevmaster.com\/product\/vasagle-pyorea-sohvapoyta-2-kpl-moderni-marmorivalkoinen-mustanmusta\/"},"modified":"2026-02-27T09:41:03","modified_gmt":"2026-02-27T09:41:03","slug":"vasagle-pyorea-sohvapoyta-2-kpl-moderni-marmorivalkoinen-mustanmusta","status":"publish","type":"product","link":"https:\/\/nordicmart.andreevmaster.com\/fi\/tuote\/vasagle-pyorea-sohvapoyta-2-kpl-moderni-marmorivalkoinen-mustanmusta\/","title":{"rendered":"VASAGLE py\u00f6re\u00e4 sohvap\u00f6yt\u00e4, 2 kpl, moderni marmorivalkoinen-mustanmusta"},"content":{"rendered":"<p>VASAGLE sohvap\u00f6yt\u00e4, sivup\u00f6yt\u00e4, olohuoneen p\u00f6yt\u00e4, sohvap\u00f6yt\u00e4, ter\u00e4srunko, olohuoneeseen, makuuhuoneeseen, ty\u00f6huoneeseen, teollinen muotoilu, vintage-ruskea-musta LCT040B01<br \/>\nV\u00e4ri: marmorivalkoinen-mustamusta<br \/>\nMateriaali: lastulevy, ter\u00e4s<br \/>\nSuuren p\u00f6yd\u00e4n koko: 60 cm (halkaisija), 45 cm (korkeus)<br \/>\nPienen p\u00f6yd\u00e4n koko: 50 cm (halkaisija), 40 cm (korkeus)<br \/>\nKokonaispaino: 9,8 kg<br \/>\nP\u00f6yd\u00e4n suurin staattinen kantavuus: 30 kg<\/p>\n","protected":false},"excerpt":{"rendered":"<p>VASAGLE sohvap\u00f6yt\u00e4, sivup\u00f6yt\u00e4, olohuoneen p\u00f6yt\u00e4, sohvap\u00f6yt\u00e4, ter\u00e4srunko, olohuoneeseen, makuuhuoneeseen, ty\u00f6huoneeseen, teollinen muotoilu, vintage-ruskea-musta LCT040B01<\/p>\n","protected":false},"featured_media":42025,"comment_status":"open","ping_status":"closed","template":"","meta":[],"product_brand":[],"product_cat":[32],"product_tag":[],"class_list":{"0":"post-33083","1":"product","2":"type-product","3":"status-publish","4":"has-post-thumbnail","6":"product_cat-uncategorized-fi","8":"first","9":"instock","10":"shipping-taxable","11":"purchasable","12":"product-type-simple"},"_links":{"self":[{"href":"https:\/\/nordicmart.andreevmaster.com\/fi\/wp-json\/wp\/v2\/product\/33083","targetHints":{"allow":["GET"]}}],"collection":[{"href":"https:\/\/nordicmart.andreevmaster.com\/fi\/wp-json\/wp\/v2\/product"}],"about":[{"href":"https:\/\/nordicmart.andreevmaster.com\/fi\/wp-json\/wp\/v2\/types\/product"}],"replies":[{"embeddable":true,"href":"https:\/\/nordicmart.andreevmaster.com\/fi\/wp-json\/wp\/v2\/comments?post=33083"}],"wp:featuredmedia":[{"embeddable":true,"href":"https:\/\/nordicmart.andreevmaster.com\/fi\/wp-json\/wp\/v2\/media\/42025"}],"wp:attachment":[{"href":"https:\/\/nordicmart.andreevmaster.com\/fi\/wp-json\/wp\/v2\/media?parent=33083"}],"wp:term":[{"taxonomy":"product_brand","embeddable":true,"href":"https:\/\/nordicmart.andreevmaster.com\/fi\/wp-json\/wp\/v2\/product_brand?post=33083"},{"taxonomy":"product_cat","embeddable":true,"href":"https:\/\/nordicmart.andreevmaster.com\/fi\/wp-json\/wp\/v2\/product_cat?post=33083"},{"taxonomy":"product_tag","embeddable":true,"href":"https:\/\/nordicmart.andreevmaster.com\/fi\/wp-json\/wp\/v2\/product_tag?post=33083"}],"curies":[{"name":"wp","href":"https:\/\/api.w.org\/{rel}","templated":true}]}}